{"id":11739,"date":"2025-04-12T15:32:32","date_gmt":"2025-04-12T13:32:32","guid":{"rendered":"https:\/\/www.livresentre2actions.fr\/?post_type=product&#038;p=11739"},"modified":"2025-04-12T15:32:33","modified_gmt":"2025-04-12T13:32:33","slug":"thesaurus-doctrinae-christianae-nicolas-turlot-matthia-keul","status":"publish","type":"product","link":"https:\/\/www.livresentre2actions.fr\/fr_fr\/produit\/thesaurus-doctrinae-christianae-nicolas-turlot-matthia-keul\/","title":{"rendered":"Thesaurus doctrinae christianae &#8211; Nicolas Turlot \/ Matthia Keul"},"content":{"rendered":"<p>chez Heredis Nicolai Pezzana &#8211;<\/p>\n<p>Plein veau \u00e0 motif, dos \u00e0 cinq nerfs, orn\u00e9 d\u2019une pi\u00e8ce de titre en maroquin lie de vin et de caissons \u00e0 motifs floraux, tranches rouge, 256 x 190, Venetiis, 1772. Vignette au titre, bel ent\u00eate au texte. Adresse, approbation et Index capitum et lectionum, 6p. Puis le texte, 582p. Avec les Index rerum et concionatorius. Rousseurs g\u00e9n\u00e9rales parfois uniformes et l\u00e9g\u00e8res, parfois abondantes et marqu\u00e9es. Travail de vers aux gardes, marginalement au titre, et en derni\u00e8re page. Travail de vers \u00e9galement aux contreplat sup\u00e9rieur (fortement) et inf\u00e9rieur. Plats l\u00e9g\u00e8rement frott\u00e9s avec travail de vers en plats sup\u00e9rieur (en pied et en t\u00eate pr\u00e8s du mors)\u00a0; mors int\u00e8gres\u00a0; coins et champs frott\u00e9s, un coins de t\u00eate avec un petit manque. Dos frott\u00e9 avec \u00e9pidermures mais en bel \u00e9tat. Plat sup\u00e9rieur avec une torsion convexe.<\/p>\n<p>\u00c9galement en stock de Nicolas Turlot : Le vray tr\u00e9sor de la doctrine chr\u00e9tienne<\/p>\n","protected":false},"excerpt":{"rendered":"<p>chez Heredis Nicolai Pezzana &#8211; Plein veau \u00e0 motif, dos \u00e0 cinq nerfs, orn\u00e9 d\u2019une pi\u00e8ce de titre en maroquin lie de vin et de caissons \u00e0 motifs floraux, tranches rouge, 256 x 190, Venetiis, 1772. Vignette au titre, bel ent\u00eate au texte. Adresse, approbation et Index capitum et lectionum, 6p. Puis le texte, 582p. &#8230; <a title=\"Thesaurus doctrinae christianae &#8211; Nicolas Turlot \/ Matthia Keul\" class=\"read-more\" href=\"https:\/\/www.livresentre2actions.fr\/fr_fr\/produit\/thesaurus-doctrinae-christianae-nicolas-turlot-matthia-keul\/\" aria-label=\"En savoir plus sur Thesaurus doctrinae christianae &#8211; Nicolas Turlot \/ Matthia Keul\">Lire plus<\/a><\/p>\n","protected":false},"featured_media":11740,"template":"","meta":{"_eb_attr":""},"product_brand":[],"product_cat":[36,68],"product_tag":[],"class_list":{"0":"post-11739","1":"product","2":"type-product","3":"status-publish","4":"has-post-thumbnail","6":"product_cat-entre-le-xviiieme-et-le-xixeme-siecle","7":"product_cat-religion-spiritualite","8":"sales-flash-overlay","9":"woocommerce-text-align-center","10":"woocommerce-image-align-center","11":"wc-has-gallery","13":"first","14":"instock","15":"taxable","16":"shipping-taxable","17":"purchasable","18":"product-type-simple"},"aioseo_notices":[],"_links":{"self":[{"href":"https:\/\/www.livresentre2actions.fr\/fr_fr\/wp-json\/wp\/v2\/product\/11739","targetHints":{"allow":["GET"]}}],"collection":[{"href":"https:\/\/www.livresentre2actions.fr\/fr_fr\/wp-json\/wp\/v2\/product"}],"about":[{"href":"https:\/\/www.livresentre2actions.fr\/fr_fr\/wp-json\/wp\/v2\/types\/product"}],"wp:featuredmedia":[{"embeddable":true,"href":"https:\/\/www.livresentre2actions.fr\/fr_fr\/wp-json\/wp\/v2\/media\/11740"}],"wp:attachment":[{"href":"https:\/\/www.livresentre2actions.fr\/fr_fr\/wp-json\/wp\/v2\/media?parent=11739"}],"wp:term":[{"taxonomy":"product_brand","embeddable":true,"href":"https:\/\/www.livresentre2actions.fr\/fr_fr\/wp-json\/wp\/v2\/product_brand?post=11739"},{"taxonomy":"product_cat","embeddable":true,"href":"https:\/\/www.livresentre2actions.fr\/fr_fr\/wp-json\/wp\/v2\/product_cat?post=11739"},{"taxonomy":"product_tag","embeddable":true,"href":"https:\/\/www.livresentre2actions.fr\/fr_fr\/wp-json\/wp\/v2\/product_tag?post=11739"}],"curies":[{"name":"wp","href":"https:\/\/api.w.org\/{rel}","templated":true}]}}