{"id":11682,"date":"2025-04-12T15:08:11","date_gmt":"2025-04-12T13:08:11","guid":{"rendered":"https:\/\/www.livresentre2actions.fr\/?post_type=product&#038;p=11682"},"modified":"2025-08-28T18:45:09","modified_gmt":"2025-08-28T16:45:09","slug":"institutionum-medicinae-libri-v","status":"publish","type":"product","link":"https:\/\/www.livresentre2actions.fr\/fr_fr\/produit\/institutionum-medicinae-libri-v\/","title":{"rendered":"Institutionum medicinae. Libri V"},"content":{"rendered":"<p>Danielis Senneri &#8211; Matthaei Henckelii<\/p>\n<p>Fort volume petit in-4 veau brun, encadrement de double filet dor\u00e9 sur les plats, dos \u00e0 nerfs, pi\u00e8ce de titre papier, tranches jasp\u00e9es. (Reliure de l&rsquo;\u00e9poque). 211 x 160. 1667.<\/p>\n<p>\u00c9dition posthume des 5 livres de m\u00e9decine de Daniel Sennert (1572-1637), m\u00e9decin allemand \u00e0 qui on attribue la premi\u00e8re description clinique de la rub\u00e9ole en 1619.<\/p>\n<p>Un portrait en frontispice de D. Sennert par Samuel Weishun, un titre illustr\u00e9 pleine page avec 3 sc\u00e8nes all\u00e9goriques bien anim\u00e9es surplomb\u00e9es de l\u2019inscription h\u00e9bra\u00efque de Dieu. Dues \u00e9galement \u00e0 S. Weishun pour la cartouche de pied et \u00e0 Mattheus Merian pour la cartouche avec le titre ( signature en bas droite de la seconde sc\u00e8ne)\u00a0; une vignette \u00e0 la colonne de l\u2019imprimeur au second titre, que l\u2019on retrouve \u00e0 la fin du texte (avec sa devise\u00a0: deco duce comite labore). Le premier titre pr\u00e9sente l\u2019un de ses personnages biff\u00e9 au niveau de ses parties intimes. 12 lettrines, 8 culs-de-lampe. Et une planche d\u00e9pliante en Livre V, Pars III \u00ab\u00a0Fabula figuram plerorumque instrumentorum chymicorum exhibens\u2026\u00a0\u00bb avec un 50 appareils de chimie, cornues,<br \/>\nfours, alambics, etc. (planche avec pliures en bordure et une d\u00e9chirure sans manque).<\/p>\n<p>Un bel ex-libris manuscrit en premi\u00e8re page blanche et 1 au premier titre\u00a0: \u00ab\u00a0Joannes Carolus Peri\u00e9 medicus 1732\u00a0\u00bb, Comprend\u00a0: 8 feuillets blanc. Adresse \u00e0 Joh Georgio duci saxoniae\u00a0[Jean-Georges Ier de Saxe ], 6p. Adresse au lecteur, 6p. Altera \/ tetier \/ quarta praefacio, 10p. Suivi de l\u2019index des 5 livres, 13p. Index des Quaestionum controversarum, 10p. ; et un hommage \u00e0 P. Laurembergius en vis-\u00e0-vis de la premi\u00e8re page du texte. Puis les cinq livres, 1523p. Suivi de l\u2019Index rerum et verborum, 50p. Et 1 feuillet blanc. Int\u00e9rieur avec rousseurs, d\u2019intensit\u00e9 variable, mais globalement uniform\u00e9ment brunis, petit manque de papier en marge lat\u00e9rale des derniers feuillets, pas de manque dans le texte.<\/p>\n<p>Plats frott\u00e9s avec \u00e9pidermures, griffes, d\u00e9chirures et manques aux coins. Coins \u00e9mouss\u00e9s, champs frott\u00e9s avec manques. Mors frott\u00e9s, bouts des nerfs avec manque. Dos frott\u00e9 avec \u00e9pidermures, coiffe et queue aras\u00e9e, pi\u00e8ce de titre en grande partie manquante. M\u00e9decin allemand connu notamment donc pour la premi\u00e8re description clinique de la rub\u00e9ole, Daniel Sennert a \u0153uvr\u00e9 \u00e9galement \u00e0 chercher des m\u00e9dicaments presque universels \u00e0 base de m\u00e9taux nobles, et notamment s\u2019int\u00e9ressa \u00e0 la Gallina philophica [which consisted of]&#8230; \u00ab\u00a0feeding a hen silver or gold during propitious astrological conjunctions. Sennert\u2019s support of this experiment was rooted in his obsession with experience and can be partially explained by looking to an extensive tradition of natural philosophy and natural history. Sennert explained such nearlyuniversal medicines according to the rational principles of academic medicine, arguing that they strengthened the body\u2019s innate heat or acted as universal purgatives\u00a0\u00bb. (in Daniel Sennert, The Philosophical Hen, and The Epistolary Quest for a (Nearly-)Universal Medicine, &#8211; Joel A. Klein. )<\/p>\n","protected":false},"excerpt":{"rendered":"<p>Danielis Senneri &#8211; Matthaei Henckelii Fort volume petit in-4 veau brun, encadrement de double filet dor\u00e9 sur les plats, dos \u00e0 nerfs, pi\u00e8ce de titre papier, tranches jasp\u00e9es. (Reliure de l&rsquo;\u00e9poque). 211 x 160. 1667. \u00c9dition posthume des 5 livres de m\u00e9decine de Daniel Sennert (1572-1637), m\u00e9decin allemand \u00e0 qui on attribue la premi\u00e8re description &#8230; <a title=\"Institutionum medicinae. Libri V\" class=\"read-more\" href=\"https:\/\/www.livresentre2actions.fr\/fr_fr\/produit\/institutionum-medicinae-libri-v\/\" aria-label=\"En savoir plus sur Institutionum medicinae. Libri V\">Lire plus<\/a><\/p>\n","protected":false},"featured_media":11683,"template":"","meta":{"_eb_attr":""},"product_brand":[],"product_cat":[35,70],"product_tag":[86,94],"class_list":{"0":"post-11682","1":"product","2":"type-product","3":"status-publish","4":"has-post-thumbnail","6":"product_cat-jusquau-xviiemesiecle","7":"product_cat-medecine-et-nature","8":"product_tag-illustre","9":"product_tag-provenance","10":"sales-flash-overlay","11":"woocommerce-text-align-center","12":"woocommerce-image-align-center","13":"wc-has-gallery","15":"first","16":"instock","17":"taxable","18":"shipping-taxable","19":"purchasable","20":"product-type-simple"},"aioseo_notices":[],"_links":{"self":[{"href":"https:\/\/www.livresentre2actions.fr\/fr_fr\/wp-json\/wp\/v2\/product\/11682","targetHints":{"allow":["GET"]}}],"collection":[{"href":"https:\/\/www.livresentre2actions.fr\/fr_fr\/wp-json\/wp\/v2\/product"}],"about":[{"href":"https:\/\/www.livresentre2actions.fr\/fr_fr\/wp-json\/wp\/v2\/types\/product"}],"wp:featuredmedia":[{"embeddable":true,"href":"https:\/\/www.livresentre2actions.fr\/fr_fr\/wp-json\/wp\/v2\/media\/11683"}],"wp:attachment":[{"href":"https:\/\/www.livresentre2actions.fr\/fr_fr\/wp-json\/wp\/v2\/media?parent=11682"}],"wp:term":[{"taxonomy":"product_brand","embeddable":true,"href":"https:\/\/www.livresentre2actions.fr\/fr_fr\/wp-json\/wp\/v2\/product_brand?post=11682"},{"taxonomy":"product_cat","embeddable":true,"href":"https:\/\/www.livresentre2actions.fr\/fr_fr\/wp-json\/wp\/v2\/product_cat?post=11682"},{"taxonomy":"product_tag","embeddable":true,"href":"https:\/\/www.livresentre2actions.fr\/fr_fr\/wp-json\/wp\/v2\/product_tag?post=11682"}],"curies":[{"name":"wp","href":"https:\/\/api.w.org\/{rel}","templated":true}]}}