{"id":11644,"date":"2025-03-31T15:31:45","date_gmt":"2025-03-31T13:31:45","guid":{"rendered":"https:\/\/www.livresentre2actions.fr\/?post_type=product&#038;p=11644"},"modified":"2025-03-31T15:31:45","modified_gmt":"2025-03-31T13:31:45","slug":"nova-aegyptiaca-massimo-patane","status":"publish","type":"product","link":"https:\/\/www.livresentre2actions.fr\/fr_fr\/produit\/nova-aegyptiaca-massimo-patane\/","title":{"rendered":"Nova Aegyptiaca &#8211; Massimo Patan\u00e8"},"content":{"rendered":"<p>Tellus Nostra &#8211; Broch\u00e9, 208 x 146, 49p. Avec table. Gen\u00e8ve, 2002. 19 illustrations noir et blanc. Except\u00e9 une page corn\u00e9e en t\u00eate et une petite tache en couverture, tr\u00e8s bel exemplaire, propre, int\u00e8gre, bien ferme.<\/p>\n","protected":false},"excerpt":{"rendered":"<p>Tellus Nostra &#8211; Broch\u00e9, 208 x 146, 49p. Avec table. Gen\u00e8ve, 2002. 19 illustrations noir et blanc. Except\u00e9 une page corn\u00e9e en t\u00eate et une petite tache en couverture, tr\u00e8s bel exemplaire, propre, int\u00e8gre, bien ferme.<\/p>\n","protected":false},"featured_media":11645,"template":"","meta":{"_eb_attr":""},"product_brand":[],"product_cat":[37,73],"product_tag":[],"class_list":{"0":"post-11644","1":"product","2":"type-product","3":"status-publish","4":"has-post-thumbnail","6":"product_cat-a-partir-du-xxeme-siecle","7":"product_cat-histoires-et-recits-de-voyage","8":"sales-flash-overlay","9":"woocommerce-text-align-center","10":"woocommerce-image-align-center","11":"wc-has-gallery","13":"first","14":"instock","15":"taxable","16":"shipping-taxable","17":"purchasable","18":"product-type-simple"},"aioseo_notices":[],"_links":{"self":[{"href":"https:\/\/www.livresentre2actions.fr\/fr_fr\/wp-json\/wp\/v2\/product\/11644","targetHints":{"allow":["GET"]}}],"collection":[{"href":"https:\/\/www.livresentre2actions.fr\/fr_fr\/wp-json\/wp\/v2\/product"}],"about":[{"href":"https:\/\/www.livresentre2actions.fr\/fr_fr\/wp-json\/wp\/v2\/types\/product"}],"wp:featuredmedia":[{"embeddable":true,"href":"https:\/\/www.livresentre2actions.fr\/fr_fr\/wp-json\/wp\/v2\/media\/11645"}],"wp:attachment":[{"href":"https:\/\/www.livresentre2actions.fr\/fr_fr\/wp-json\/wp\/v2\/media?parent=11644"}],"wp:term":[{"taxonomy":"product_brand","embeddable":true,"href":"https:\/\/www.livresentre2actions.fr\/fr_fr\/wp-json\/wp\/v2\/product_brand?post=11644"},{"taxonomy":"product_cat","embeddable":true,"href":"https:\/\/www.livresentre2actions.fr\/fr_fr\/wp-json\/wp\/v2\/product_cat?post=11644"},{"taxonomy":"product_tag","embeddable":true,"href":"https:\/\/www.livresentre2actions.fr\/fr_fr\/wp-json\/wp\/v2\/product_tag?post=11644"}],"curies":[{"name":"wp","href":"https:\/\/api.w.org\/{rel}","templated":true}]}}