{"id":11620,"date":"2025-03-31T15:21:17","date_gmt":"2025-03-31T13:21:17","guid":{"rendered":"https:\/\/www.livresentre2actions.fr\/?post_type=product&#038;p=11620"},"modified":"2025-08-25T14:22:38","modified_gmt":"2025-08-25T12:22:38","slug":"les-fetes-du-dieu-min-henri-gauthier","status":"publish","type":"product","link":"https:\/\/www.livresentre2actions.fr\/fr_fr\/produit\/les-fetes-du-dieu-min-henri-gauthier\/","title":{"rendered":"Les f\u00eates du Dieu Min  &#8211; Henri Gauthier"},"content":{"rendered":"<p>Imprimerie de l\u2019Institut fran\u00e7ais d\u2019arch\u00e9ologie orientale<\/p>\n<p>Demi-toile \u00e0 dos long orn\u00e9 d\u2019une pi\u00e8ce de titre olive, 243 x 162, 315p. Avec index. Suivi de 14 planches pleine page. 1931. Premi\u00e8re \u00e9dition. Collection \u00ab\u00a0Recherche d\u2019arch\u00e9ologie, de philologie et d\u2019histoire, tome deuxi\u00e8me\u00a0\u00bb. Tr\u00e8s bel exemplaire, propre, int\u00e8gre, bien ferme.<\/p>\n","protected":false},"excerpt":{"rendered":"<p>Imprimerie de l\u2019Institut fran\u00e7ais d\u2019arch\u00e9ologie orientale Demi-toile \u00e0 dos long orn\u00e9 d\u2019une pi\u00e8ce de titre olive, 243 x 162, 315p. Avec index. Suivi de 14 planches pleine page. 1931. Premi\u00e8re \u00e9dition. Collection \u00ab\u00a0Recherche d\u2019arch\u00e9ologie, de philologie et d\u2019histoire, tome deuxi\u00e8me\u00a0\u00bb. Tr\u00e8s bel exemplaire, propre, int\u00e8gre, bien ferme.<\/p>\n","protected":false},"featured_media":11621,"template":"","meta":{"_eb_attr":""},"product_brand":[],"product_cat":[37,71,73],"product_tag":[],"class_list":{"0":"post-11620","1":"product","2":"type-product","3":"status-publish","4":"has-post-thumbnail","6":"product_cat-a-partir-du-xxeme-siecle","7":"product_cat-illustres-modernes-editions-originales-signees-numerotees","8":"product_cat-histoires-et-recits-de-voyage","9":"sales-flash-overlay","10":"woocommerce-text-align-center","11":"woocommerce-image-align-center","12":"wc-has-gallery","14":"first","15":"instock","16":"taxable","17":"shipping-taxable","18":"purchasable","19":"product-type-simple"},"aioseo_notices":[],"_links":{"self":[{"href":"https:\/\/www.livresentre2actions.fr\/fr_fr\/wp-json\/wp\/v2\/product\/11620","targetHints":{"allow":["GET"]}}],"collection":[{"href":"https:\/\/www.livresentre2actions.fr\/fr_fr\/wp-json\/wp\/v2\/product"}],"about":[{"href":"https:\/\/www.livresentre2actions.fr\/fr_fr\/wp-json\/wp\/v2\/types\/product"}],"wp:featuredmedia":[{"embeddable":true,"href":"https:\/\/www.livresentre2actions.fr\/fr_fr\/wp-json\/wp\/v2\/media\/11621"}],"wp:attachment":[{"href":"https:\/\/www.livresentre2actions.fr\/fr_fr\/wp-json\/wp\/v2\/media?parent=11620"}],"wp:term":[{"taxonomy":"product_brand","embeddable":true,"href":"https:\/\/www.livresentre2actions.fr\/fr_fr\/wp-json\/wp\/v2\/product_brand?post=11620"},{"taxonomy":"product_cat","embeddable":true,"href":"https:\/\/www.livresentre2actions.fr\/fr_fr\/wp-json\/wp\/v2\/product_cat?post=11620"},{"taxonomy":"product_tag","embeddable":true,"href":"https:\/\/www.livresentre2actions.fr\/fr_fr\/wp-json\/wp\/v2\/product_tag?post=11620"}],"curies":[{"name":"wp","href":"https:\/\/api.w.org\/{rel}","templated":true}]}}