{"id":11594,"date":"2025-03-26T16:19:51","date_gmt":"2025-03-26T15:19:51","guid":{"rendered":"https:\/\/www.livresentre2actions.fr\/?post_type=product&#038;p=11594"},"modified":"2026-03-07T19:31:18","modified_gmt":"2026-03-07T18:31:18","slug":"hippocratis-aphorismi-graecoltini-e-regione-hippocrate-et-c-celse","status":"publish","type":"product","link":"https:\/\/www.livresentre2actions.fr\/fr_fr\/produit\/hippocratis-aphorismi-graecoltini-e-regione-hippocrate-et-c-celse\/","title":{"rendered":"Hippocratis Aphorismi Graecoltini e Regione &#8211; Hippocrate et C. Celse"},"content":{"rendered":"<p>Hippocratis Aphorismi Graecoltini e<br \/>\nRegione. Ex optima versionecum indice nouo. In quo aphorismi per locos communes dispositi sunt, &amp; ad usum medendi accommodati. Adiecta sunt eiusdem Hippocratis prognostica, &amp; insigniores Cornelii Celsi sententiae. Reli\u00e9 \u00e0 la suite\u00a0: Hippocratis Praenotionum Libri tres graeco-latini cum indice locupletissimo<\/p>\n<p>apud Savinianun Pigoreau via Iacoboe\u00e2 sub signo librarij Deaurentis<\/p>\n<p>In-18\u00b0 (11&#215;6,50 cm), plein velin d\u2019\u00e9poque ivoire \u00e0 dos long muet, 2 textes reli\u00e9s \u00e0 la suite. Chez le m\u00eame \u00e9diteur en 1631. Titre grav\u00e9 pleine page pour le premier texte, avec un ex-libris en cachet en plein |sans doute d\u2019un coll\u00e8ge j\u00e9suite allemand Staatliches-gymnasium, comme l\u2019indique une notre manuscrite gliss\u00e9e dans le livre]. Comprend\u00a0: apr\u00e8s la garde blanche et le titre grav\u00e9\u00a0: Adresse du docteur parisien Patinus Bellouacus \u00e0 Renato Moreau, docteur et professeur de m\u00e9decine \u00e0 Paris, et Privil\u00e8ge\u00a0; avec ent\u00eate guirlande, lettrine, 8p. Suivi d\u2019un feuillet blanc et de la page de titre\u00a0: Hippocratis Aphorismi etc. Une citation de Patinus, puis faux-titre avec un bel ex-libris manuscrit non identifi\u00e9\u00a0(pr\u00e9sent \u00e9galement en contreplat sup\u00e9rieur); puis le texte, 3-294, dont Lex (184-192), Typographus lectoris (193-201, ent\u00eate guirlande et lettrine) et Synopsis (202 \u00e0 fin). Feuillet blanc et reli\u00e9 \u00e0 la suite\u00a0: feuillets dont 1 blanc, titre, 294 pages, [1] feuillet blanc &#8211; Reli\u00e9 \u00e0 la suite : Hippocratis Praenotionum<br \/>\nHippocratis Praenotionum Libri tres graeco-latini. Omprend une pr\u00e9face de Ioannis Butini (ent\u00eate guirland, lettrine), 7p.\u00a0; suivi de la table, 3p. Puis le texte, pp. 1-126. Suivi de\u00a0:Insigniores aliquat sentenciae selecta ex-libris Aurelij cornelij celsi medeci inter latinos eloquentissimi, 127-160. In fine\u00a0: index, 22p. (lettrine). Pour les deux oeuvres, texte sur 2 colonnes s\u00e9par\u00e9es par un filet\u00a0; pour le premier texte\u00a0: grec en ext\u00e9rieur de page\u00a0; pour le second, le latin en ext\u00e9rieur de page. Rousseurs diffuses, bon int\u00e9rieur. Cachet ex-libris au 1er titre avec transfert sur la page blanche de garde l\u00e9g\u00e8rement d\u00e9chir\u00e9e sans manque\u00a0; coutures un peu l\u00e2ches en pied, 1 cahier d\u00e9r\u00e9gl\u00e9\u00a0; titre grav\u00e9 d\u00e9tach\u00e9 en pied. Plats d\u2019\u00e9poque avec leur usure assez classique (taches, rides, creux et bosses), int\u00e8gres, except\u00e9 un manque en champ de plat inf\u00e9rieur.<\/p>\n","protected":false},"excerpt":{"rendered":"<p>Hippocratis Aphorismi Graecoltini e Regione. Ex optima versionecum indice nouo. In quo aphorismi per locos communes dispositi sunt, &amp; ad usum medendi accommodati. Adiecta sunt eiusdem Hippocratis prognostica, &amp; insigniores Cornelii Celsi sententiae. Reli\u00e9 \u00e0 la suite\u00a0: Hippocratis Praenotionum Libri tres graeco-latini cum indice locupletissimo apud Savinianun Pigoreau via Iacoboe\u00e2 sub signo librarij Deaurentis In-18\u00b0 &#8230; <a title=\"Hippocratis Aphorismi Graecoltini e Regione &#8211; Hippocrate et C. Celse\" class=\"read-more\" href=\"https:\/\/www.livresentre2actions.fr\/fr_fr\/produit\/hippocratis-aphorismi-graecoltini-e-regione-hippocrate-et-c-celse\/\" aria-label=\"En savoir plus sur Hippocratis Aphorismi Graecoltini e Regione &#8211; Hippocrate et C. Celse\">Lire plus<\/a><\/p>\n","protected":false},"featured_media":0,"template":"","meta":{"_eb_attr":""},"product_brand":[],"product_cat":[35,70],"product_tag":[],"class_list":{"0":"post-11594","1":"product","2":"type-product","3":"status-publish","5":"product_cat-jusquau-xviiemesiecle","6":"product_cat-medecine-et-nature","7":"sales-flash-overlay","8":"woocommerce-text-align-center","9":"woocommerce-image-align-center","11":"first","12":"outofstock","13":"taxable","14":"shipping-taxable","15":"purchasable","16":"product-type-simple"},"aioseo_notices":[],"_links":{"self":[{"href":"https:\/\/www.livresentre2actions.fr\/fr_fr\/wp-json\/wp\/v2\/product\/11594","targetHints":{"allow":["GET"]}}],"collection":[{"href":"https:\/\/www.livresentre2actions.fr\/fr_fr\/wp-json\/wp\/v2\/product"}],"about":[{"href":"https:\/\/www.livresentre2actions.fr\/fr_fr\/wp-json\/wp\/v2\/types\/product"}],"wp:attachment":[{"href":"https:\/\/www.livresentre2actions.fr\/fr_fr\/wp-json\/wp\/v2\/media?parent=11594"}],"wp:term":[{"taxonomy":"product_brand","embeddable":true,"href":"https:\/\/www.livresentre2actions.fr\/fr_fr\/wp-json\/wp\/v2\/product_brand?post=11594"},{"taxonomy":"product_cat","embeddable":true,"href":"https:\/\/www.livresentre2actions.fr\/fr_fr\/wp-json\/wp\/v2\/product_cat?post=11594"},{"taxonomy":"product_tag","embeddable":true,"href":"https:\/\/www.livresentre2actions.fr\/fr_fr\/wp-json\/wp\/v2\/product_tag?post=11594"}],"curies":[{"name":"wp","href":"https:\/\/api.w.org\/{rel}","templated":true}]}}