{"id":11551,"date":"2025-03-26T15:38:46","date_gmt":"2025-03-26T14:38:46","guid":{"rendered":"https:\/\/www.livresentre2actions.fr\/?post_type=product&#038;p=11551"},"modified":"2025-08-27T12:07:42","modified_gmt":"2025-08-27T10:07:42","slug":"education-of-a-princess-a-memoir-marie-grand-duchess-of-russia","status":"publish","type":"product","link":"https:\/\/www.livresentre2actions.fr\/fr_fr\/produit\/education-of-a-princess-a-memoir-marie-grand-duchess-of-russia\/","title":{"rendered":"Education of a Princess. A Memoir &#8211; Marie, Grand Duchess of Russia"},"content":{"rendered":"<p>The Viking Press<\/p>\n<p>Cartonnage \u00e9diteur noir, fa\u00e7on percaline, \u00e0 dos long orn\u00e9 des titre, auteur, \u00e9diteur, plat sup\u00e9rieur estamp\u00e9 en pied de la couronne, 244 x 167\u00a0;\u00a0388p.. 1930. Premi\u00e8re \u00e9dition. Frontispice. Et 32 planches photographiques pleine page (certaines avec plusieurs photos, une double page du Kremlin en illustration noire). Exemplaire de belle provenance\u00a0: Prince Georges Vasili Matchabelli car enrichi en page de faux-titre d\u2019un envoi sign\u00e9 de Marie au Prince Georges Vasili Matchabelli, noble et parfumeur g\u00e9orgien, ayant fond\u00e9 avec son \u00e9pouse Norina Gilli [actrice et com\u00e9dienne italienne de son nom de sc\u00e8ne Maria Carmi, et disciple de Meher Baba], Princesse Matchabelli, la Prince Matchabelli Compagny, connue notamment pour ses flacons de parfums en forme de couronne. [Soci\u00e9t\u00e9 qui apr\u00e8s avoir connu diff\u00e9rents groupe-m\u00e8re, dont Unilever, est detenu par parfums de Coeur ltd] Exemplaire qui comprend \u00e9galement deux coupures de presse\u00a0: l\u2019une du New York Herald tribune annon\u00e7ant le d\u00e9c\u00e8s de la Princesse Matchabelli\u00a0; la seconde du Daily Miror de 1932, avec deux photographies dont une du prince dans son laboratoire. Int\u00e9rieur propre, rousseurs sur tranches. Int\u00e9rieur propre. La page de faux-titre avec l\u2019ex-dono se d\u00e9tache en t\u00eate. Coins et champs en bon \u00e9tat. Plats et dos frott\u00e9s, avec quelques petites taches l\u00e9g\u00e8res et une tache blanche en plat inf\u00e9rieur. Bon exemplaire bien ferme. Egalement en stock\u00a0: chez le m\u00eame \u00e9diteur, A Princess in Exile, by Marie, Grand Duchess of Russia. Petite fille de l\u2019empereur Alexandre II, Marie Pavlovna de Russie (1890-1958) est membre de la dynastie des Romanov.<\/p>\n","protected":false},"excerpt":{"rendered":"<p>The Viking Press Cartonnage \u00e9diteur noir, fa\u00e7on percaline, \u00e0 dos long orn\u00e9 des titre, auteur, \u00e9diteur, plat sup\u00e9rieur estamp\u00e9 en pied de la couronne, 244 x 167\u00a0;\u00a0388p.. 1930. Premi\u00e8re \u00e9dition. Frontispice. Et 32 planches photographiques pleine page (certaines avec plusieurs photos, une double page du Kremlin en illustration noire). Exemplaire de belle provenance\u00a0: Prince Georges &#8230; <a title=\"Education of a Princess. A Memoir &#8211; Marie, Grand Duchess of Russia\" class=\"read-more\" href=\"https:\/\/www.livresentre2actions.fr\/fr_fr\/produit\/education-of-a-princess-a-memoir-marie-grand-duchess-of-russia\/\" aria-label=\"En savoir plus sur Education of a Princess. A Memoir &#8211; Marie, Grand Duchess of Russia\">Lire plus<\/a><\/p>\n","protected":false},"featured_media":11552,"template":"","meta":{"_eb_attr":""},"product_brand":[],"product_cat":[37,71,73],"product_tag":[87],"class_list":{"0":"post-11551","1":"product","2":"type-product","3":"status-publish","4":"has-post-thumbnail","6":"product_cat-a-partir-du-xxeme-siecle","7":"product_cat-illustres-modernes-editions-originales-signees-numerotees","8":"product_cat-histoires-et-recits-de-voyage","9":"product_tag-signe","10":"sales-flash-overlay","11":"woocommerce-text-align-center","12":"woocommerce-image-align-center","13":"wc-has-gallery","15":"first","16":"instock","17":"taxable","18":"shipping-taxable","19":"purchasable","20":"product-type-simple"},"aioseo_notices":[],"_links":{"self":[{"href":"https:\/\/www.livresentre2actions.fr\/fr_fr\/wp-json\/wp\/v2\/product\/11551","targetHints":{"allow":["GET"]}}],"collection":[{"href":"https:\/\/www.livresentre2actions.fr\/fr_fr\/wp-json\/wp\/v2\/product"}],"about":[{"href":"https:\/\/www.livresentre2actions.fr\/fr_fr\/wp-json\/wp\/v2\/types\/product"}],"wp:featuredmedia":[{"embeddable":true,"href":"https:\/\/www.livresentre2actions.fr\/fr_fr\/wp-json\/wp\/v2\/media\/11552"}],"wp:attachment":[{"href":"https:\/\/www.livresentre2actions.fr\/fr_fr\/wp-json\/wp\/v2\/media?parent=11551"}],"wp:term":[{"taxonomy":"product_brand","embeddable":true,"href":"https:\/\/www.livresentre2actions.fr\/fr_fr\/wp-json\/wp\/v2\/product_brand?post=11551"},{"taxonomy":"product_cat","embeddable":true,"href":"https:\/\/www.livresentre2actions.fr\/fr_fr\/wp-json\/wp\/v2\/product_cat?post=11551"},{"taxonomy":"product_tag","embeddable":true,"href":"https:\/\/www.livresentre2actions.fr\/fr_fr\/wp-json\/wp\/v2\/product_tag?post=11551"}],"curies":[{"name":"wp","href":"https:\/\/api.w.org\/{rel}","templated":true}]}}