{"id":11534,"date":"2025-03-26T15:35:34","date_gmt":"2025-03-26T14:35:34","guid":{"rendered":"https:\/\/www.livresentre2actions.fr\/?post_type=product&#038;p=11534"},"modified":"2025-08-27T12:07:29","modified_gmt":"2025-08-27T10:07:29","slug":"a-princess-in-exile-by-marie-grand-duchess-of-russia","status":"publish","type":"product","link":"https:\/\/www.livresentre2actions.fr\/fr_fr\/produit\/a-princess-in-exile-by-marie-grand-duchess-of-russia\/","title":{"rendered":"A Princess in Exile, by Marie, Grand Duchess of Russia"},"content":{"rendered":"<p>Marie, Grand Duchess of Russia<\/p>\n<p>The Viking Press<\/p>\n<p>Cartonnage \u00e9diteur chocolat, fa\u00e7on percaline, \u00e0 dos long orn\u00e9 des titre, auteur, \u00e9diteur, plat sup\u00e9rieur orn\u00e9 du titre et de la couronne, 244 x 167\u00a0;\u00a0306p. Avec index. 1932. Premi\u00e8re \u00e9dition. Frontispice. Et 38 planches photographiques pleine page (certaines avec plusieurs photos, dont une de Gabrielle \u00ab\u00a0Coco\u00a0\u00bb Chanel). Int\u00e9rieur propre, rousseurs sur tranches. Inscription et date au verso de la garde. Coins et champs en bon \u00e9tat. Plats et dos frott\u00e9s, avec taches blanches l\u00e9g\u00e8res en pied de plat sup\u00e9rieur. Bon exemplaire bien ferme. Egalement en stock\u00a0: chez le m\u00eame \u00e9diteur, Education of a Princess, sign\u00e9 de Marie. Petite fille de l\u2019empereur Alexandre II, Marie Pavlovna de Russie (1890-1958) est membre de la dynastie des Romanov.<\/p>\n","protected":false},"excerpt":{"rendered":"<p>Marie, Grand Duchess of Russia The Viking Press Cartonnage \u00e9diteur chocolat, fa\u00e7on percaline, \u00e0 dos long orn\u00e9 des titre, auteur, \u00e9diteur, plat sup\u00e9rieur orn\u00e9 du titre et de la couronne, 244 x 167\u00a0;\u00a0306p. Avec index. 1932. Premi\u00e8re \u00e9dition. Frontispice. Et 38 planches photographiques pleine page (certaines avec plusieurs photos, dont une de Gabrielle \u00ab\u00a0Coco\u00a0\u00bb Chanel). &#8230; <a title=\"A Princess in Exile, by Marie, Grand Duchess of Russia\" class=\"read-more\" href=\"https:\/\/www.livresentre2actions.fr\/fr_fr\/produit\/a-princess-in-exile-by-marie-grand-duchess-of-russia\/\" aria-label=\"En savoir plus sur A Princess in Exile, by Marie, Grand Duchess of Russia\">Lire plus<\/a><\/p>\n","protected":false},"featured_media":11535,"template":"","meta":{"_eb_attr":""},"product_brand":[],"product_cat":[37,71,73],"product_tag":[86],"class_list":{"0":"post-11534","1":"product","2":"type-product","3":"status-publish","4":"has-post-thumbnail","6":"product_cat-a-partir-du-xxeme-siecle","7":"product_cat-illustres-modernes-editions-originales-signees-numerotees","8":"product_cat-histoires-et-recits-de-voyage","9":"product_tag-illustre","10":"sales-flash-overlay","11":"woocommerce-text-align-center","12":"woocommerce-image-align-center","13":"wc-has-gallery","15":"first","16":"instock","17":"taxable","18":"shipping-taxable","19":"purchasable","20":"product-type-simple"},"aioseo_notices":[],"_links":{"self":[{"href":"https:\/\/www.livresentre2actions.fr\/fr_fr\/wp-json\/wp\/v2\/product\/11534","targetHints":{"allow":["GET"]}}],"collection":[{"href":"https:\/\/www.livresentre2actions.fr\/fr_fr\/wp-json\/wp\/v2\/product"}],"about":[{"href":"https:\/\/www.livresentre2actions.fr\/fr_fr\/wp-json\/wp\/v2\/types\/product"}],"wp:featuredmedia":[{"embeddable":true,"href":"https:\/\/www.livresentre2actions.fr\/fr_fr\/wp-json\/wp\/v2\/media\/11535"}],"wp:attachment":[{"href":"https:\/\/www.livresentre2actions.fr\/fr_fr\/wp-json\/wp\/v2\/media?parent=11534"}],"wp:term":[{"taxonomy":"product_brand","embeddable":true,"href":"https:\/\/www.livresentre2actions.fr\/fr_fr\/wp-json\/wp\/v2\/product_brand?post=11534"},{"taxonomy":"product_cat","embeddable":true,"href":"https:\/\/www.livresentre2actions.fr\/fr_fr\/wp-json\/wp\/v2\/product_cat?post=11534"},{"taxonomy":"product_tag","embeddable":true,"href":"https:\/\/www.livresentre2actions.fr\/fr_fr\/wp-json\/wp\/v2\/product_tag?post=11534"}],"curies":[{"name":"wp","href":"https:\/\/api.w.org\/{rel}","templated":true}]}}