{"id":11523,"date":"2025-03-26T15:31:55","date_gmt":"2025-03-26T14:31:55","guid":{"rendered":"https:\/\/www.livresentre2actions.fr\/?post_type=product&#038;p=11523"},"modified":"2025-08-27T12:02:44","modified_gmt":"2025-08-27T10:02:44","slug":"souvenirs-dun-monde-englouti-comtesse-kleinmichel","status":"publish","type":"product","link":"https:\/\/www.livresentre2actions.fr\/fr_fr\/produit\/souvenirs-dun-monde-englouti-comtesse-kleinmichel\/","title":{"rendered":"Souvenirs d\u2019un monde englouti &#8211; Comtesse Kleinmichel"},"content":{"rendered":"<p>Calmann-L\u00e9vy \u00e9diteur<\/p>\n<p>Demi-maroquin rouge, dos \u00e0 faux-nerfs orn\u00e9 des titre et auteur, tranche de t\u00eate dor\u00e9e, couverture conserv\u00e9e, 182 x 126, 250p. Avec table. Deuxi\u00e8me \u00e9dition, 1927. Exemplaire enrichi en page de couverture conserv\u00e9e d\u2019un envoi non sign\u00e9 [mais tr\u00e8s probablement de l\u2019auteur] \u00ab\u00a0Avec une pens\u00e9e tr\u00e8s affectueuse pour les chers amis qui ont accueilli avec [?] de bienveillance la vieille \u00e9migr\u00e9e\u00a0\u00bb. Un ex-libris \u00e9tiquette en contreplat sup\u00e9rieur\u00a0: \u00ab\u00a0Franck Villard Tachen Ar Groas en Ploneour-Lanvern. Sud &#8211; Finist\u00e8re\u00a0\u00bb. Int\u00e9rieur propre et int\u00e8gre. Quelques frottements aux nerfs, coiffe et queue. Bel exemplaire bien ferme. Maria Eduardovna Keller (Contesse Kleinmichel), n\u00e9e \u00e0 Kiev en 1846 est d\u00e9c\u00e9d\u00e9e \u00e0 Paris en 1931, elle fut l\u2019\u00e9pouse de Comte Vladimir Petrovitch Kleinmichel qui fut major-g\u00e9n\u00e9ral du prestigieux corps d\u2019arm\u00e9e russe r\u00e9giment Semionovski lequel, avec le r\u00e9giment Pr\u00e9obrajensky, est le plus ancien r\u00e9giment d\u2019infanterie de la Garde imp\u00e9riale russe.<\/p>\n","protected":false},"excerpt":{"rendered":"<p>Calmann-L\u00e9vy \u00e9diteur Demi-maroquin rouge, dos \u00e0 faux-nerfs orn\u00e9 des titre et auteur, tranche de t\u00eate dor\u00e9e, couverture conserv\u00e9e, 182 x 126, 250p. Avec table. Deuxi\u00e8me \u00e9dition, 1927. Exemplaire enrichi en page de couverture conserv\u00e9e d\u2019un envoi non sign\u00e9 [mais tr\u00e8s probablement de l\u2019auteur] \u00ab\u00a0Avec une pens\u00e9e tr\u00e8s affectueuse pour les chers amis qui ont accueilli &#8230; <a title=\"Souvenirs d\u2019un monde englouti &#8211; Comtesse Kleinmichel\" class=\"read-more\" href=\"https:\/\/www.livresentre2actions.fr\/fr_fr\/produit\/souvenirs-dun-monde-englouti-comtesse-kleinmichel\/\" aria-label=\"En savoir plus sur Souvenirs d\u2019un monde englouti &#8211; Comtesse Kleinmichel\">Lire plus<\/a><\/p>\n","protected":false},"featured_media":11524,"template":"","meta":{"_eb_attr":""},"product_brand":[],"product_cat":[37,73],"product_tag":[87],"class_list":{"0":"post-11523","1":"product","2":"type-product","3":"status-publish","4":"has-post-thumbnail","6":"product_cat-a-partir-du-xxeme-siecle","7":"product_cat-histoires-et-recits-de-voyage","8":"product_tag-signe","9":"sales-flash-overlay","10":"woocommerce-text-align-center","11":"woocommerce-image-align-center","12":"wc-has-gallery","14":"first","15":"instock","16":"taxable","17":"shipping-taxable","18":"purchasable","19":"product-type-simple"},"aioseo_notices":[],"_links":{"self":[{"href":"https:\/\/www.livresentre2actions.fr\/fr_fr\/wp-json\/wp\/v2\/product\/11523","targetHints":{"allow":["GET"]}}],"collection":[{"href":"https:\/\/www.livresentre2actions.fr\/fr_fr\/wp-json\/wp\/v2\/product"}],"about":[{"href":"https:\/\/www.livresentre2actions.fr\/fr_fr\/wp-json\/wp\/v2\/types\/product"}],"wp:featuredmedia":[{"embeddable":true,"href":"https:\/\/www.livresentre2actions.fr\/fr_fr\/wp-json\/wp\/v2\/media\/11524"}],"wp:attachment":[{"href":"https:\/\/www.livresentre2actions.fr\/fr_fr\/wp-json\/wp\/v2\/media?parent=11523"}],"wp:term":[{"taxonomy":"product_brand","embeddable":true,"href":"https:\/\/www.livresentre2actions.fr\/fr_fr\/wp-json\/wp\/v2\/product_brand?post=11523"},{"taxonomy":"product_cat","embeddable":true,"href":"https:\/\/www.livresentre2actions.fr\/fr_fr\/wp-json\/wp\/v2\/product_cat?post=11523"},{"taxonomy":"product_tag","embeddable":true,"href":"https:\/\/www.livresentre2actions.fr\/fr_fr\/wp-json\/wp\/v2\/product_tag?post=11523"}],"curies":[{"name":"wp","href":"https:\/\/api.w.org\/{rel}","templated":true}]}}