{"id":11485,"date":"2025-03-26T15:20:52","date_gmt":"2025-03-26T14:20:52","guid":{"rendered":"https:\/\/www.livresentre2actions.fr\/?post_type=product&#038;p=11485"},"modified":"2025-08-25T14:22:42","modified_gmt":"2025-08-25T12:22:42","slug":"bibliotheque-universelle-des-voyages-effectues-par-mer-ou-par-terre","status":"publish","type":"product","link":"https:\/\/www.livresentre2actions.fr\/fr_fr\/produit\/bibliotheque-universelle-des-voyages-effectues-par-mer-ou-par-terre\/","title":{"rendered":"Biblioth\u00e8que universelle des voyages effectu\u00e9s par mer ou par terre"},"content":{"rendered":"<p>Biblioth\u00e8que universelle des voyages effectu\u00e9s par mer ou par terre dans les diverses parties du monde depuis les premi\u00e8res d\u00e9couvertes jusqu\u2019\u00e0 nos jours, contenant la description des m\u0153urs, coutumes, gouvernemens, cultes, sciences et arts, industrie et commerce, productions naturelles et autres.\u200e<br \/>\n43 volumes sur 46, sans atlas ni planches<\/p>\n<p>Albert Mont\u00e9mont (revu ou traduit par)<\/p>\n<p>\u200eParis, Armand-Aubr\u00e9e<\/p>\n<p>Demi-veau brun-bleu, plats papier marbr\u00e9 bleu, \u00e0 dos long orn\u00e9 de frises en coiffe et queue, de liser\u00e9s, du titre et de la tomaison, d\u2019un joli d\u00e9cor en plein, 209 x 133, 1833-1837. Edition originale. Page de titre identique pour tous les volumes, tomaison reprise en page de faux-titre pour chaque volume. 43 volumes sur 46, soit les tomes manquant suivants : 2, 15, et 46. Pagination avec table, entre 450 et 500p. par volume. Int\u00e9rieur propre pour tous les volumes. Des petits accidents aux reliures, frottement \u00e9pidermures, petites d\u00e9chirures sans manque, sauf pour 4 volumes, avec un d\u00e9faut plus important : T11 et 25 : un coin de pied manquant ; T28 et 35, un manque en pied de dos. Sinon bel ensemble bien uniforme. \u00c9dition originale de cette importante compilation de voyages, publi\u00e9s, revus et parfois traduits par Albert Mont\u00e9mont. \u00a0Les 21 premiers volumes concernent les relations de voyages autour du monde; viennent ensuite les voyages en Afrique (tomes 22 \u00e0 30), en Asie (tomes 31 \u00e0 37), en Am\u00e9rique (tomes 38 \u00e0 42), en Oc\u00e9anie (tome 43), puis en Europe (tomes 44 \u00e0 46). Afrique, Asie, Oc\u00e9anie, Am\u00e9rique sont donc ici complets, hors planches.<\/p>\n","protected":false},"excerpt":{"rendered":"<p>Biblioth\u00e8que universelle des voyages effectu\u00e9s par mer ou par terre dans les diverses parties du monde depuis les premi\u00e8res d\u00e9couvertes jusqu\u2019\u00e0 nos jours, contenant la description des m\u0153urs, coutumes, gouvernemens, cultes, sciences et arts, industrie et commerce, productions naturelles et autres.\u200e 43 volumes sur 46, sans atlas ni planches Albert Mont\u00e9mont (revu ou traduit par) &#8230; <a title=\"Biblioth\u00e8que universelle des voyages effectu\u00e9s par mer ou par terre\" class=\"read-more\" href=\"https:\/\/www.livresentre2actions.fr\/fr_fr\/produit\/bibliotheque-universelle-des-voyages-effectues-par-mer-ou-par-terre\/\" aria-label=\"En savoir plus sur Biblioth\u00e8que universelle des voyages effectu\u00e9s par mer ou par terre\">Lire plus<\/a><\/p>\n","protected":false},"featured_media":11486,"template":"","meta":{"_eb_attr":""},"product_brand":[],"product_cat":[36,71,73],"product_tag":[],"class_list":{"0":"post-11485","1":"product","2":"type-product","3":"status-publish","4":"has-post-thumbnail","6":"product_cat-entre-le-xviiieme-et-le-xixeme-siecle","7":"product_cat-illustres-modernes-editions-originales-signees-numerotees","8":"product_cat-histoires-et-recits-de-voyage","9":"sales-flash-overlay","10":"woocommerce-text-align-center","11":"woocommerce-image-align-center","12":"wc-has-gallery","14":"first","15":"outofstock","16":"taxable","17":"shipping-taxable","18":"purchasable","19":"product-type-simple"},"aioseo_notices":[],"_links":{"self":[{"href":"https:\/\/www.livresentre2actions.fr\/fr_fr\/wp-json\/wp\/v2\/product\/11485","targetHints":{"allow":["GET"]}}],"collection":[{"href":"https:\/\/www.livresentre2actions.fr\/fr_fr\/wp-json\/wp\/v2\/product"}],"about":[{"href":"https:\/\/www.livresentre2actions.fr\/fr_fr\/wp-json\/wp\/v2\/types\/product"}],"wp:featuredmedia":[{"embeddable":true,"href":"https:\/\/www.livresentre2actions.fr\/fr_fr\/wp-json\/wp\/v2\/media\/11486"}],"wp:attachment":[{"href":"https:\/\/www.livresentre2actions.fr\/fr_fr\/wp-json\/wp\/v2\/media?parent=11485"}],"wp:term":[{"taxonomy":"product_brand","embeddable":true,"href":"https:\/\/www.livresentre2actions.fr\/fr_fr\/wp-json\/wp\/v2\/product_brand?post=11485"},{"taxonomy":"product_cat","embeddable":true,"href":"https:\/\/www.livresentre2actions.fr\/fr_fr\/wp-json\/wp\/v2\/product_cat?post=11485"},{"taxonomy":"product_tag","embeddable":true,"href":"https:\/\/www.livresentre2actions.fr\/fr_fr\/wp-json\/wp\/v2\/product_tag?post=11485"}],"curies":[{"name":"wp","href":"https:\/\/api.w.org\/{rel}","templated":true}]}}