{"id":11441,"date":"2025-03-23T22:42:20","date_gmt":"2025-03-23T21:42:20","guid":{"rendered":"https:\/\/www.livresentre2actions.fr\/?post_type=product&#038;p=11441"},"modified":"2025-03-23T22:42:21","modified_gmt":"2025-03-23T21:42:21","slug":"sermons-careme-2-tomes-avent-panegyriques","status":"publish","type":"product","link":"https:\/\/www.livresentre2actions.fr\/fr_fr\/produit\/sermons-careme-2-tomes-avent-panegyriques\/","title":{"rendered":"Sermons. Car\u00eame (2 tomes) &#8211; Avent &#8211; Pan\u00e9gyriques"},"content":{"rendered":"<p>Massillon<\/p>\n<p>Sermons sur les \u00e9vangiles de Car\u00eame et sur quelques myst\u00e8res de la Sainte-Vierge. Plein veau, dos \u00e0 quatre nerfs richement orn\u00e9 aux caissons, tomaison et pi\u00e8ce de titre en maroquin lie de vin, tranches jasp\u00e9es rouges, plats avec un encadrement noir, 168 x 102, 535p. Et 616p. Tables en d\u00e9but de volume. 1708. Avec trois pan\u00e9gyriques\u00a0; un sermon de V\u00eature\u00a0; un autre de Profession de religieuse et deux oraisons fun\u00e8bres. Nouvelle \u00e9dition, revue, corrig\u00e9e et augment\u00e9e de plusieurs sermons. Pour les deux volumes int\u00e9rieur propre et int\u00e8gre. Coins et champs frott\u00e9s, 3 coins l\u00e9g\u00e8rement \u00e9mouss\u00e9s. Plats frott\u00e9s avec \u00e9pidermures. Dos frott\u00e9s, avec \u00e9pidermures en coiffe et queue, une d\u00e9chirure sans manque en t\u00eate de dos du T1\u00a0; mors sup\u00e9rieur du T2 fendu en pied et en t\u00eate pour le mors inf\u00e9rieur. Coiffe et queue du T2 avec manques. Pan\u00e9gyriques. Chez la veuve Estienne et fils. Plein veau l\u00e9opard\u00e9, dos \u00e0 cinq nerfs orn\u00e9 aux caissons, du titre et d\u2019une pi\u00e8ce d\u2019auteur en maroquin noir, tranches jasp\u00e9es rouges, 168 x 102, 339p. 1776. Comprend 10 sermons pour la f\u00ebte d\u2019autant de Saints. Table en d\u00e9but de volume. Chaque sermon avec son ent\u00eate et son cul-de-lampe. Int\u00e9rieur tr\u00e8s frais, propre et int\u00e8gre. Coins, champs et plats frott\u00e9s avec \u00e9pidermures, coins de t\u00eate l\u00e9g\u00e8rement \u00e9mouss\u00e9s. Dos frott\u00e9 aux nerfs, queue et coiffe fortement\u00a0; une \u00e9tiquette coll\u00e9e en t\u00eate de dos. Bien ferme. Joint : Avent, 1747, Chez la veuve Estienne et fils. Plein veau, dos \u00e0 cinq nerfs. 472p. Int\u00e9rieur propre, mais reliure tr\u00e8s frotte et d\u00e9fra\u00eechie. Joint : L&rsquo;\u00e9cho de Massilon, bulletin trimestriel, octobre 1931. 127p. avec table. D\u00e9fra\u00eechi mais int\u00e8gre.<\/p>\n","protected":false},"excerpt":{"rendered":"<p>Massillon Sermons sur les \u00e9vangiles de Car\u00eame et sur quelques myst\u00e8res de la Sainte-Vierge. Plein veau, dos \u00e0 quatre nerfs richement orn\u00e9 aux caissons, tomaison et pi\u00e8ce de titre en maroquin lie de vin, tranches jasp\u00e9es rouges, plats avec un encadrement noir, 168 x 102, 535p. Et 616p. Tables en d\u00e9but de volume. 1708. Avec &#8230; <a title=\"Sermons. Car\u00eame (2 tomes) &#8211; Avent &#8211; Pan\u00e9gyriques\" class=\"read-more\" href=\"https:\/\/www.livresentre2actions.fr\/fr_fr\/produit\/sermons-careme-2-tomes-avent-panegyriques\/\" aria-label=\"En savoir plus sur Sermons. Car\u00eame (2 tomes) &#8211; Avent &#8211; Pan\u00e9gyriques\">Lire plus<\/a><\/p>\n","protected":false},"featured_media":11442,"template":"","meta":{"_eb_attr":""},"product_brand":[],"product_cat":[36,68],"product_tag":[],"class_list":{"0":"post-11441","1":"product","2":"type-product","3":"status-publish","4":"has-post-thumbnail","6":"product_cat-entre-le-xviiieme-et-le-xixeme-siecle","7":"product_cat-religion-spiritualite","8":"sales-flash-overlay","9":"woocommerce-text-align-center","10":"woocommerce-image-align-center","11":"wc-has-gallery","13":"first","14":"instock","15":"taxable","16":"shipping-taxable","17":"purchasable","18":"product-type-simple"},"aioseo_notices":[],"_links":{"self":[{"href":"https:\/\/www.livresentre2actions.fr\/fr_fr\/wp-json\/wp\/v2\/product\/11441","targetHints":{"allow":["GET"]}}],"collection":[{"href":"https:\/\/www.livresentre2actions.fr\/fr_fr\/wp-json\/wp\/v2\/product"}],"about":[{"href":"https:\/\/www.livresentre2actions.fr\/fr_fr\/wp-json\/wp\/v2\/types\/product"}],"wp:featuredmedia":[{"embeddable":true,"href":"https:\/\/www.livresentre2actions.fr\/fr_fr\/wp-json\/wp\/v2\/media\/11442"}],"wp:attachment":[{"href":"https:\/\/www.livresentre2actions.fr\/fr_fr\/wp-json\/wp\/v2\/media?parent=11441"}],"wp:term":[{"taxonomy":"product_brand","embeddable":true,"href":"https:\/\/www.livresentre2actions.fr\/fr_fr\/wp-json\/wp\/v2\/product_brand?post=11441"},{"taxonomy":"product_cat","embeddable":true,"href":"https:\/\/www.livresentre2actions.fr\/fr_fr\/wp-json\/wp\/v2\/product_cat?post=11441"},{"taxonomy":"product_tag","embeddable":true,"href":"https:\/\/www.livresentre2actions.fr\/fr_fr\/wp-json\/wp\/v2\/product_tag?post=11441"}],"curies":[{"name":"wp","href":"https:\/\/api.w.org\/{rel}","templated":true}]}}