{"id":11390,"date":"2025-09-04T16:26:53","date_gmt":"2025-09-04T14:26:53","guid":{"rendered":"https:\/\/www.livresentre2actions.fr\/?post_type=product&#038;p=11390"},"modified":"2026-02-23T14:42:05","modified_gmt":"2026-02-23T13:42:05","slug":"fetes-du-couronnement-de-notre-dame-des-miracles-patronne-de-saint-omer","status":"publish","type":"product","link":"https:\/\/www.livresentre2actions.fr\/fr_fr\/produit\/fetes-du-couronnement-de-notre-dame-des-miracles-patronne-de-saint-omer\/","title":{"rendered":"F\u00eates du couronnement de Notre-Dame-des-miracles, patronne de Saint-Omer."},"content":{"rendered":"<p>Programme du p\u00e8lerinage r\u00e9gional et de la procession solennelle du 18 juillet 1875<\/p>\n<p>Collectif [Ville de Saint-Omer] &#8211; Typ. et Lith. J. Devey<\/p>\n<p>Brochure d\u2019attente bleue, 222 x 142, 40p. 1875. Edition originale. Enrichie in fine de deux coupures de journal l\u2019une du du 20 juillet, sign\u00e9e G. Boyaval, 9p. Et donnant r\u00e9cit des f\u00eates ; suivi de 6p. sign\u00e9es de A. Th\u00e9rin, architecte, et dat\u00e9e du 06\/07\/1875, portant sur la cath\u00e9drale Notre-Dame de Saint-Omer. En frontispice en double page : Disposition de la procession sur la Grand\u2019Place. Bon exemplaire : int\u00e9rieur propre ; couvertures d\u00e9fra\u00eechies avec frottements et t\u00e2ches.<\/p>\n","protected":false},"excerpt":{"rendered":"<p>Programme du p\u00e8lerinage r\u00e9gional et de la procession solennelle du 18 juillet 1875 Collectif [Ville de Saint-Omer] &#8211; Typ. et Lith. J. Devey Brochure d\u2019attente bleue, 222 x 142, 40p. 1875. Edition originale. Enrichie in fine de deux coupures de journal l\u2019une du du 20 juillet, sign\u00e9e G. Boyaval, 9p. Et donnant r\u00e9cit des f\u00eates &#8230; <a title=\"F\u00eates du couronnement de Notre-Dame-des-miracles, patronne de Saint-Omer.\" class=\"read-more\" href=\"https:\/\/www.livresentre2actions.fr\/fr_fr\/produit\/fetes-du-couronnement-de-notre-dame-des-miracles-patronne-de-saint-omer\/\" aria-label=\"En savoir plus sur F\u00eates du couronnement de Notre-Dame-des-miracles, patronne de Saint-Omer.\">Lire plus<\/a><\/p>\n","protected":false},"featured_media":11391,"template":"","meta":{"_eb_attr":""},"product_brand":[],"product_cat":[36,72,71,73],"product_tag":[86],"class_list":{"0":"post-11390","1":"product","2":"type-product","3":"status-publish","4":"has-post-thumbnail","6":"product_cat-entre-le-xviiieme-et-le-xixeme-siecle","7":"product_cat-divers","8":"product_cat-illustres-modernes-editions-originales-signees-numerotees","9":"product_cat-histoires-et-recits-de-voyage","10":"product_tag-illustre","11":"sales-flash-overlay","12":"woocommerce-text-align-center","13":"woocommerce-image-align-center","14":"wc-has-gallery","16":"first","17":"outofstock","18":"taxable","19":"shipping-taxable","20":"purchasable","21":"product-type-simple"},"aioseo_notices":[],"_links":{"self":[{"href":"https:\/\/www.livresentre2actions.fr\/fr_fr\/wp-json\/wp\/v2\/product\/11390","targetHints":{"allow":["GET"]}}],"collection":[{"href":"https:\/\/www.livresentre2actions.fr\/fr_fr\/wp-json\/wp\/v2\/product"}],"about":[{"href":"https:\/\/www.livresentre2actions.fr\/fr_fr\/wp-json\/wp\/v2\/types\/product"}],"wp:featuredmedia":[{"embeddable":true,"href":"https:\/\/www.livresentre2actions.fr\/fr_fr\/wp-json\/wp\/v2\/media\/11391"}],"wp:attachment":[{"href":"https:\/\/www.livresentre2actions.fr\/fr_fr\/wp-json\/wp\/v2\/media?parent=11390"}],"wp:term":[{"taxonomy":"product_brand","embeddable":true,"href":"https:\/\/www.livresentre2actions.fr\/fr_fr\/wp-json\/wp\/v2\/product_brand?post=11390"},{"taxonomy":"product_cat","embeddable":true,"href":"https:\/\/www.livresentre2actions.fr\/fr_fr\/wp-json\/wp\/v2\/product_cat?post=11390"},{"taxonomy":"product_tag","embeddable":true,"href":"https:\/\/www.livresentre2actions.fr\/fr_fr\/wp-json\/wp\/v2\/product_tag?post=11390"}],"curies":[{"name":"wp","href":"https:\/\/api.w.org\/{rel}","templated":true}]}}