{"id":11377,"date":"2025-03-13T16:38:31","date_gmt":"2025-03-13T15:38:31","guid":{"rendered":"https:\/\/www.livresentre2actions.fr\/?post_type=product&#038;p=11377"},"modified":"2025-03-13T16:38:32","modified_gmt":"2025-03-13T15:38:32","slug":"du-pape-suivi-de-leglise-gallicane-joseph-de-maistre","status":"publish","type":"product","link":"https:\/\/www.livresentre2actions.fr\/fr_fr\/produit\/du-pape-suivi-de-leglise-gallicane-joseph-de-maistre\/","title":{"rendered":"Du pape, suivi de l\u2019\u00e9glise gallicane &#8211; Joseph de Maistre"},"content":{"rendered":"<p>Du pape, suivi de l\u2019\u00e9glise gallicane dans son rapport avec le souverain pontife, 2 tomes complet, (vol.3 et 4 des \u0153uvres compl\u00e8tes)<\/p>\n<p>Soci\u00e9t\u00e9 nationale (Bruxelles) &#8211; Demi-veau marbr\u00e9, \u00e0 dos long, pi\u00e8ce de titre rouge, tranches jaunes, 220 x 138, 423 et 302p. Avec tables. 1838. Pour les deux volumes, ex-libris manuscrit (verso de garde, t1\u00a0; faux-titre, t2). Int\u00e9rieurs propres, rousseurs marginales. Coins et champs frott\u00e9s, 2 coins l\u00e9g\u00e8rement \u00e9mouss\u00e9s. Quelques \u00e9pidermures en coiffes. Bons exemplaires, bien fermes.<\/p>\n","protected":false},"excerpt":{"rendered":"<p>Du pape, suivi de l\u2019\u00e9glise gallicane dans son rapport avec le souverain pontife, 2 tomes complet, (vol.3 et 4 des \u0153uvres compl\u00e8tes) Soci\u00e9t\u00e9 nationale (Bruxelles) &#8211; Demi-veau marbr\u00e9, \u00e0 dos long, pi\u00e8ce de titre rouge, tranches jaunes, 220 x 138, 423 et 302p. Avec tables. 1838. Pour les deux volumes, ex-libris manuscrit (verso de garde, &#8230; <a title=\"Du pape, suivi de l\u2019\u00e9glise gallicane &#8211; Joseph de Maistre\" class=\"read-more\" href=\"https:\/\/www.livresentre2actions.fr\/fr_fr\/produit\/du-pape-suivi-de-leglise-gallicane-joseph-de-maistre\/\" aria-label=\"En savoir plus sur Du pape, suivi de l\u2019\u00e9glise gallicane &#8211; Joseph de Maistre\">Lire plus<\/a><\/p>\n","protected":false},"featured_media":11378,"template":"","meta":{"_eb_attr":""},"product_brand":[],"product_cat":[36,73,68],"product_tag":[],"class_list":{"0":"post-11377","1":"product","2":"type-product","3":"status-publish","4":"has-post-thumbnail","6":"product_cat-entre-le-xviiieme-et-le-xixeme-siecle","7":"product_cat-histoires-et-recits-de-voyage","8":"product_cat-religion-spiritualite","9":"sales-flash-overlay","10":"woocommerce-text-align-center","11":"woocommerce-image-align-center","12":"wc-has-gallery","14":"first","15":"instock","16":"taxable","17":"shipping-taxable","18":"purchasable","19":"product-type-simple"},"aioseo_notices":[],"_links":{"self":[{"href":"https:\/\/www.livresentre2actions.fr\/fr_fr\/wp-json\/wp\/v2\/product\/11377","targetHints":{"allow":["GET"]}}],"collection":[{"href":"https:\/\/www.livresentre2actions.fr\/fr_fr\/wp-json\/wp\/v2\/product"}],"about":[{"href":"https:\/\/www.livresentre2actions.fr\/fr_fr\/wp-json\/wp\/v2\/types\/product"}],"wp:featuredmedia":[{"embeddable":true,"href":"https:\/\/www.livresentre2actions.fr\/fr_fr\/wp-json\/wp\/v2\/media\/11378"}],"wp:attachment":[{"href":"https:\/\/www.livresentre2actions.fr\/fr_fr\/wp-json\/wp\/v2\/media?parent=11377"}],"wp:term":[{"taxonomy":"product_brand","embeddable":true,"href":"https:\/\/www.livresentre2actions.fr\/fr_fr\/wp-json\/wp\/v2\/product_brand?post=11377"},{"taxonomy":"product_cat","embeddable":true,"href":"https:\/\/www.livresentre2actions.fr\/fr_fr\/wp-json\/wp\/v2\/product_cat?post=11377"},{"taxonomy":"product_tag","embeddable":true,"href":"https:\/\/www.livresentre2actions.fr\/fr_fr\/wp-json\/wp\/v2\/product_tag?post=11377"}],"curies":[{"name":"wp","href":"https:\/\/api.w.org\/{rel}","templated":true}]}}