{"id":11369,"date":"2025-03-13T16:32:23","date_gmt":"2025-03-13T15:32:23","guid":{"rendered":"https:\/\/www.livresentre2actions.fr\/?post_type=product&#038;p=11369"},"modified":"2025-10-29T18:14:11","modified_gmt":"2025-10-29T17:14:11","slug":"locus-solus-raymond-roussel","status":"publish","type":"product","link":"https:\/\/www.livresentre2actions.fr\/fr_fr\/produit\/locus-solus-raymond-roussel\/","title":{"rendered":"Locus Solus &#8211; Raymond Roussel &#8211;"},"content":{"rendered":"<p>Broch\u00e9, 210 x 143, 267p. 1963. Premi\u00e8re \u00e9dition sous ce format. Except\u00e9 quelques notes au crayon de papier l\u00e9ger en marge sur quelques pages des 27 premi\u00e8res, int\u00e9rieur propre et int\u00e8gre. Couvertures et dos l\u00e9g\u00e8rement insol\u00e9s, mais propres et int\u00e8gres. Bel exemplaire, bien ferme.<\/p>\n","protected":false},"excerpt":{"rendered":"<p>Broch\u00e9, 210 x 143, 267p. 1963. Premi\u00e8re \u00e9dition sous ce format. Except\u00e9 quelques notes au crayon de papier l\u00e9ger en marge sur quelques pages des 27 premi\u00e8res, int\u00e9rieur propre et int\u00e8gre. Couvertures et dos l\u00e9g\u00e8rement insol\u00e9s, mais propres et int\u00e8gres. Bel exemplaire, bien ferme.<\/p>\n","protected":false},"featured_media":0,"template":"","meta":{"_eb_attr":""},"product_brand":[],"product_cat":[37,71,76],"product_tag":[],"class_list":{"0":"post-11369","1":"product","2":"type-product","3":"status-publish","5":"product_cat-a-partir-du-xxeme-siecle","6":"product_cat-illustres-modernes-editions-originales-signees-numerotees","7":"product_cat-poesie-theatre-prose","8":"sales-flash-overlay","9":"woocommerce-text-align-center","10":"woocommerce-image-align-center","12":"first","13":"outofstock","14":"taxable","15":"shipping-taxable","16":"purchasable","17":"product-type-simple"},"aioseo_notices":[],"_links":{"self":[{"href":"https:\/\/www.livresentre2actions.fr\/fr_fr\/wp-json\/wp\/v2\/product\/11369","targetHints":{"allow":["GET"]}}],"collection":[{"href":"https:\/\/www.livresentre2actions.fr\/fr_fr\/wp-json\/wp\/v2\/product"}],"about":[{"href":"https:\/\/www.livresentre2actions.fr\/fr_fr\/wp-json\/wp\/v2\/types\/product"}],"wp:attachment":[{"href":"https:\/\/www.livresentre2actions.fr\/fr_fr\/wp-json\/wp\/v2\/media?parent=11369"}],"wp:term":[{"taxonomy":"product_brand","embeddable":true,"href":"https:\/\/www.livresentre2actions.fr\/fr_fr\/wp-json\/wp\/v2\/product_brand?post=11369"},{"taxonomy":"product_cat","embeddable":true,"href":"https:\/\/www.livresentre2actions.fr\/fr_fr\/wp-json\/wp\/v2\/product_cat?post=11369"},{"taxonomy":"product_tag","embeddable":true,"href":"https:\/\/www.livresentre2actions.fr\/fr_fr\/wp-json\/wp\/v2\/product_tag?post=11369"}],"curies":[{"name":"wp","href":"https:\/\/api.w.org\/{rel}","templated":true}]}}