{"id":11358,"date":"2025-03-13T16:27:06","date_gmt":"2025-03-13T15:27:06","guid":{"rendered":"https:\/\/www.livresentre2actions.fr\/?post_type=product&#038;p=11358"},"modified":"2025-08-25T14:19:58","modified_gmt":"2025-08-25T12:19:58","slug":"reception-de-m-gaston-doumergue-president-de-la-republique-francaise-au-palais-du-luxembourg","status":"publish","type":"product","link":"https:\/\/www.livresentre2actions.fr\/fr_fr\/produit\/reception-de-m-gaston-doumergue-president-de-la-republique-francaise-au-palais-du-luxembourg\/","title":{"rendered":"R\u00e9ception de M. Gaston Doumergue Pr\u00e9sident de la R\u00e9publique fran\u00e7aise au Palais du Luxembourg"},"content":{"rendered":"<p>R\u00e9ception de M. Gaston Doumergue Pr\u00e9sident de la R\u00e9publique fran\u00e7aise au Palais du Luxembourg.\u00a0 Inauguration des peintures d\u00e9coratives de MM. Lucien Simon &amp; Maurice Denis<\/p>\n<p>Broch\u00e9 \u00e0 corde, 284 x 223, 36p. 1929. Un des 1000, N\u00b0 non pr\u00e9cis\u00e9. Nombreuses illustrations (portraits et reproductions de tableaux). Int\u00e9rieur tr\u00e8s frais, propre, int\u00e8gre. Couvertures et dos insol\u00e9s mais propres et int\u00e8gres. Bel exemplaire.<\/p>\n","protected":false},"excerpt":{"rendered":"<p>R\u00e9ception de M. Gaston Doumergue Pr\u00e9sident de la R\u00e9publique fran\u00e7aise au Palais du Luxembourg.\u00a0 Inauguration des peintures d\u00e9coratives de MM. Lucien Simon &amp; Maurice Denis Broch\u00e9 \u00e0 corde, 284 x 223, 36p. 1929. Un des 1000, N\u00b0 non pr\u00e9cis\u00e9. Nombreuses illustrations (portraits et reproductions de tableaux). Int\u00e9rieur tr\u00e8s frais, propre, int\u00e8gre. Couvertures et dos insol\u00e9s &#8230; <a title=\"R\u00e9ception de M. Gaston Doumergue Pr\u00e9sident de la R\u00e9publique fran\u00e7aise au Palais du Luxembourg\" class=\"read-more\" href=\"https:\/\/www.livresentre2actions.fr\/fr_fr\/produit\/reception-de-m-gaston-doumergue-president-de-la-republique-francaise-au-palais-du-luxembourg\/\" aria-label=\"En savoir plus sur R\u00e9ception de M. Gaston Doumergue Pr\u00e9sident de la R\u00e9publique fran\u00e7aise au Palais du Luxembourg\">Lire plus<\/a><\/p>\n","protected":false},"featured_media":11359,"template":"","meta":{"_eb_attr":""},"product_brand":[],"product_cat":[37,71,73],"product_tag":[],"class_list":{"0":"post-11358","1":"product","2":"type-product","3":"status-publish","4":"has-post-thumbnail","6":"product_cat-a-partir-du-xxeme-siecle","7":"product_cat-illustres-modernes-editions-originales-signees-numerotees","8":"product_cat-histoires-et-recits-de-voyage","9":"sales-flash-overlay","10":"woocommerce-text-align-center","11":"woocommerce-image-align-center","12":"wc-has-gallery","14":"first","15":"instock","16":"taxable","17":"shipping-taxable","18":"purchasable","19":"product-type-simple"},"aioseo_notices":[],"_links":{"self":[{"href":"https:\/\/www.livresentre2actions.fr\/fr_fr\/wp-json\/wp\/v2\/product\/11358","targetHints":{"allow":["GET"]}}],"collection":[{"href":"https:\/\/www.livresentre2actions.fr\/fr_fr\/wp-json\/wp\/v2\/product"}],"about":[{"href":"https:\/\/www.livresentre2actions.fr\/fr_fr\/wp-json\/wp\/v2\/types\/product"}],"wp:featuredmedia":[{"embeddable":true,"href":"https:\/\/www.livresentre2actions.fr\/fr_fr\/wp-json\/wp\/v2\/media\/11359"}],"wp:attachment":[{"href":"https:\/\/www.livresentre2actions.fr\/fr_fr\/wp-json\/wp\/v2\/media?parent=11358"}],"wp:term":[{"taxonomy":"product_brand","embeddable":true,"href":"https:\/\/www.livresentre2actions.fr\/fr_fr\/wp-json\/wp\/v2\/product_brand?post=11358"},{"taxonomy":"product_cat","embeddable":true,"href":"https:\/\/www.livresentre2actions.fr\/fr_fr\/wp-json\/wp\/v2\/product_cat?post=11358"},{"taxonomy":"product_tag","embeddable":true,"href":"https:\/\/www.livresentre2actions.fr\/fr_fr\/wp-json\/wp\/v2\/product_tag?post=11358"}],"curies":[{"name":"wp","href":"https:\/\/api.w.org\/{rel}","templated":true}]}}