{"id":11318,"date":"2025-03-13T16:05:19","date_gmt":"2025-03-13T15:05:19","guid":{"rendered":"https:\/\/www.livresentre2actions.fr\/?post_type=product&#038;p=11318"},"modified":"2025-03-13T16:05:20","modified_gmt":"2025-03-13T15:05:20","slug":"traite-de-la-theorie-et-pratique-des-accouchements-tome-1","status":"publish","type":"product","link":"https:\/\/www.livresentre2actions.fr\/fr_fr\/produit\/traite-de-la-theorie-et-pratique-des-accouchements-tome-1\/","title":{"rendered":"Trait\u00e9 de la th\u00e9orie et pratique des accouchements, Tome 1"},"content":{"rendered":"<p>William Smellie &#8211; Chez Th\u00e9ophile Barrois le jeune<\/p>\n<p>In-8 plein veau tachet\u00e9, dos \u00e0 cinq nerfs, orn\u00e9 d\u2019une pi\u00e8ce de titre, d\u2019une pi\u00e8ce de tomaison, et fleuronn\u00e9 aux caissons, tranches rouges, 202 x 180, 486p. Avec table. 1771. Traduit de l\u2019anglois par M de Pr\u00e9ville Premi\u00e8re \u00e9dition en fran\u00e7ais du premier volume de ce tr\u00e8s rare ouvrage d&rsquo;une importance consid\u00e9rable pour l&rsquo;art des Accouchements, complet en 4 tomes. Comprend\u00a0: Avertissement, vj-vij\u00a0; Pr\u00e9face, x-xvj. Puis le texte divis\u00e9 en Introduction et 4 livres. Int\u00e9rieur tr\u00e8s fais, propre et int\u00e8gre. Coins et champs frott\u00e9s, coins tr\u00e8s l\u00e9g\u00e8rement \u00e9mouss\u00e9s. Plats frott\u00e9s, avec griffes et \u00e9pidermures. Mors sup\u00e9rieur fendu en t\u00eate et queue de plats sup\u00e9rieur et inf\u00e9rieur. Dos frott\u00e9 avec \u00e9pidermures, coiffe et queue aras\u00e9es.<\/p>\n","protected":false},"excerpt":{"rendered":"<p>William Smellie &#8211; Chez Th\u00e9ophile Barrois le jeune In-8 plein veau tachet\u00e9, dos \u00e0 cinq nerfs, orn\u00e9 d\u2019une pi\u00e8ce de titre, d\u2019une pi\u00e8ce de tomaison, et fleuronn\u00e9 aux caissons, tranches rouges, 202 x 180, 486p. Avec table. 1771. Traduit de l\u2019anglois par M de Pr\u00e9ville Premi\u00e8re \u00e9dition en fran\u00e7ais du premier volume de ce tr\u00e8s &#8230; <a title=\"Trait\u00e9 de la th\u00e9orie et pratique des accouchements, Tome 1\" class=\"read-more\" href=\"https:\/\/www.livresentre2actions.fr\/fr_fr\/produit\/traite-de-la-theorie-et-pratique-des-accouchements-tome-1\/\" aria-label=\"En savoir plus sur Trait\u00e9 de la th\u00e9orie et pratique des accouchements, Tome 1\">Lire plus<\/a><\/p>\n","protected":false},"featured_media":11319,"template":"","meta":{"_eb_attr":""},"product_brand":[],"product_cat":[36,70],"product_tag":[],"class_list":{"0":"post-11318","1":"product","2":"type-product","3":"status-publish","4":"has-post-thumbnail","6":"product_cat-entre-le-xviiieme-et-le-xixeme-siecle","7":"product_cat-medecine-et-nature","8":"sales-flash-overlay","9":"woocommerce-text-align-center","10":"woocommerce-image-align-center","11":"wc-has-gallery","13":"first","14":"instock","15":"taxable","16":"shipping-taxable","17":"purchasable","18":"product-type-simple"},"aioseo_notices":[],"_links":{"self":[{"href":"https:\/\/www.livresentre2actions.fr\/fr_fr\/wp-json\/wp\/v2\/product\/11318","targetHints":{"allow":["GET"]}}],"collection":[{"href":"https:\/\/www.livresentre2actions.fr\/fr_fr\/wp-json\/wp\/v2\/product"}],"about":[{"href":"https:\/\/www.livresentre2actions.fr\/fr_fr\/wp-json\/wp\/v2\/types\/product"}],"wp:featuredmedia":[{"embeddable":true,"href":"https:\/\/www.livresentre2actions.fr\/fr_fr\/wp-json\/wp\/v2\/media\/11319"}],"wp:attachment":[{"href":"https:\/\/www.livresentre2actions.fr\/fr_fr\/wp-json\/wp\/v2\/media?parent=11318"}],"wp:term":[{"taxonomy":"product_brand","embeddable":true,"href":"https:\/\/www.livresentre2actions.fr\/fr_fr\/wp-json\/wp\/v2\/product_brand?post=11318"},{"taxonomy":"product_cat","embeddable":true,"href":"https:\/\/www.livresentre2actions.fr\/fr_fr\/wp-json\/wp\/v2\/product_cat?post=11318"},{"taxonomy":"product_tag","embeddable":true,"href":"https:\/\/www.livresentre2actions.fr\/fr_fr\/wp-json\/wp\/v2\/product_tag?post=11318"}],"curies":[{"name":"wp","href":"https:\/\/api.w.org\/{rel}","templated":true}]}}