{"id":11304,"date":"2025-03-12T15:48:13","date_gmt":"2025-03-12T14:48:13","guid":{"rendered":"https:\/\/www.livresentre2actions.fr\/?post_type=product&#038;p=11304"},"modified":"2025-08-27T12:18:14","modified_gmt":"2025-08-27T10:18:14","slug":"contes-et-recits-en-prose-francois-coppee","status":"publish","type":"product","link":"https:\/\/www.livresentre2actions.fr\/fr_fr\/produit\/contes-et-recits-en-prose-francois-coppee\/","title":{"rendered":"Contes et r\u00e9cits en prose &#8211; Fran\u00e7ois Copp\u00e9e"},"content":{"rendered":"<p>Alphonse Lemerre \u00e9diteur &#8211;<\/p>\n<p>Demi cuir noir \u00e0 coin, dos \u00e0 faux-nerfs, signet, tranche de t\u00eate dor\u00e9e, 253 x 170, 290p. Sans date. Edition illustr\u00e9e de 150 dessins de Henri Pille, grav\u00e9s par Alfred Prunaire. Int\u00e9rieur l\u00e9g\u00e8rement insol\u00e9, rousseurs en marge, et en d\u00e9but et fin de volume. Champs et ch\u00e2sses l\u00e9g\u00e8rement frott\u00e9s. Coins frott\u00e9s, mais bons. Plats sup\u00e9rieur propre et int\u00e8gre. Une \u00e9pidermure en plat inf\u00e9rieur en coin. Dos tr\u00e8s bon, avec micro \u00e9pidemure en plein et en coiffe. Bel exemplaire.<\/p>\n","protected":false},"excerpt":{"rendered":"<p>Alphonse Lemerre \u00e9diteur &#8211; Demi cuir noir \u00e0 coin, dos \u00e0 faux-nerfs, signet, tranche de t\u00eate dor\u00e9e, 253 x 170, 290p. Sans date. Edition illustr\u00e9e de 150 dessins de Henri Pille, grav\u00e9s par Alfred Prunaire. Int\u00e9rieur l\u00e9g\u00e8rement insol\u00e9, rousseurs en marge, et en d\u00e9but et fin de volume. Champs et ch\u00e2sses l\u00e9g\u00e8rement frott\u00e9s. Coins frott\u00e9s, &#8230; <a title=\"Contes et r\u00e9cits en prose &#8211; Fran\u00e7ois Copp\u00e9e\" class=\"read-more\" href=\"https:\/\/www.livresentre2actions.fr\/fr_fr\/produit\/contes-et-recits-en-prose-francois-coppee\/\" aria-label=\"En savoir plus sur Contes et r\u00e9cits en prose &#8211; Fran\u00e7ois Copp\u00e9e\">Lire plus<\/a><\/p>\n","protected":false},"featured_media":11305,"template":"","meta":{"_eb_attr":""},"product_brand":[],"product_cat":[37,72,71,76],"product_tag":[86],"class_list":{"0":"post-11304","1":"product","2":"type-product","3":"status-publish","4":"has-post-thumbnail","6":"product_cat-a-partir-du-xxeme-siecle","7":"product_cat-divers","8":"product_cat-illustres-modernes-editions-originales-signees-numerotees","9":"product_cat-poesie-theatre-prose","10":"product_tag-illustre","11":"sales-flash-overlay","12":"woocommerce-text-align-center","13":"woocommerce-image-align-center","14":"wc-has-gallery","16":"first","17":"instock","18":"taxable","19":"shipping-taxable","20":"purchasable","21":"product-type-simple"},"aioseo_notices":[],"_links":{"self":[{"href":"https:\/\/www.livresentre2actions.fr\/fr_fr\/wp-json\/wp\/v2\/product\/11304","targetHints":{"allow":["GET"]}}],"collection":[{"href":"https:\/\/www.livresentre2actions.fr\/fr_fr\/wp-json\/wp\/v2\/product"}],"about":[{"href":"https:\/\/www.livresentre2actions.fr\/fr_fr\/wp-json\/wp\/v2\/types\/product"}],"wp:featuredmedia":[{"embeddable":true,"href":"https:\/\/www.livresentre2actions.fr\/fr_fr\/wp-json\/wp\/v2\/media\/11305"}],"wp:attachment":[{"href":"https:\/\/www.livresentre2actions.fr\/fr_fr\/wp-json\/wp\/v2\/media?parent=11304"}],"wp:term":[{"taxonomy":"product_brand","embeddable":true,"href":"https:\/\/www.livresentre2actions.fr\/fr_fr\/wp-json\/wp\/v2\/product_brand?post=11304"},{"taxonomy":"product_cat","embeddable":true,"href":"https:\/\/www.livresentre2actions.fr\/fr_fr\/wp-json\/wp\/v2\/product_cat?post=11304"},{"taxonomy":"product_tag","embeddable":true,"href":"https:\/\/www.livresentre2actions.fr\/fr_fr\/wp-json\/wp\/v2\/product_tag?post=11304"}],"curies":[{"name":"wp","href":"https:\/\/api.w.org\/{rel}","templated":true}]}}