{"id":11282,"date":"2025-03-12T15:28:47","date_gmt":"2025-03-12T14:28:47","guid":{"rendered":"https:\/\/www.livresentre2actions.fr\/?post_type=product&#038;p=11282"},"modified":"2025-03-12T15:28:48","modified_gmt":"2025-03-12T14:28:48","slug":"toul-pendant-la-revolution-albert-denis","status":"publish","type":"product","link":"https:\/\/www.livresentre2actions.fr\/fr_fr\/produit\/toul-pendant-la-revolution-albert-denis\/","title":{"rendered":"Toul pendant la R\u00e9volution. &#8211; Albert Denis"},"content":{"rendered":"<p>Toul pendant la R\u00e9volution. De la convocation des Etats G\u00e9n\u00e9raux \u00e0 l\u2019abolition de la Royaut\u00e9 (5 juillet 1788 \u2013 21 sept. 1792)<\/p>\n<p>Albert Denis &#8211; Lemaire,<\/p>\n<p>Demi-toil\u00e9 bleu \u00e0 dos long, 215 x 140, 419p. 1892.Ouvrage tir\u00e9 \u00e0 350 exemplaires. Avec 7 gravures hors texte. Int\u00e9rieur insol\u00e9 mais tr\u00e8s bon, propre et int\u00e8gre. Plats, coins et champs frott\u00e9s, Rousseurs sur les tranches. Une \u00e9tiquette coll\u00e9e en pied de plats, sup\u00e9rieur et inf\u00e9rieur. Bien ferme.<\/p>\n","protected":false},"excerpt":{"rendered":"<p>Toul pendant la R\u00e9volution. De la convocation des Etats G\u00e9n\u00e9raux \u00e0 l\u2019abolition de la Royaut\u00e9 (5 juillet 1788 \u2013 21 sept. 1792) Albert Denis &#8211; Lemaire, Demi-toil\u00e9 bleu \u00e0 dos long, 215 x 140, 419p. 1892.Ouvrage tir\u00e9 \u00e0 350 exemplaires. Avec 7 gravures hors texte. Int\u00e9rieur insol\u00e9 mais tr\u00e8s bon, propre et int\u00e8gre. Plats, coins &#8230; <a title=\"Toul pendant la R\u00e9volution. &#8211; Albert Denis\" class=\"read-more\" href=\"https:\/\/www.livresentre2actions.fr\/fr_fr\/produit\/toul-pendant-la-revolution-albert-denis\/\" aria-label=\"En savoir plus sur Toul pendant la R\u00e9volution. &#8211; Albert Denis\">Lire plus<\/a><\/p>\n","protected":false},"featured_media":11283,"template":"","meta":{"_eb_attr":""},"product_brand":[],"product_cat":[36,73],"product_tag":[],"class_list":{"0":"post-11282","1":"product","2":"type-product","3":"status-publish","4":"has-post-thumbnail","6":"product_cat-entre-le-xviiieme-et-le-xixeme-siecle","7":"product_cat-histoires-et-recits-de-voyage","8":"sales-flash-overlay","9":"woocommerce-text-align-center","10":"woocommerce-image-align-center","11":"wc-has-gallery","13":"first","14":"instock","15":"taxable","16":"shipping-taxable","17":"purchasable","18":"product-type-simple"},"aioseo_notices":[],"_links":{"self":[{"href":"https:\/\/www.livresentre2actions.fr\/fr_fr\/wp-json\/wp\/v2\/product\/11282","targetHints":{"allow":["GET"]}}],"collection":[{"href":"https:\/\/www.livresentre2actions.fr\/fr_fr\/wp-json\/wp\/v2\/product"}],"about":[{"href":"https:\/\/www.livresentre2actions.fr\/fr_fr\/wp-json\/wp\/v2\/types\/product"}],"wp:featuredmedia":[{"embeddable":true,"href":"https:\/\/www.livresentre2actions.fr\/fr_fr\/wp-json\/wp\/v2\/media\/11283"}],"wp:attachment":[{"href":"https:\/\/www.livresentre2actions.fr\/fr_fr\/wp-json\/wp\/v2\/media?parent=11282"}],"wp:term":[{"taxonomy":"product_brand","embeddable":true,"href":"https:\/\/www.livresentre2actions.fr\/fr_fr\/wp-json\/wp\/v2\/product_brand?post=11282"},{"taxonomy":"product_cat","embeddable":true,"href":"https:\/\/www.livresentre2actions.fr\/fr_fr\/wp-json\/wp\/v2\/product_cat?post=11282"},{"taxonomy":"product_tag","embeddable":true,"href":"https:\/\/www.livresentre2actions.fr\/fr_fr\/wp-json\/wp\/v2\/product_tag?post=11282"}],"curies":[{"name":"wp","href":"https:\/\/api.w.org\/{rel}","templated":true}]}}