{"id":11268,"date":"2025-03-12T15:24:55","date_gmt":"2025-03-12T14:24:55","guid":{"rendered":"https:\/\/www.livresentre2actions.fr\/?post_type=product&#038;p=11268"},"modified":"2025-08-25T14:19:59","modified_gmt":"2025-08-25T12:19:59","slug":"les-seigneurs-de-chateauvoue-966-1793","status":"publish","type":"product","link":"https:\/\/www.livresentre2actions.fr\/fr_fr\/produit\/les-seigneurs-de-chateauvoue-966-1793\/","title":{"rendered":"Les seigneurs de Chateauvou\u00e9 966-1793"},"content":{"rendered":"<p>Abb\u00e9 L. Jean &#8211; Cr\u00e9pin-Leblond \u00e9diteur<\/p>\n<p>Demi-percaline \u00e0 dos long muet, 237 x 153, 246p. 1897. E.O. Avec 17 planches hors texte. Complet. Int\u00e9rieur insol\u00e9, mais propre et int\u00e8gre. Planches int\u00e8gres, une d\u00e9chirure dans le pli de la carte (pl. 17). 4 \u00e9tiquettes sur les plats. Plats et dos insol\u00e9s et frott\u00e9s, mais int\u00e8gres. Bien ferme.<\/p>\n","protected":false},"excerpt":{"rendered":"<p>Abb\u00e9 L. Jean &#8211; Cr\u00e9pin-Leblond \u00e9diteur Demi-percaline \u00e0 dos long muet, 237 x 153, 246p. 1897. E.O. Avec 17 planches hors texte. Complet. Int\u00e9rieur insol\u00e9, mais propre et int\u00e8gre. Planches int\u00e8gres, une d\u00e9chirure dans le pli de la carte (pl. 17). 4 \u00e9tiquettes sur les plats. Plats et dos insol\u00e9s et frott\u00e9s, mais int\u00e8gres. Bien &#8230; <a title=\"Les seigneurs de Chateauvou\u00e9 966-1793\" class=\"read-more\" href=\"https:\/\/www.livresentre2actions.fr\/fr_fr\/produit\/les-seigneurs-de-chateauvoue-966-1793\/\" aria-label=\"En savoir plus sur Les seigneurs de Chateauvou\u00e9 966-1793\">Lire plus<\/a><\/p>\n","protected":false},"featured_media":11269,"template":"","meta":{"_eb_attr":""},"product_brand":[],"product_cat":[36,71,73],"product_tag":[],"class_list":{"0":"post-11268","1":"product","2":"type-product","3":"status-publish","4":"has-post-thumbnail","6":"product_cat-entre-le-xviiieme-et-le-xixeme-siecle","7":"product_cat-illustres-modernes-editions-originales-signees-numerotees","8":"product_cat-histoires-et-recits-de-voyage","9":"sales-flash-overlay","10":"woocommerce-text-align-center","11":"woocommerce-image-align-center","12":"wc-has-gallery","14":"first","15":"instock","16":"taxable","17":"shipping-taxable","18":"purchasable","19":"product-type-simple"},"aioseo_notices":[],"_links":{"self":[{"href":"https:\/\/www.livresentre2actions.fr\/fr_fr\/wp-json\/wp\/v2\/product\/11268","targetHints":{"allow":["GET"]}}],"collection":[{"href":"https:\/\/www.livresentre2actions.fr\/fr_fr\/wp-json\/wp\/v2\/product"}],"about":[{"href":"https:\/\/www.livresentre2actions.fr\/fr_fr\/wp-json\/wp\/v2\/types\/product"}],"wp:featuredmedia":[{"embeddable":true,"href":"https:\/\/www.livresentre2actions.fr\/fr_fr\/wp-json\/wp\/v2\/media\/11269"}],"wp:attachment":[{"href":"https:\/\/www.livresentre2actions.fr\/fr_fr\/wp-json\/wp\/v2\/media?parent=11268"}],"wp:term":[{"taxonomy":"product_brand","embeddable":true,"href":"https:\/\/www.livresentre2actions.fr\/fr_fr\/wp-json\/wp\/v2\/product_brand?post=11268"},{"taxonomy":"product_cat","embeddable":true,"href":"https:\/\/www.livresentre2actions.fr\/fr_fr\/wp-json\/wp\/v2\/product_cat?post=11268"},{"taxonomy":"product_tag","embeddable":true,"href":"https:\/\/www.livresentre2actions.fr\/fr_fr\/wp-json\/wp\/v2\/product_tag?post=11268"}],"curies":[{"name":"wp","href":"https:\/\/api.w.org\/{rel}","templated":true}]}}