{"id":11258,"date":"2025-03-12T15:18:12","date_gmt":"2025-03-12T14:18:12","guid":{"rendered":"https:\/\/www.livresentre2actions.fr\/?post_type=product&#038;p=11258"},"modified":"2025-03-12T15:18:13","modified_gmt":"2025-03-12T14:18:13","slug":"etude-historique-de-lancien-ban-de-fraize","status":"publish","type":"product","link":"https:\/\/www.livresentre2actions.fr\/fr_fr\/produit\/etude-historique-de-lancien-ban-de-fraize\/","title":{"rendered":"Etude historique de l\u2019ancien ban de Fraize"},"content":{"rendered":"<p>Abb\u00e9 Georges Flayeux &#8211; Saint-Di\u00e9<\/p>\n<p>Cartonnage \u00e0 dos long percaline muet, 247 x 160, 191p. Sans date. Extrait du bulletin de la Soci\u00e9t\u00e9 Philomatique Vosgienne ann\u00e9es 1899-1900, 1901-1902, 1902-1903. Int\u00e9rieur insol\u00e9 mais propre et int\u00e8gre. Plats et dos insol\u00e9s et frott\u00e9s mais propres et int\u00e8gres, avec une petite d\u00e9chirure de papier en plat sup\u00e9rieur. Bien ferme.<\/p>\n","protected":false},"excerpt":{"rendered":"<p>Abb\u00e9 Georges Flayeux &#8211; Saint-Di\u00e9 Cartonnage \u00e0 dos long percaline muet, 247 x 160, 191p. Sans date. Extrait du bulletin de la Soci\u00e9t\u00e9 Philomatique Vosgienne ann\u00e9es 1899-1900, 1901-1902, 1902-1903. Int\u00e9rieur insol\u00e9 mais propre et int\u00e8gre. Plats et dos insol\u00e9s et frott\u00e9s mais propres et int\u00e8gres, avec une petite d\u00e9chirure de papier en plat sup\u00e9rieur. Bien &#8230; <a title=\"Etude historique de l\u2019ancien ban de Fraize\" class=\"read-more\" href=\"https:\/\/www.livresentre2actions.fr\/fr_fr\/produit\/etude-historique-de-lancien-ban-de-fraize\/\" aria-label=\"En savoir plus sur Etude historique de l\u2019ancien ban de Fraize\">Lire plus<\/a><\/p>\n","protected":false},"featured_media":11259,"template":"","meta":{"_eb_attr":""},"product_brand":[],"product_cat":[37,73],"product_tag":[],"class_list":{"0":"post-11258","1":"product","2":"type-product","3":"status-publish","4":"has-post-thumbnail","6":"product_cat-a-partir-du-xxeme-siecle","7":"product_cat-histoires-et-recits-de-voyage","8":"sales-flash-overlay","9":"woocommerce-text-align-center","10":"woocommerce-image-align-center","11":"wc-has-gallery","13":"first","14":"instock","15":"taxable","16":"shipping-taxable","17":"purchasable","18":"product-type-simple"},"aioseo_notices":[],"_links":{"self":[{"href":"https:\/\/www.livresentre2actions.fr\/fr_fr\/wp-json\/wp\/v2\/product\/11258","targetHints":{"allow":["GET"]}}],"collection":[{"href":"https:\/\/www.livresentre2actions.fr\/fr_fr\/wp-json\/wp\/v2\/product"}],"about":[{"href":"https:\/\/www.livresentre2actions.fr\/fr_fr\/wp-json\/wp\/v2\/types\/product"}],"wp:featuredmedia":[{"embeddable":true,"href":"https:\/\/www.livresentre2actions.fr\/fr_fr\/wp-json\/wp\/v2\/media\/11259"}],"wp:attachment":[{"href":"https:\/\/www.livresentre2actions.fr\/fr_fr\/wp-json\/wp\/v2\/media?parent=11258"}],"wp:term":[{"taxonomy":"product_brand","embeddable":true,"href":"https:\/\/www.livresentre2actions.fr\/fr_fr\/wp-json\/wp\/v2\/product_brand?post=11258"},{"taxonomy":"product_cat","embeddable":true,"href":"https:\/\/www.livresentre2actions.fr\/fr_fr\/wp-json\/wp\/v2\/product_cat?post=11258"},{"taxonomy":"product_tag","embeddable":true,"href":"https:\/\/www.livresentre2actions.fr\/fr_fr\/wp-json\/wp\/v2\/product_tag?post=11258"}],"curies":[{"name":"wp","href":"https:\/\/api.w.org\/{rel}","templated":true}]}}