{"id":11213,"date":"2025-03-11T15:34:32","date_gmt":"2025-03-11T14:34:32","guid":{"rendered":"https:\/\/www.livresentre2actions.fr\/?post_type=product&#038;p=11213"},"modified":"2025-05-18T23:25:57","modified_gmt":"2025-05-18T21:25:57","slug":"explorations-dans-linterieur-de-lafrique-australe","status":"publish","type":"product","link":"https:\/\/www.livresentre2actions.fr\/fr_fr\/produit\/explorations-dans-linterieur-de-lafrique-australe\/","title":{"rendered":"Explorations dans l\u2019int\u00e9rieur de l\u2019Afrique australe"},"content":{"rendered":"<p>David Livingstone &#8211;\u00a0Librairie Hachette<\/p>\n<p>Reliure moderne pleine simili chagrin vert deux tons, \u00e0 dos long orn\u00e9 des titre et auteur, 230 x 156, 675p. Suivi de l\u2019Appendice\u00a0: Situations des lieux visit\u00e9s par le docteur Livingstone, 5p. 1877. Nouvelle \u00e9dition. Ouvrage traduit de l\u2019anglais par Mme H. Loreau. 2 frontispices\u00a0: frontispice d\u00e9pliant (traces grises mais int\u00e8gre) vis-\u00e0-vis du titre\u00a0: chutes du Zanb\u00e8se, et portrait de l\u2019auteur juste avant la lettre. 22 planches \u00e0 pleine page hors texte (traces, mais int\u00e8gres), 23 fines figures dans le texte, une planche d\u00e9pliante (Coupe id\u00e9ale du centre de l\u2019Afrique australe), int\u00e8gre, avec consolidation adh\u00e9sive au verso des plis, et 2 cartes in fine tr\u00e8s incompl\u00e8tes, gliss\u00e9es sous claque pour la seconde\u00a0: un bon tiers manque sur la premi\u00e8re avec une d\u00e9chirure sans manque\u00a0; au 3\/4 manquante pour la seconde. D\u00e9fauts dans le texte\u00a0: pages 55-56 et 57-58 manquantes, soit le d\u00e9but du chapitre III\u00a0; et une page avec une d\u00e9chirure sans manque. Page de faux-titre restaur\u00e9 en marge int\u00e9rieure, et page de titre avec une restauration adh\u00e9sive. Nombreuses traces taches grises sur les planches et pages. Pages un peu gondol\u00e9es et claquantes dans le dernier tiers. Provenance\u00a0: cercle royal de Quaregnon\u00a0: Biblioth\u00e8que populaire de Quaregnon, comme l\u2019indiquent les deux tampons un au faux-titre et un en page de titre\u00a0; un code au titre et en faux-titre. En contreplat sup\u00e9rieur\u00a0: vignette d\u2019un libraire belge de Kessel-Lo. Page de faux-titre restaur\u00e9 en marge int\u00e9rieure, et page de titre avec une restauration adh\u00e9sive. Coins frott\u00e9s avec \u00e9pidermures, mais reliure en tr\u00e8s bel \u00e9tat.<\/p>\n","protected":false},"excerpt":{"rendered":"<p>David Livingstone &#8211;\u00a0Librairie Hachette Reliure moderne pleine simili chagrin vert deux tons, \u00e0 dos long orn\u00e9 des titre et auteur, 230 x 156, 675p. Suivi de l\u2019Appendice\u00a0: Situations des lieux visit\u00e9s par le docteur Livingstone, 5p. 1877. Nouvelle \u00e9dition. Ouvrage traduit de l\u2019anglais par Mme H. Loreau. 2 frontispices\u00a0: frontispice d\u00e9pliant (traces grises mais int\u00e8gre) &#8230; <a title=\"Explorations dans l\u2019int\u00e9rieur de l\u2019Afrique australe\" class=\"read-more\" href=\"https:\/\/www.livresentre2actions.fr\/fr_fr\/produit\/explorations-dans-linterieur-de-lafrique-australe\/\" aria-label=\"En savoir plus sur Explorations dans l\u2019int\u00e9rieur de l\u2019Afrique australe\">Lire plus<\/a><\/p>\n","protected":false},"featured_media":11214,"template":"","meta":{"_eb_attr":""},"product_brand":[],"product_cat":[36,73],"product_tag":[],"class_list":{"0":"post-11213","1":"product","2":"type-product","3":"status-publish","4":"has-post-thumbnail","6":"product_cat-entre-le-xviiieme-et-le-xixeme-siecle","7":"product_cat-histoires-et-recits-de-voyage","8":"sales-flash-overlay","9":"woocommerce-text-align-center","10":"woocommerce-image-align-center","11":"wc-has-gallery","13":"first","14":"outofstock","15":"taxable","16":"shipping-taxable","17":"purchasable","18":"product-type-simple"},"aioseo_notices":[],"_links":{"self":[{"href":"https:\/\/www.livresentre2actions.fr\/fr_fr\/wp-json\/wp\/v2\/product\/11213","targetHints":{"allow":["GET"]}}],"collection":[{"href":"https:\/\/www.livresentre2actions.fr\/fr_fr\/wp-json\/wp\/v2\/product"}],"about":[{"href":"https:\/\/www.livresentre2actions.fr\/fr_fr\/wp-json\/wp\/v2\/types\/product"}],"wp:featuredmedia":[{"embeddable":true,"href":"https:\/\/www.livresentre2actions.fr\/fr_fr\/wp-json\/wp\/v2\/media\/11214"}],"wp:attachment":[{"href":"https:\/\/www.livresentre2actions.fr\/fr_fr\/wp-json\/wp\/v2\/media?parent=11213"}],"wp:term":[{"taxonomy":"product_brand","embeddable":true,"href":"https:\/\/www.livresentre2actions.fr\/fr_fr\/wp-json\/wp\/v2\/product_brand?post=11213"},{"taxonomy":"product_cat","embeddable":true,"href":"https:\/\/www.livresentre2actions.fr\/fr_fr\/wp-json\/wp\/v2\/product_cat?post=11213"},{"taxonomy":"product_tag","embeddable":true,"href":"https:\/\/www.livresentre2actions.fr\/fr_fr\/wp-json\/wp\/v2\/product_tag?post=11213"}],"curies":[{"name":"wp","href":"https:\/\/api.w.org\/{rel}","templated":true}]}}