{"id":11182,"date":"2025-03-11T15:13:38","date_gmt":"2025-03-11T14:13:38","guid":{"rendered":"https:\/\/www.livresentre2actions.fr\/?post_type=product&#038;p=11182"},"modified":"2025-03-11T15:13:40","modified_gmt":"2025-03-11T14:13:40","slug":"questions-diplomatiques-et-coloniales-tome-xxviii-1909","status":"publish","type":"product","link":"https:\/\/www.livresentre2actions.fr\/fr_fr\/produit\/questions-diplomatiques-et-coloniales-tome-xxviii-1909\/","title":{"rendered":"Questions diplomatiques et coloniales. Tome XXVIII. 1909"},"content":{"rendered":"<p>Questions diplomatiques et coloniales. Tome XXVIII. Revue de politique ext\u00e9rieure. Treizi\u00e8me ann\u00e9e 1909.<\/p>\n<p>Sans nom [Paris, R\u00e9daction et administration]<\/p>\n<p>Demi-veau brun \u00e0 dos long orn\u00e9 du titre, 242 x 161, 767p. Avec table. 1909. Paraissant le 1er et le 16 de chaque mois. Recueil bien complet des 12 livraisons, de la livraison du 01\/07\/1909 \u00e0 celle du 16\/12\/1909. . Comprend notamment 10 cartes et La question cr\u00e9toise \/ la situation en Perse \/ La marine italienne \/ Les troubles en Catalogne \/ Le probl\u00e8me irlandais \/La jeune Turquie et l\u2019avenir du panislamisme \/ Les colonies portugaises, Le Mozambique \/ La crise hell\u00e9nique \/La r\u00e9percussion de la victoire autrichienne sur les \u00e9tats danubiens et balkaniques \/ ou encore Les Espagnols dans le Rif. Int\u00e9rieur propre et int\u00e8gre. Reliure tr\u00e8s frott\u00e9es avec nombreuses \u00e9pidermures. Bon exemplaire bien ferme.<\/p>\n","protected":false},"excerpt":{"rendered":"<p>Questions diplomatiques et coloniales. Tome XXVIII. Revue de politique ext\u00e9rieure. Treizi\u00e8me ann\u00e9e 1909. Sans nom [Paris, R\u00e9daction et administration] Demi-veau brun \u00e0 dos long orn\u00e9 du titre, 242 x 161, 767p. Avec table. 1909. Paraissant le 1er et le 16 de chaque mois. Recueil bien complet des 12 livraisons, de la livraison du 01\/07\/1909 \u00e0 &#8230; <a title=\"Questions diplomatiques et coloniales. Tome XXVIII. 1909\" class=\"read-more\" href=\"https:\/\/www.livresentre2actions.fr\/fr_fr\/produit\/questions-diplomatiques-et-coloniales-tome-xxviii-1909\/\" aria-label=\"En savoir plus sur Questions diplomatiques et coloniales. Tome XXVIII. 1909\">Lire plus<\/a><\/p>\n","protected":false},"featured_media":11183,"template":"","meta":{"_eb_attr":""},"product_brand":[],"product_cat":[37,73],"product_tag":[],"class_list":{"0":"post-11182","1":"product","2":"type-product","3":"status-publish","4":"has-post-thumbnail","6":"product_cat-a-partir-du-xxeme-siecle","7":"product_cat-histoires-et-recits-de-voyage","8":"sales-flash-overlay","9":"woocommerce-text-align-center","10":"woocommerce-image-align-center","11":"wc-has-gallery","13":"first","14":"instock","15":"taxable","16":"shipping-taxable","17":"purchasable","18":"product-type-simple"},"aioseo_notices":[],"_links":{"self":[{"href":"https:\/\/www.livresentre2actions.fr\/fr_fr\/wp-json\/wp\/v2\/product\/11182","targetHints":{"allow":["GET"]}}],"collection":[{"href":"https:\/\/www.livresentre2actions.fr\/fr_fr\/wp-json\/wp\/v2\/product"}],"about":[{"href":"https:\/\/www.livresentre2actions.fr\/fr_fr\/wp-json\/wp\/v2\/types\/product"}],"wp:featuredmedia":[{"embeddable":true,"href":"https:\/\/www.livresentre2actions.fr\/fr_fr\/wp-json\/wp\/v2\/media\/11183"}],"wp:attachment":[{"href":"https:\/\/www.livresentre2actions.fr\/fr_fr\/wp-json\/wp\/v2\/media?parent=11182"}],"wp:term":[{"taxonomy":"product_brand","embeddable":true,"href":"https:\/\/www.livresentre2actions.fr\/fr_fr\/wp-json\/wp\/v2\/product_brand?post=11182"},{"taxonomy":"product_cat","embeddable":true,"href":"https:\/\/www.livresentre2actions.fr\/fr_fr\/wp-json\/wp\/v2\/product_cat?post=11182"},{"taxonomy":"product_tag","embeddable":true,"href":"https:\/\/www.livresentre2actions.fr\/fr_fr\/wp-json\/wp\/v2\/product_tag?post=11182"}],"curies":[{"name":"wp","href":"https:\/\/api.w.org\/{rel}","templated":true}]}}