{"id":11141,"date":"2025-03-10T16:00:45","date_gmt":"2025-03-10T15:00:45","guid":{"rendered":"https:\/\/www.livresentre2actions.fr\/?post_type=product&#038;p=11141"},"modified":"2025-03-10T16:00:46","modified_gmt":"2025-03-10T15:00:46","slug":"la-culture-de-la-vigne-dans-les-charentes-et-la-production-du-cognac","status":"publish","type":"product","link":"https:\/\/www.livresentre2actions.fr\/fr_fr\/produit\/la-culture-de-la-vigne-dans-les-charentes-et-la-production-du-cognac\/","title":{"rendered":"La culture de la vigne dans les Charentes et la production du cognac"},"content":{"rendered":"<p>Henri Prioton &#8211; J.-B. Bailli\u00e8re et fils<\/p>\n<p>Cartonnage rouge de l&rsquo;\u00e9diteur, d\u00e9cor noir sur le plat sup\u00e9rieur encadrant le titre, 180 x 120, 134 pp. Avec table. 1929. Pr\u00e9c\u00e9d\u00e9 et in fine\u00a0: feuillets publicitaires. 38 photographies en noir dans le texte, un carte et des tableaux. Except\u00e9 une br\u00e8ve tache d\u2019encre en plein tranche m\u00e9diane avec d\u00e9bordement en marge du texte, int\u00e9rieur propre et int\u00e8gre. Cartonnage frott\u00e9 et insol\u00e9;frottements\u00a0; mors sup\u00e9rieur bri\u00e8vement fendu en t\u00eate.<\/p>\n","protected":false},"excerpt":{"rendered":"<p>Henri Prioton &#8211; J.-B. Bailli\u00e8re et fils Cartonnage rouge de l&rsquo;\u00e9diteur, d\u00e9cor noir sur le plat sup\u00e9rieur encadrant le titre, 180 x 120, 134 pp. Avec table. 1929. Pr\u00e9c\u00e9d\u00e9 et in fine\u00a0: feuillets publicitaires. 38 photographies en noir dans le texte, un carte et des tableaux. Except\u00e9 une br\u00e8ve tache d\u2019encre en plein tranche m\u00e9diane &#8230; <a title=\"La culture de la vigne dans les Charentes et la production du cognac\" class=\"read-more\" href=\"https:\/\/www.livresentre2actions.fr\/fr_fr\/produit\/la-culture-de-la-vigne-dans-les-charentes-et-la-production-du-cognac\/\" aria-label=\"En savoir plus sur La culture de la vigne dans les Charentes et la production du cognac\">Lire plus<\/a><\/p>\n","protected":false},"featured_media":11142,"template":"","meta":{"_eb_attr":""},"product_brand":[],"product_cat":[37,72,70,69],"product_tag":[],"class_list":{"0":"post-11141","1":"product","2":"type-product","3":"status-publish","4":"has-post-thumbnail","6":"product_cat-a-partir-du-xxeme-siecle","7":"product_cat-divers","8":"product_cat-medecine-et-nature","9":"product_cat-sciences-et-techniques","10":"sales-flash-overlay","11":"woocommerce-text-align-center","12":"woocommerce-image-align-center","13":"wc-has-gallery","15":"first","16":"instock","17":"taxable","18":"shipping-taxable","19":"purchasable","20":"product-type-simple"},"aioseo_notices":[],"_links":{"self":[{"href":"https:\/\/www.livresentre2actions.fr\/fr_fr\/wp-json\/wp\/v2\/product\/11141","targetHints":{"allow":["GET"]}}],"collection":[{"href":"https:\/\/www.livresentre2actions.fr\/fr_fr\/wp-json\/wp\/v2\/product"}],"about":[{"href":"https:\/\/www.livresentre2actions.fr\/fr_fr\/wp-json\/wp\/v2\/types\/product"}],"wp:featuredmedia":[{"embeddable":true,"href":"https:\/\/www.livresentre2actions.fr\/fr_fr\/wp-json\/wp\/v2\/media\/11142"}],"wp:attachment":[{"href":"https:\/\/www.livresentre2actions.fr\/fr_fr\/wp-json\/wp\/v2\/media?parent=11141"}],"wp:term":[{"taxonomy":"product_brand","embeddable":true,"href":"https:\/\/www.livresentre2actions.fr\/fr_fr\/wp-json\/wp\/v2\/product_brand?post=11141"},{"taxonomy":"product_cat","embeddable":true,"href":"https:\/\/www.livresentre2actions.fr\/fr_fr\/wp-json\/wp\/v2\/product_cat?post=11141"},{"taxonomy":"product_tag","embeddable":true,"href":"https:\/\/www.livresentre2actions.fr\/fr_fr\/wp-json\/wp\/v2\/product_tag?post=11141"}],"curies":[{"name":"wp","href":"https:\/\/api.w.org\/{rel}","templated":true}]}}