{"id":11096,"date":"2025-03-10T15:40:07","date_gmt":"2025-03-10T14:40:07","guid":{"rendered":"https:\/\/www.livresentre2actions.fr\/?post_type=product&#038;p=11096"},"modified":"2025-08-25T14:20:00","modified_gmt":"2025-08-25T12:20:00","slug":"san-antonio-nogalar","status":"publish","type":"product","link":"https:\/\/www.livresentre2actions.fr\/fr_fr\/produit\/san-antonio-nogalar\/","title":{"rendered":"San Antonio Nogalar"},"content":{"rendered":"<p>Guy Stresser-Pean &#8211; Mission arch\u00e9ologique et ethnologique fran\u00e7aise au Mexique<\/p>\n<p>Collection Etudes m\u00e9soam\u00e9ricaines III. Pleine toile \u00e9diteur sous jaquette, 253 x 220, 909p. Avec tables et errata. Mexico, 1977. Bien complet de ses deux planches d\u00e9pliantes (int\u00e8gres) dans la pochette du contreplat inf\u00e9rieur (carte du site arch\u00e9ologique\u00a0; Types et formes des poteries). Int\u00e9rieur et pleine toile propres et int\u00e8gres. Jaquette l\u00e9g\u00e8rement insol\u00e9e et frott\u00e9e, mais propre et int\u00e8gre. Bel exemplaire bien ferme.<\/p>\n","protected":false},"excerpt":{"rendered":"<p>Guy Stresser-Pean &#8211; Mission arch\u00e9ologique et ethnologique fran\u00e7aise au Mexique Collection Etudes m\u00e9soam\u00e9ricaines III. Pleine toile \u00e9diteur sous jaquette, 253 x 220, 909p. Avec tables et errata. Mexico, 1977. Bien complet de ses deux planches d\u00e9pliantes (int\u00e8gres) dans la pochette du contreplat inf\u00e9rieur (carte du site arch\u00e9ologique\u00a0; Types et formes des poteries). Int\u00e9rieur et pleine &#8230; <a title=\"San Antonio Nogalar\" class=\"read-more\" href=\"https:\/\/www.livresentre2actions.fr\/fr_fr\/produit\/san-antonio-nogalar\/\" aria-label=\"En savoir plus sur San Antonio Nogalar\">Lire plus<\/a><\/p>\n","protected":false},"featured_media":11097,"template":"","meta":{"_eb_attr":""},"product_brand":[],"product_cat":[37,71,73],"product_tag":[],"class_list":{"0":"post-11096","1":"product","2":"type-product","3":"status-publish","4":"has-post-thumbnail","6":"product_cat-a-partir-du-xxeme-siecle","7":"product_cat-illustres-modernes-editions-originales-signees-numerotees","8":"product_cat-histoires-et-recits-de-voyage","9":"sales-flash-overlay","10":"woocommerce-text-align-center","11":"woocommerce-image-align-center","12":"wc-has-gallery","14":"first","15":"instock","16":"taxable","17":"shipping-taxable","18":"purchasable","19":"product-type-simple"},"aioseo_notices":[],"_links":{"self":[{"href":"https:\/\/www.livresentre2actions.fr\/fr_fr\/wp-json\/wp\/v2\/product\/11096","targetHints":{"allow":["GET"]}}],"collection":[{"href":"https:\/\/www.livresentre2actions.fr\/fr_fr\/wp-json\/wp\/v2\/product"}],"about":[{"href":"https:\/\/www.livresentre2actions.fr\/fr_fr\/wp-json\/wp\/v2\/types\/product"}],"wp:featuredmedia":[{"embeddable":true,"href":"https:\/\/www.livresentre2actions.fr\/fr_fr\/wp-json\/wp\/v2\/media\/11097"}],"wp:attachment":[{"href":"https:\/\/www.livresentre2actions.fr\/fr_fr\/wp-json\/wp\/v2\/media?parent=11096"}],"wp:term":[{"taxonomy":"product_brand","embeddable":true,"href":"https:\/\/www.livresentre2actions.fr\/fr_fr\/wp-json\/wp\/v2\/product_brand?post=11096"},{"taxonomy":"product_cat","embeddable":true,"href":"https:\/\/www.livresentre2actions.fr\/fr_fr\/wp-json\/wp\/v2\/product_cat?post=11096"},{"taxonomy":"product_tag","embeddable":true,"href":"https:\/\/www.livresentre2actions.fr\/fr_fr\/wp-json\/wp\/v2\/product_tag?post=11096"}],"curies":[{"name":"wp","href":"https:\/\/api.w.org\/{rel}","templated":true}]}}