{"id":11059,"date":"2025-03-10T15:20:45","date_gmt":"2025-03-10T14:20:45","guid":{"rendered":"https:\/\/www.livresentre2actions.fr\/?post_type=product&#038;p=11059"},"modified":"2025-03-10T15:20:46","modified_gmt":"2025-03-10T14:20:46","slug":"herculanum-et-pompei-dans-les-recits-des-voyageurs-francais-du-xviiie-siecle","status":"publish","type":"product","link":"https:\/\/www.livresentre2actions.fr\/fr_fr\/produit\/herculanum-et-pompei-dans-les-recits-des-voyageurs-francais-du-xviiie-siecle\/","title":{"rendered":"Herculanum et Pompei dans les r\u00e9cits des voyageurs fran\u00e7ais du XVIII\u00e8 si\u00e8cle"},"content":{"rendered":"<p>Chantal Grell &#8211; Centre Jean B\u00e9rard<\/p>\n<p>Broch\u00e9 \u00e0 rabats, 240 x 170, 230p. Avec table. 1982. Exemplaire l\u00e9g\u00e8rement insol\u00e9 et frott\u00e9, mais propre et int\u00e8gre. Bien ferme.<\/p>\n<p>&nbsp;<\/p>\n","protected":false},"excerpt":{"rendered":"<p>Chantal Grell &#8211; Centre Jean B\u00e9rard Broch\u00e9 \u00e0 rabats, 240 x 170, 230p. Avec table. 1982. Exemplaire l\u00e9g\u00e8rement insol\u00e9 et frott\u00e9, mais propre et int\u00e8gre. Bien ferme. &nbsp;<\/p>\n","protected":false},"featured_media":11060,"template":"","meta":{"_eb_attr":""},"product_brand":[],"product_cat":[37,73],"product_tag":[],"class_list":{"0":"post-11059","1":"product","2":"type-product","3":"status-publish","4":"has-post-thumbnail","6":"product_cat-a-partir-du-xxeme-siecle","7":"product_cat-histoires-et-recits-de-voyage","8":"sales-flash-overlay","9":"woocommerce-text-align-center","10":"woocommerce-image-align-center","11":"wc-has-gallery","13":"first","14":"instock","15":"taxable","16":"shipping-taxable","17":"purchasable","18":"product-type-simple"},"aioseo_notices":[],"_links":{"self":[{"href":"https:\/\/www.livresentre2actions.fr\/fr_fr\/wp-json\/wp\/v2\/product\/11059","targetHints":{"allow":["GET"]}}],"collection":[{"href":"https:\/\/www.livresentre2actions.fr\/fr_fr\/wp-json\/wp\/v2\/product"}],"about":[{"href":"https:\/\/www.livresentre2actions.fr\/fr_fr\/wp-json\/wp\/v2\/types\/product"}],"wp:featuredmedia":[{"embeddable":true,"href":"https:\/\/www.livresentre2actions.fr\/fr_fr\/wp-json\/wp\/v2\/media\/11060"}],"wp:attachment":[{"href":"https:\/\/www.livresentre2actions.fr\/fr_fr\/wp-json\/wp\/v2\/media?parent=11059"}],"wp:term":[{"taxonomy":"product_brand","embeddable":true,"href":"https:\/\/www.livresentre2actions.fr\/fr_fr\/wp-json\/wp\/v2\/product_brand?post=11059"},{"taxonomy":"product_cat","embeddable":true,"href":"https:\/\/www.livresentre2actions.fr\/fr_fr\/wp-json\/wp\/v2\/product_cat?post=11059"},{"taxonomy":"product_tag","embeddable":true,"href":"https:\/\/www.livresentre2actions.fr\/fr_fr\/wp-json\/wp\/v2\/product_tag?post=11059"}],"curies":[{"name":"wp","href":"https:\/\/api.w.org\/{rel}","templated":true}]}}