{"id":11039,"date":"2025-03-10T15:17:05","date_gmt":"2025-03-10T14:17:05","guid":{"rendered":"https:\/\/www.livresentre2actions.fr\/?post_type=product&#038;p=11039"},"modified":"2025-04-24T12:29:03","modified_gmt":"2025-04-24T10:29:03","slug":"les-legendes-du-cycle-troyen-2-tomes-complet","status":"publish","type":"product","link":"https:\/\/www.livresentre2actions.fr\/fr_fr\/produit\/les-legendes-du-cycle-troyen-2-tomes-complet\/","title":{"rendered":"Les l\u00e9gendes du cycle troyen, 2 tomes, complet"},"content":{"rendered":"<p>Charles Vellay &#8211; Imprimerie nationale de Monaco<\/p>\n<p>Broch\u00e9, 240 x 166, 1957. T1, 376p. Et T2, pagin\u00e9 378-672. Table dans le T2. In fine du T2 : 3 cartes d\u00e9pliantes int\u00e8gres (except\u00e9 pliures aux angles repli\u00e9s pour une carte). En frontispice du T1 : portrait de l\u2019auteur. Et 18 illustrations au total pour les deux tomes. Tr\u00e8s bons exemplaires, propres, int\u00e8gres, bien fermes. Proches du neuf. Seront exp\u00e9di\u00e9s comme ils sont stock\u00e9s : dans un embo\u00eetage post\u00e9rieur.<\/p>\n","protected":false},"excerpt":{"rendered":"<p>Charles Vellay &#8211; Imprimerie nationale de Monaco Broch\u00e9, 240 x 166, 1957. T1, 376p. Et T2, pagin\u00e9 378-672. Table dans le T2. In fine du T2 : 3 cartes d\u00e9pliantes int\u00e8gres (except\u00e9 pliures aux angles repli\u00e9s pour une carte). En frontispice du T1 : portrait de l\u2019auteur. Et 18 illustrations au total pour les deux &#8230; <a title=\"Les l\u00e9gendes du cycle troyen, 2 tomes, complet\" class=\"read-more\" href=\"https:\/\/www.livresentre2actions.fr\/fr_fr\/produit\/les-legendes-du-cycle-troyen-2-tomes-complet\/\" aria-label=\"En savoir plus sur Les l\u00e9gendes du cycle troyen, 2 tomes, complet\">Lire plus<\/a><\/p>\n","protected":false},"featured_media":11040,"template":"","meta":{"_eb_attr":""},"product_brand":[],"product_cat":[37,72,76],"product_tag":[],"class_list":{"0":"post-11039","1":"product","2":"type-product","3":"status-publish","4":"has-post-thumbnail","6":"product_cat-a-partir-du-xxeme-siecle","7":"product_cat-divers","8":"product_cat-poesie-theatre-prose","9":"sales-flash-overlay","10":"woocommerce-text-align-center","11":"woocommerce-image-align-center","12":"wc-has-gallery","14":"first","15":"instock","16":"taxable","17":"shipping-taxable","18":"purchasable","19":"product-type-simple"},"aioseo_notices":[],"_links":{"self":[{"href":"https:\/\/www.livresentre2actions.fr\/fr_fr\/wp-json\/wp\/v2\/product\/11039","targetHints":{"allow":["GET"]}}],"collection":[{"href":"https:\/\/www.livresentre2actions.fr\/fr_fr\/wp-json\/wp\/v2\/product"}],"about":[{"href":"https:\/\/www.livresentre2actions.fr\/fr_fr\/wp-json\/wp\/v2\/types\/product"}],"wp:featuredmedia":[{"embeddable":true,"href":"https:\/\/www.livresentre2actions.fr\/fr_fr\/wp-json\/wp\/v2\/media\/11040"}],"wp:attachment":[{"href":"https:\/\/www.livresentre2actions.fr\/fr_fr\/wp-json\/wp\/v2\/media?parent=11039"}],"wp:term":[{"taxonomy":"product_brand","embeddable":true,"href":"https:\/\/www.livresentre2actions.fr\/fr_fr\/wp-json\/wp\/v2\/product_brand?post=11039"},{"taxonomy":"product_cat","embeddable":true,"href":"https:\/\/www.livresentre2actions.fr\/fr_fr\/wp-json\/wp\/v2\/product_cat?post=11039"},{"taxonomy":"product_tag","embeddable":true,"href":"https:\/\/www.livresentre2actions.fr\/fr_fr\/wp-json\/wp\/v2\/product_tag?post=11039"}],"curies":[{"name":"wp","href":"https:\/\/api.w.org\/{rel}","templated":true}]}}