{"id":10926,"date":"2025-02-23T17:15:37","date_gmt":"2025-02-23T16:15:37","guid":{"rendered":"https:\/\/www.livresentre2actions.fr\/?post_type=product&#038;p=10926"},"modified":"2025-10-22T16:02:35","modified_gmt":"2025-10-22T14:02:35","slug":"relationi-del-cardinal-bentivoglio","status":"publish","type":"product","link":"https:\/\/www.livresentre2actions.fr\/fr_fr\/produit\/relationi-del-cardinal-bentivoglio\/","title":{"rendered":"Relationi del Cardinal Bentivoglio"},"content":{"rendered":"<p>Relationi del Cardinal Bentivoglio, avec \u00e0 la suite\u00a0: Raccolta di lettere scritte del<br \/>\nCardinal Bentivoglio.<\/p>\n<p>Cardinal Bentivoglio [Guido Bentovoglio] &#8211; Sans nom d\u2019\u00e9diteur [In Colonia]<\/p>\n<p>In-12. plein v\u00e9lin \u00e9poque \u00e0 recouvrement, dos orn\u00e9 du titre manuscrit \u00e0 l\u2019encre en t\u00eate, 158 x 102. 1646. 2 textes reli\u00e9s \u00e0 la suite. Lettrines, ent\u00eates. Toutes tranches jasp\u00e9es. Et enrichi pour le second texte d\u2019un sommaire d\u00e9taill\u00e9 manuscrit en latin de 7p. Paginant et d\u00e9crivant les lettres du Cardinal. Comprend donc\u00a0: 1. Relationi,\u00a0: 3p. pour l\u2019adresse au Cardinal Borghese, suivi de\u00a0: Relatione delle province unite di fiandria. Fatta del Cardinal B. in tempo della sua nuntiatura, appresso i serenissimi arciduchi Alberto e Donna Isabella Infante di Spagna. Trois parties. 136p. Pr\u00e9c\u00e9d\u00e9es de la table. Suivi de Relatione di Fiandra cio\u00e8, di quelle provincie (\u2026) doue si tiserisce ancora lo flato nel quale si truouano di religione le provincie unite di fiandra , l&rsquo;inghilterra, la scotia, e l&rsquo;irlanda. 2 parties, pagin\u00e9es 139 \u00e0 234. Pr\u00e9c\u00e9d\u00e9 de la table. Suivi de\u00a0: Breve relatione di Danemarka, 235-244. Suivi de Breve relatione de Gli Ugonotti de Francia, 245-262. Suivi de Relatione des trattato della tregua di fiandra che si conclue in annuersa alli ix d\u2019aprile 1609. Deux parties. 265-310\/311-352. Suivi de Relatione della mossa d\u2019arme che segui in fiandra l\u2019anni 1614 per occasione d&rsquo;haver la provincie unite occupata la terra et castello di giuliers [Juliers], e di quanto fu poi negociato par accordar sopra la pretesa loro successione a gli stati della casa di cleves, pagin\u00e9 353-414. Suivi de\u00a0: Relatione della fuga di francia D\u2019Henrico de Borbone, prencipe di Conde, pagin\u00e9 415-419. Suivi de l\u2019index des noms cit\u00e9s dans l\u2019ouvrage. 2. Racolta di lettere scritte del Cardinal Bentivoglio, in tempo della sua nuntiature di fiandra e di francia. Deux parties. Avec table les pr\u00e9c\u00e9dant\u00a0; pagin\u00e9es 3-130 et 133-233, suivies de la table des noms cit\u00e9s. In fine donc le sommaire descriptif en latin et pagin\u00e9 des lettre contenant dans ce second ouvrage, de la main peut-\u00eatre de l\u2019auteur de l\u2019ex-libris sign\u00e9 en t\u00eate de verso de la page de titre. Except\u00e9 une br\u00e8ve tache d\u2019encre sur la tranche qui n\u2019affecte pas le texte, int\u00e9rieur tr\u00e8s frais, propre et int\u00e8gre. Reliur en tr\u00e8s bel \u00e9tat int\u00e8gre, un peu frott\u00e9e, gris\u00e9e, coutures apparentes aux mors, mais int\u00e8gre\u00a0; recouvrement superbement conserv\u00e9. Dos rid\u00e9.<\/p>\n","protected":false},"excerpt":{"rendered":"<p>Relationi del Cardinal Bentivoglio, avec \u00e0 la suite\u00a0: Raccolta di lettere scritte del Cardinal Bentivoglio. Cardinal Bentivoglio [Guido Bentovoglio] &#8211; Sans nom d\u2019\u00e9diteur [In Colonia] In-12. plein v\u00e9lin \u00e9poque \u00e0 recouvrement, dos orn\u00e9 du titre manuscrit \u00e0 l\u2019encre en t\u00eate, 158 x 102. 1646. 2 textes reli\u00e9s \u00e0 la suite. Lettrines, ent\u00eates. Toutes tranches jasp\u00e9es. &#8230; <a title=\"Relationi del Cardinal Bentivoglio\" class=\"read-more\" href=\"https:\/\/www.livresentre2actions.fr\/fr_fr\/produit\/relationi-del-cardinal-bentivoglio\/\" aria-label=\"En savoir plus sur Relationi del Cardinal Bentivoglio\">Lire plus<\/a><\/p>\n","protected":false},"featured_media":0,"template":"","meta":{"_eb_attr":""},"product_brand":[],"product_cat":[35,73],"product_tag":[94],"class_list":{"0":"post-10926","1":"product","2":"type-product","3":"status-publish","5":"product_cat-jusquau-xviiemesiecle","6":"product_cat-histoires-et-recits-de-voyage","7":"product_tag-provenance","8":"sales-flash-overlay","9":"woocommerce-text-align-center","10":"woocommerce-image-align-center","12":"first","13":"outofstock","14":"taxable","15":"shipping-taxable","16":"purchasable","17":"product-type-simple"},"aioseo_notices":[],"_links":{"self":[{"href":"https:\/\/www.livresentre2actions.fr\/fr_fr\/wp-json\/wp\/v2\/product\/10926","targetHints":{"allow":["GET"]}}],"collection":[{"href":"https:\/\/www.livresentre2actions.fr\/fr_fr\/wp-json\/wp\/v2\/product"}],"about":[{"href":"https:\/\/www.livresentre2actions.fr\/fr_fr\/wp-json\/wp\/v2\/types\/product"}],"wp:attachment":[{"href":"https:\/\/www.livresentre2actions.fr\/fr_fr\/wp-json\/wp\/v2\/media?parent=10926"}],"wp:term":[{"taxonomy":"product_brand","embeddable":true,"href":"https:\/\/www.livresentre2actions.fr\/fr_fr\/wp-json\/wp\/v2\/product_brand?post=10926"},{"taxonomy":"product_cat","embeddable":true,"href":"https:\/\/www.livresentre2actions.fr\/fr_fr\/wp-json\/wp\/v2\/product_cat?post=10926"},{"taxonomy":"product_tag","embeddable":true,"href":"https:\/\/www.livresentre2actions.fr\/fr_fr\/wp-json\/wp\/v2\/product_tag?post=10926"}],"curies":[{"name":"wp","href":"https:\/\/api.w.org\/{rel}","templated":true}]}}