{"id":10898,"date":"2025-02-21T16:49:36","date_gmt":"2025-02-21T15:49:36","guid":{"rendered":"https:\/\/www.livresentre2actions.fr\/?post_type=product&#038;p=10898"},"modified":"2025-11-07T15:18:59","modified_gmt":"2025-11-07T14:18:59","slug":"orationes-ex-sallustii-livii-curtii-et-taciti","status":"publish","type":"product","link":"https:\/\/www.livresentre2actions.fr\/fr_fr\/produit\/orationes-ex-sallustii-livii-curtii-et-taciti\/","title":{"rendered":"Orationes ex sallustii, livii, curtii, et taciti"},"content":{"rendered":"<p>Orationes ex sallustii, livii, curtii, et taciti historiis collectae ad usum scolarum universitatis parisiensis. Nova editio<\/p>\n<p>Collectif &#8211; Richardi Lallemant<\/p>\n<p>Plein veau marbr\u00e9, dos \u00e0 5 nerfs, orn\u00e9 d\u2019une pi\u00e8ce de titre (effac\u00e9e), tranches rouges, 148 x 80, 480p. 1771. Orationes de Sallustio, pp. 2-47\u00a0; de Livio, pp.48-347\u00a0; de Cornelio tacito, pp. 348-421\u00a0; de Quinto Curtio, pp. 422-480. Avec un ex-libris aux armes coll\u00e9 en contreplat sup\u1ebfrieur \u00abB. Le Gonidec de Traissan\u00a0\u00bb. \u00a0Int\u00e9rieur globalement bon\u00a0; quelques pages avec d\u00e9chirures en marge sans atteinte au texte. Coins et champs frott\u00e9s avec \u00e9pidermures\u00a0; Plats frott\u00e9s avec \u00e9pidermures, avec 2 petits manques en plat sup\u00e9rieur\u00a0; mors frott\u00e9s avec un petit manque en t\u00eate de mors sup\u00e9rieur\u00a0; dos tr\u00e8s frott\u00e9 avec fortes \u00e9pidermures, avec peit manque en queue, et coiffe manquante.<\/p>\n","protected":false},"excerpt":{"rendered":"<p>Orationes ex sallustii, livii, curtii, et taciti historiis collectae ad usum scolarum universitatis parisiensis. Nova editio Collectif &#8211; Richardi Lallemant Plein veau marbr\u00e9, dos \u00e0 5 nerfs, orn\u00e9 d\u2019une pi\u00e8ce de titre (effac\u00e9e), tranches rouges, 148 x 80, 480p. 1771. Orationes de Sallustio, pp. 2-47\u00a0; de Livio, pp.48-347\u00a0; de Cornelio tacito, pp. 348-421\u00a0; de Quinto &#8230; <a title=\"Orationes ex sallustii, livii, curtii, et taciti\" class=\"read-more\" href=\"https:\/\/www.livresentre2actions.fr\/fr_fr\/produit\/orationes-ex-sallustii-livii-curtii-et-taciti\/\" aria-label=\"En savoir plus sur Orationes ex sallustii, livii, curtii, et taciti\">Lire plus<\/a><\/p>\n","protected":false},"featured_media":10899,"template":"","meta":{"_eb_attr":""},"product_brand":[],"product_cat":[36,73],"product_tag":[],"class_list":{"0":"post-10898","1":"product","2":"type-product","3":"status-publish","4":"has-post-thumbnail","6":"product_cat-entre-le-xviiieme-et-le-xixeme-siecle","7":"product_cat-histoires-et-recits-de-voyage","8":"sales-flash-overlay","9":"woocommerce-text-align-center","10":"woocommerce-image-align-center","11":"wc-has-gallery","13":"first","14":"outofstock","15":"taxable","16":"shipping-taxable","17":"purchasable","18":"product-type-simple"},"aioseo_notices":[],"_links":{"self":[{"href":"https:\/\/www.livresentre2actions.fr\/fr_fr\/wp-json\/wp\/v2\/product\/10898","targetHints":{"allow":["GET"]}}],"collection":[{"href":"https:\/\/www.livresentre2actions.fr\/fr_fr\/wp-json\/wp\/v2\/product"}],"about":[{"href":"https:\/\/www.livresentre2actions.fr\/fr_fr\/wp-json\/wp\/v2\/types\/product"}],"wp:featuredmedia":[{"embeddable":true,"href":"https:\/\/www.livresentre2actions.fr\/fr_fr\/wp-json\/wp\/v2\/media\/10899"}],"wp:attachment":[{"href":"https:\/\/www.livresentre2actions.fr\/fr_fr\/wp-json\/wp\/v2\/media?parent=10898"}],"wp:term":[{"taxonomy":"product_brand","embeddable":true,"href":"https:\/\/www.livresentre2actions.fr\/fr_fr\/wp-json\/wp\/v2\/product_brand?post=10898"},{"taxonomy":"product_cat","embeddable":true,"href":"https:\/\/www.livresentre2actions.fr\/fr_fr\/wp-json\/wp\/v2\/product_cat?post=10898"},{"taxonomy":"product_tag","embeddable":true,"href":"https:\/\/www.livresentre2actions.fr\/fr_fr\/wp-json\/wp\/v2\/product_tag?post=10898"}],"curies":[{"name":"wp","href":"https:\/\/api.w.org\/{rel}","templated":true}]}}