{"id":10881,"date":"2025-02-21T16:42:48","date_gmt":"2025-02-21T15:42:48","guid":{"rendered":"https:\/\/www.livresentre2actions.fr\/?post_type=product&#038;p=10881"},"modified":"2025-02-21T16:42:49","modified_gmt":"2025-02-21T15:42:49","slug":"catechisme-philosophique-francois-xavier-de-feller","status":"publish","type":"product","link":"https:\/\/www.livresentre2actions.fr\/fr_fr\/produit\/catechisme-philosophique-francois-xavier-de-feller\/","title":{"rendered":"Cat\u00e9chisme philosophique &#8211; Fran\u00e7ois-Xavier de Feller"},"content":{"rendered":"<p>Cat\u00e9chisme philosophique ou recueils d\u2019observations propres \u00e0 d\u00e9fendre la religion chr\u00e9tienne contre ses ennemis. Nouvelle \u00e9dition, corrig\u00e9s et consid\u00e9rablement augment\u00e9s. Pr\u00e9c\u00e9d\u00e9s d\u2019une notice sur l\u2018auteur.<\/p>\n<p>Chez Thibaut-Landriot &#8211; Pleine basane \u00e0 dos long orn\u00e9 d\u2019une pi\u00e8ce de titre en maroquin rouge, et d\u2019une pi\u00e8ce de tomaison basane verte, et richement d\u00e9cor\u00e9, 172 x 105, tranches marbr\u00e9es. 1825. T1, 355p. Apr\u00e8s la notice (8p.), la pr\u00e9face et la table. T2, 399p. Avec table. Un ex-libris biff\u00e9 et un autre \u00ab\u00a0Jospeh Boerisnyl ou Boeriswyl\u00bb au verso de la garde des 2 vols.. Une reste d\u2019\u00e9tiquette de \u00ab\u00a0biblioth\u00e8que\u00a0\u00bb (?) en contreplat sup\u00e9rieur du t1. Et autre tampon \u00ab\u00a0Bibliotheca conventus CRD Praed.\u00a0\u00bb. Des rousseurs int\u00e9rieures. Epidermures \u00e0 la reliure\u00a0; coiffe queue, champs coins, frott\u00e9s. Une \u00e9tiquette coll\u00e9e en t\u00eate de plat sup\u00e9rieur des deux vols.Bien fermes. F. X. de Feller fut un pol\u00e9miste j\u00e9suite bruxellois, anti-jans\u00e9niste et anti-philosophes.<\/p>\n","protected":false},"excerpt":{"rendered":"<p>Cat\u00e9chisme philosophique ou recueils d\u2019observations propres \u00e0 d\u00e9fendre la religion chr\u00e9tienne contre ses ennemis. Nouvelle \u00e9dition, corrig\u00e9s et consid\u00e9rablement augment\u00e9s. Pr\u00e9c\u00e9d\u00e9s d\u2019une notice sur l\u2018auteur. Chez Thibaut-Landriot &#8211; Pleine basane \u00e0 dos long orn\u00e9 d\u2019une pi\u00e8ce de titre en maroquin rouge, et d\u2019une pi\u00e8ce de tomaison basane verte, et richement d\u00e9cor\u00e9, 172 x 105, tranches &#8230; <a title=\"Cat\u00e9chisme philosophique &#8211; Fran\u00e7ois-Xavier de Feller\" class=\"read-more\" href=\"https:\/\/www.livresentre2actions.fr\/fr_fr\/produit\/catechisme-philosophique-francois-xavier-de-feller\/\" aria-label=\"En savoir plus sur Cat\u00e9chisme philosophique &#8211; Fran\u00e7ois-Xavier de Feller\">Lire plus<\/a><\/p>\n","protected":false},"featured_media":10882,"template":"","meta":{"_eb_attr":""},"product_brand":[],"product_cat":[36,68],"product_tag":[],"class_list":{"0":"post-10881","1":"product","2":"type-product","3":"status-publish","4":"has-post-thumbnail","6":"product_cat-entre-le-xviiieme-et-le-xixeme-siecle","7":"product_cat-religion-spiritualite","8":"sales-flash-overlay","9":"woocommerce-text-align-center","10":"woocommerce-image-align-center","11":"wc-has-gallery","13":"first","14":"instock","15":"taxable","16":"shipping-taxable","17":"purchasable","18":"product-type-simple"},"aioseo_notices":[],"_links":{"self":[{"href":"https:\/\/www.livresentre2actions.fr\/fr_fr\/wp-json\/wp\/v2\/product\/10881","targetHints":{"allow":["GET"]}}],"collection":[{"href":"https:\/\/www.livresentre2actions.fr\/fr_fr\/wp-json\/wp\/v2\/product"}],"about":[{"href":"https:\/\/www.livresentre2actions.fr\/fr_fr\/wp-json\/wp\/v2\/types\/product"}],"wp:featuredmedia":[{"embeddable":true,"href":"https:\/\/www.livresentre2actions.fr\/fr_fr\/wp-json\/wp\/v2\/media\/10882"}],"wp:attachment":[{"href":"https:\/\/www.livresentre2actions.fr\/fr_fr\/wp-json\/wp\/v2\/media?parent=10881"}],"wp:term":[{"taxonomy":"product_brand","embeddable":true,"href":"https:\/\/www.livresentre2actions.fr\/fr_fr\/wp-json\/wp\/v2\/product_brand?post=10881"},{"taxonomy":"product_cat","embeddable":true,"href":"https:\/\/www.livresentre2actions.fr\/fr_fr\/wp-json\/wp\/v2\/product_cat?post=10881"},{"taxonomy":"product_tag","embeddable":true,"href":"https:\/\/www.livresentre2actions.fr\/fr_fr\/wp-json\/wp\/v2\/product_tag?post=10881"}],"curies":[{"name":"wp","href":"https:\/\/api.w.org\/{rel}","templated":true}]}}