{"id":10836,"date":"2025-02-21T16:18:39","date_gmt":"2025-02-21T15:18:39","guid":{"rendered":"https:\/\/www.livresentre2actions.fr\/?post_type=product&#038;p=10836"},"modified":"2025-08-25T14:20:03","modified_gmt":"2025-08-25T12:20:03","slug":"pensees-chretiennes-mises-en-parallele-ou-en-opposition-avec-les-pensees-philosophies","status":"publish","type":"product","link":"https:\/\/www.livresentre2actions.fr\/fr_fr\/produit\/pensees-chretiennes-mises-en-parallele-ou-en-opposition-avec-les-pensees-philosophies\/","title":{"rendered":"Pens\u00e9es chr\u00e9tiennes mises en parall\u00e8le, ou en opposition avec les Pens\u00e9es Philosophies"},"content":{"rendered":"<p>Pens\u00e9es chr\u00e9tiennes mises en parall\u00e8le, ou en opposition avec les Pens\u00e9es Philosophies. On y a joint Quelques r\u00e9flexions d\u2019un autre auteur sur ces derni\u00e8res [Lettre \u00e0 M*** sur le principe du mouvement dans le corps et sur l\u2019immat\u00e9rialit\u00e9 de l\u2019\u00e2me. Et r\u00e9flexions au sujet du livre intitul\u00e9 Pens\u00e9es philosophiques]<\/p>\n<p>Anonyme [Polier de Bottens, Georges-Pierre-G] \/ [David-Renaud Boullier]<\/p>\n<p>Rouen, aux d\u00e9pens de la compagnie,<\/p>\n<p>In-12 plein veau havane marbr\u00e9, dos \u00e0 5 nerfs, orn\u00e9 d\u2019une pi\u00e8ce de titre et bien fleuronn\u00e9 aux caissons, tranches rouges, 170 x 102, 251 p\u00a0; Hors tables. Trois tables \u00e0 la suite\u00a0: Table des mati\u00e8re pour les Pens\u00e9es philosophiques telle qu\u2019elle est dans l\u2019ouvrage m\u00eame imprim\u00e9 \u00e0 Paris, 9p. Table des mati\u00e8res pour les Pens\u00e9es chr\u00e9tiennes, 9p. Tables des mati\u00e8res pour ces r\u00e9flexions, 4p. 1747. Edition originale. Reli\u00e9 \u00e0 la suite\u00a0: Lettre \u00e0 M*** sur le principe du mouvement dans le corps et sur l\u2019immat\u00e9rialit\u00e9 de l\u2019\u00e2me. Et r\u00e9flexions au sujet du livre intitul\u00e9 Pens\u00e9es philosophiques. 42p. David-Renaud Boullier. In fine\u00a0: Suite du catalogue des livres latins et italiens de Michel Rey, 1748. Int\u00e9rieur tr\u00e8s bon, tr\u00e8s frais. Coins et champs frott\u00e9s, petits manques en coins. Plats frott\u00e9s avec griffes et \u00e9pidermures principalement en bordure. Mors et dos frott\u00e9s, \u00e9pidermures en queue, coiffe aras\u00e9e. Bel exemplaire bien ferme. Selon Barbier, il est g\u00e9n\u00e9ralement admis que l&rsquo;auteur de cette r\u00e9futation des pens\u00e9es philosophiques [Diderot] fut Georges Polier de Bottens, th\u00e9ologien protestant suisse vaudois. David-Renaud Boullier (1694-1759), pasteur \u00e0 Amsterdam, d\u00e9fendit vertement la Religion contre les Philosophes\u00a0: Diderot et Voltaire particuli\u00e8rement. Un ensemble de controverse philosophique et religieuse rare.<\/p>\n","protected":false},"excerpt":{"rendered":"<p>Pens\u00e9es chr\u00e9tiennes mises en parall\u00e8le, ou en opposition avec les Pens\u00e9es Philosophies. On y a joint Quelques r\u00e9flexions d\u2019un autre auteur sur ces derni\u00e8res [Lettre \u00e0 M*** sur le principe du mouvement dans le corps et sur l\u2019immat\u00e9rialit\u00e9 de l\u2019\u00e2me. Et r\u00e9flexions au sujet du livre intitul\u00e9 Pens\u00e9es philosophiques] Anonyme [Polier de Bottens, Georges-Pierre-G] \/ &#8230; <a title=\"Pens\u00e9es chr\u00e9tiennes mises en parall\u00e8le, ou en opposition avec les Pens\u00e9es Philosophies\" class=\"read-more\" href=\"https:\/\/www.livresentre2actions.fr\/fr_fr\/produit\/pensees-chretiennes-mises-en-parallele-ou-en-opposition-avec-les-pensees-philosophies\/\" aria-label=\"En savoir plus sur Pens\u00e9es chr\u00e9tiennes mises en parall\u00e8le, ou en opposition avec les Pens\u00e9es Philosophies\">Lire plus<\/a><\/p>\n","protected":false},"featured_media":10957,"template":"","meta":{"_eb_attr":""},"product_brand":[],"product_cat":[36,71,68],"product_tag":[],"class_list":{"0":"post-10836","1":"product","2":"type-product","3":"status-publish","4":"has-post-thumbnail","6":"product_cat-entre-le-xviiieme-et-le-xixeme-siecle","7":"product_cat-illustres-modernes-editions-originales-signees-numerotees","8":"product_cat-religion-spiritualite","9":"sales-flash-overlay","10":"woocommerce-text-align-center","11":"woocommerce-image-align-center","12":"wc-has-gallery","14":"first","15":"instock","16":"taxable","17":"shipping-taxable","18":"purchasable","19":"product-type-simple"},"aioseo_notices":[],"_links":{"self":[{"href":"https:\/\/www.livresentre2actions.fr\/fr_fr\/wp-json\/wp\/v2\/product\/10836","targetHints":{"allow":["GET"]}}],"collection":[{"href":"https:\/\/www.livresentre2actions.fr\/fr_fr\/wp-json\/wp\/v2\/product"}],"about":[{"href":"https:\/\/www.livresentre2actions.fr\/fr_fr\/wp-json\/wp\/v2\/types\/product"}],"wp:featuredmedia":[{"embeddable":true,"href":"https:\/\/www.livresentre2actions.fr\/fr_fr\/wp-json\/wp\/v2\/media\/10957"}],"wp:attachment":[{"href":"https:\/\/www.livresentre2actions.fr\/fr_fr\/wp-json\/wp\/v2\/media?parent=10836"}],"wp:term":[{"taxonomy":"product_brand","embeddable":true,"href":"https:\/\/www.livresentre2actions.fr\/fr_fr\/wp-json\/wp\/v2\/product_brand?post=10836"},{"taxonomy":"product_cat","embeddable":true,"href":"https:\/\/www.livresentre2actions.fr\/fr_fr\/wp-json\/wp\/v2\/product_cat?post=10836"},{"taxonomy":"product_tag","embeddable":true,"href":"https:\/\/www.livresentre2actions.fr\/fr_fr\/wp-json\/wp\/v2\/product_tag?post=10836"}],"curies":[{"name":"wp","href":"https:\/\/api.w.org\/{rel}","templated":true}]}}