{"id":10821,"date":"2025-02-21T16:12:04","date_gmt":"2025-02-21T15:12:04","guid":{"rendered":"https:\/\/www.livresentre2actions.fr\/?post_type=product&#038;p=10821"},"modified":"2025-08-25T14:20:04","modified_gmt":"2025-08-25T12:20:04","slug":"les-jours-de-conge-ou-promenades-hebdomadaires","status":"publish","type":"product","link":"https:\/\/www.livresentre2actions.fr\/fr_fr\/produit\/les-jours-de-conge-ou-promenades-hebdomadaires\/","title":{"rendered":"Les jours de cong\u00e9, ou promenades hebdomadaires"},"content":{"rendered":"<p>Les jours de cong\u00e9, ou promenades hebdomadaires, \u00a0Dont un instituteur a profit\u00e9 pour donner \u00e0 ses El\u00e8ves des le\u00e7ons de pi\u00e9t\u00e9 et de morale<br \/>\nTomes I et II<\/p>\n<p>Ant. Caillot\u00a0 &#8211; Chez Brunot-Labbe<\/p>\n<p>Pleines basanes marbr\u00e9es de l\u2019\u00e9poque, \u00e0 dos long orn\u00e9 d\u2019une pi\u00e8ce de titre en maroquin rouge, et d\u2019une pi\u00e8ce de tomaison en maroquin noir, et joliment d\u00e9cor\u00e9 tout du long, tranches jasp\u00e9es bleues, 170 x 100, 1814. [4]-277-[1] ; [4]-300 pages (complet). Deuxi\u00e8me \u00e9dition revue et corrig\u00e9e, illustr\u00e9e de 2 frontispices et de 9 planches hors texte grav\u00e9s sur cuivre. Bon \u00e9tat int\u00e9rieur, quelques rousseurs. Plats, coins et champs frott\u00e9s avec quelques \u00e9pidermures, mais bons. Coiffe du T1 manquante, coiffe du t2 frott\u00e9e ; queues de dos frott\u00e9es avec \u00e9pidermures. Mors frott\u00e9s, fendus bri\u00e8vement en t\u00eate des deux plats du T1. Bel ensemble illustr\u00e9, collection de le\u00e7ons de pi\u00e9t\u00e9 et de morale, pr\u00e9sent\u00e9es sous forme de promenades hebdomadaires. instituteur d\u00e9vou\u00e9, l\u2019auteur utilise ces jours de cong\u00e9 pour enseigner \u00e0 ses \u00e9l\u00e8ves des valeurs morales et religieuses \u00e0 travers des excursions et des discussions, chaque promenade \u00e9tant une occasion d&rsquo;apprentissage et de r\u00e9flexion sur des th\u00e8mes importants de la vie quotidienne, etc.<\/p>\n","protected":false},"excerpt":{"rendered":"<p>Les jours de cong\u00e9, ou promenades hebdomadaires, \u00a0Dont un instituteur a profit\u00e9 pour donner \u00e0 ses El\u00e8ves des le\u00e7ons de pi\u00e9t\u00e9 et de morale Tomes I et II Ant. Caillot\u00a0 &#8211; Chez Brunot-Labbe Pleines basanes marbr\u00e9es de l\u2019\u00e9poque, \u00e0 dos long orn\u00e9 d\u2019une pi\u00e8ce de titre en maroquin rouge, et d\u2019une pi\u00e8ce de tomaison en &#8230; <a title=\"Les jours de cong\u00e9, ou promenades hebdomadaires\" class=\"read-more\" href=\"https:\/\/www.livresentre2actions.fr\/fr_fr\/produit\/les-jours-de-conge-ou-promenades-hebdomadaires\/\" aria-label=\"En savoir plus sur Les jours de cong\u00e9, ou promenades hebdomadaires\">Lire plus<\/a><\/p>\n","protected":false},"featured_media":10822,"template":"","meta":{"_eb_attr":""},"product_brand":[],"product_cat":[36,72,73],"product_tag":[],"class_list":{"0":"post-10821","1":"product","2":"type-product","3":"status-publish","4":"has-post-thumbnail","6":"product_cat-entre-le-xviiieme-et-le-xixeme-siecle","7":"product_cat-divers","8":"product_cat-histoires-et-recits-de-voyage","9":"sales-flash-overlay","10":"woocommerce-text-align-center","11":"woocommerce-image-align-center","12":"wc-has-gallery","14":"first","15":"instock","16":"taxable","17":"shipping-taxable","18":"purchasable","19":"product-type-simple"},"aioseo_notices":[],"_links":{"self":[{"href":"https:\/\/www.livresentre2actions.fr\/fr_fr\/wp-json\/wp\/v2\/product\/10821","targetHints":{"allow":["GET"]}}],"collection":[{"href":"https:\/\/www.livresentre2actions.fr\/fr_fr\/wp-json\/wp\/v2\/product"}],"about":[{"href":"https:\/\/www.livresentre2actions.fr\/fr_fr\/wp-json\/wp\/v2\/types\/product"}],"wp:featuredmedia":[{"embeddable":true,"href":"https:\/\/www.livresentre2actions.fr\/fr_fr\/wp-json\/wp\/v2\/media\/10822"}],"wp:attachment":[{"href":"https:\/\/www.livresentre2actions.fr\/fr_fr\/wp-json\/wp\/v2\/media?parent=10821"}],"wp:term":[{"taxonomy":"product_brand","embeddable":true,"href":"https:\/\/www.livresentre2actions.fr\/fr_fr\/wp-json\/wp\/v2\/product_brand?post=10821"},{"taxonomy":"product_cat","embeddable":true,"href":"https:\/\/www.livresentre2actions.fr\/fr_fr\/wp-json\/wp\/v2\/product_cat?post=10821"},{"taxonomy":"product_tag","embeddable":true,"href":"https:\/\/www.livresentre2actions.fr\/fr_fr\/wp-json\/wp\/v2\/product_tag?post=10821"}],"curies":[{"name":"wp","href":"https:\/\/api.w.org\/{rel}","templated":true}]}}