{"id":10802,"date":"2025-02-21T16:07:25","date_gmt":"2025-02-21T15:07:25","guid":{"rendered":"https:\/\/www.livresentre2actions.fr\/?post_type=product&#038;p=10802"},"modified":"2025-08-25T14:20:04","modified_gmt":"2025-08-25T12:20:04","slug":"autissier-miniaturiste-1772-1830","status":"publish","type":"product","link":"https:\/\/www.livresentre2actions.fr\/fr_fr\/produit\/autissier-miniaturiste-1772-1830\/","title":{"rendered":"Autissier. Miniaturiste, 1772 \u2013 1830. \u00c9dition originale"},"content":{"rendered":"<p>Lucien Lemaire &#8211; Imprimerie L. Danel<\/p>\n<p>Demi-percaline marron \u00e0 dos long orn\u00e9 de la collection et de la tomaison dans celle-ci \u2013 Bulletin de la commission historique du d\u00e9partement du Nord, Tome 29 &#8211; , 271 x 193, 256p. Avec table. 1913. Frontispice, un autographe et 52 reproductions en simili-gravure. Pr\u00e9face de Mme la duchesse de Rohan. Rousseurs l\u00e9g\u00e8res en garde et derni\u00e8re page. Etiquette de la papeterie Le Bigot fr\u00e8res en t\u00eate de contreplat sup\u00e9rieur.reliure un peu frott\u00e9e en coins et champs, de m\u00eame qu\u2019en coiffe et queue avec \u00e9pidermures, des frottements en mords. Bel exemplaire bien ferme. Autissier\u00a0naquit \u00e0 Vannes en 1772. Il fut l&rsquo;\u00e9l\u00e8ve de Jamet, futur professeur de dessin \u00e0 l&rsquo;Ecole centrale du Morbihan, puis du peintre Vautrin<\/p>\n","protected":false},"excerpt":{"rendered":"<p>Lucien Lemaire &#8211; Imprimerie L. Danel Demi-percaline marron \u00e0 dos long orn\u00e9 de la collection et de la tomaison dans celle-ci \u2013 Bulletin de la commission historique du d\u00e9partement du Nord, Tome 29 &#8211; , 271 x 193, 256p. Avec table. 1913. Frontispice, un autographe et 52 reproductions en simili-gravure. Pr\u00e9face de Mme la duchesse &#8230; <a title=\"Autissier. Miniaturiste, 1772 \u2013 1830. \u00c9dition originale\" class=\"read-more\" href=\"https:\/\/www.livresentre2actions.fr\/fr_fr\/produit\/autissier-miniaturiste-1772-1830\/\" aria-label=\"En savoir plus sur Autissier. Miniaturiste, 1772 \u2013 1830. \u00c9dition originale\">Lire plus<\/a><\/p>\n","protected":false},"featured_media":10803,"template":"","meta":{"_eb_attr":""},"product_brand":[],"product_cat":[37,75,72,71,81],"product_tag":[],"class_list":{"0":"post-10802","1":"product","2":"type-product","3":"status-publish","4":"has-post-thumbnail","6":"product_cat-a-partir-du-xxeme-siecle","7":"product_cat-art","8":"product_cat-divers","9":"product_cat-illustres-modernes-editions-originales-signees-numerotees","10":"product_cat-hauts-de-france","11":"sales-flash-overlay","12":"woocommerce-text-align-center","13":"woocommerce-image-align-center","14":"wc-has-gallery","16":"first","17":"instock","18":"taxable","19":"shipping-taxable","20":"purchasable","21":"product-type-simple"},"aioseo_notices":[],"_links":{"self":[{"href":"https:\/\/www.livresentre2actions.fr\/fr_fr\/wp-json\/wp\/v2\/product\/10802","targetHints":{"allow":["GET"]}}],"collection":[{"href":"https:\/\/www.livresentre2actions.fr\/fr_fr\/wp-json\/wp\/v2\/product"}],"about":[{"href":"https:\/\/www.livresentre2actions.fr\/fr_fr\/wp-json\/wp\/v2\/types\/product"}],"wp:featuredmedia":[{"embeddable":true,"href":"https:\/\/www.livresentre2actions.fr\/fr_fr\/wp-json\/wp\/v2\/media\/10803"}],"wp:attachment":[{"href":"https:\/\/www.livresentre2actions.fr\/fr_fr\/wp-json\/wp\/v2\/media?parent=10802"}],"wp:term":[{"taxonomy":"product_brand","embeddable":true,"href":"https:\/\/www.livresentre2actions.fr\/fr_fr\/wp-json\/wp\/v2\/product_brand?post=10802"},{"taxonomy":"product_cat","embeddable":true,"href":"https:\/\/www.livresentre2actions.fr\/fr_fr\/wp-json\/wp\/v2\/product_cat?post=10802"},{"taxonomy":"product_tag","embeddable":true,"href":"https:\/\/www.livresentre2actions.fr\/fr_fr\/wp-json\/wp\/v2\/product_tag?post=10802"}],"curies":[{"name":"wp","href":"https:\/\/api.w.org\/{rel}","templated":true}]}}