{"id":10756,"date":"2025-02-20T16:32:25","date_gmt":"2025-02-20T15:32:25","guid":{"rendered":"https:\/\/www.livresentre2actions.fr\/?post_type=product&#038;p=10756"},"modified":"2025-02-20T16:32:26","modified_gmt":"2025-02-20T15:32:26","slug":"memoires-de-constant-premier-valet-de-lempereur","status":"publish","type":"product","link":"https:\/\/www.livresentre2actions.fr\/fr_fr\/produit\/memoires-de-constant-premier-valet-de-lempereur\/","title":{"rendered":"M\u00e9moires de Constant, premier valet de l&#8217;empereur"},"content":{"rendered":"<p>M\u00e9moires de Constant, premier valet de l&#8217;empereur, sur la vie priv\u00e9e de Napol\u00e9on, sa famille et sa cour. [6 volumes, complet, E.O.]<\/p>\n<p>Constant [Louis Constant Wairy] &#8211; Chez Ladvocat<\/p>\n<p>Cartonnage marbr\u00e9, \u00e0 dos long, orn\u00e9 d\u2019une pi\u00e8ce de titre ne maroquin havane, 213 x 133, 1830. Edition originale. Pagination avec tables. Un ex-libris manuscrit au titre pour tous les volumes. T1, 16p. D\u2019introduction, puis 357p. Un ex-libris manuscrit au titre. T2, 364p. T3, Avertissement et introduction, 7p. Puis 400p. T4, 400p. T5, 397p. T6, 432p. Pour tous les volumes\u00a0: int\u00e9rieur avec rousseurs marginales. Tranches m\u00e9dianes noircies en t\u00eate pour les T1 et 2. Coins et champs frott\u00e9s pour tous les volumes, coins plus ou moins \u00e9mouss\u00e9s\u00a0; plats frott\u00e9s, tr\u00e8s fortement avec \u00e9pidermures tr\u00e8s marqu\u00e9es en bordure de plats des T1, 2, 4, 5 et 6. Dos globalement bons\u00a0: coiffes et queue frott\u00e9es avec pliures\u00a0; t6 avec d\u00e9chirure en coiffe et queue, avec manque en coiffe. Exemplaires bien fermes.<\/p>\n<p>&nbsp;<\/p>\n","protected":false},"excerpt":{"rendered":"<p>M\u00e9moires de Constant, premier valet de l&#8217;empereur, sur la vie priv\u00e9e de Napol\u00e9on, sa famille et sa cour. [6 volumes, complet, E.O.] Constant [Louis Constant Wairy] &#8211; Chez Ladvocat Cartonnage marbr\u00e9, \u00e0 dos long, orn\u00e9 d\u2019une pi\u00e8ce de titre ne maroquin havane, 213 x 133, 1830. Edition originale. Pagination avec tables. Un ex-libris manuscrit au &#8230; <a title=\"M\u00e9moires de Constant, premier valet de l&#8217;empereur\" class=\"read-more\" href=\"https:\/\/www.livresentre2actions.fr\/fr_fr\/produit\/memoires-de-constant-premier-valet-de-lempereur\/\" aria-label=\"En savoir plus sur M\u00e9moires de Constant, premier valet de l&#8217;empereur\">Lire plus<\/a><\/p>\n","protected":false},"featured_media":10757,"template":"","meta":{"_eb_attr":""},"product_brand":[],"product_cat":[36,73],"product_tag":[],"class_list":{"0":"post-10756","1":"product","2":"type-product","3":"status-publish","4":"has-post-thumbnail","6":"product_cat-entre-le-xviiieme-et-le-xixeme-siecle","7":"product_cat-histoires-et-recits-de-voyage","8":"sales-flash-overlay","9":"woocommerce-text-align-center","10":"woocommerce-image-align-center","11":"wc-has-gallery","13":"first","14":"instock","15":"taxable","16":"shipping-taxable","17":"purchasable","18":"product-type-simple"},"aioseo_notices":[],"_links":{"self":[{"href":"https:\/\/www.livresentre2actions.fr\/fr_fr\/wp-json\/wp\/v2\/product\/10756","targetHints":{"allow":["GET"]}}],"collection":[{"href":"https:\/\/www.livresentre2actions.fr\/fr_fr\/wp-json\/wp\/v2\/product"}],"about":[{"href":"https:\/\/www.livresentre2actions.fr\/fr_fr\/wp-json\/wp\/v2\/types\/product"}],"wp:featuredmedia":[{"embeddable":true,"href":"https:\/\/www.livresentre2actions.fr\/fr_fr\/wp-json\/wp\/v2\/media\/10757"}],"wp:attachment":[{"href":"https:\/\/www.livresentre2actions.fr\/fr_fr\/wp-json\/wp\/v2\/media?parent=10756"}],"wp:term":[{"taxonomy":"product_brand","embeddable":true,"href":"https:\/\/www.livresentre2actions.fr\/fr_fr\/wp-json\/wp\/v2\/product_brand?post=10756"},{"taxonomy":"product_cat","embeddable":true,"href":"https:\/\/www.livresentre2actions.fr\/fr_fr\/wp-json\/wp\/v2\/product_cat?post=10756"},{"taxonomy":"product_tag","embeddable":true,"href":"https:\/\/www.livresentre2actions.fr\/fr_fr\/wp-json\/wp\/v2\/product_tag?post=10756"}],"curies":[{"name":"wp","href":"https:\/\/api.w.org\/{rel}","templated":true}]}}