{"id":10712,"date":"2025-02-18T16:51:24","date_gmt":"2025-02-18T15:51:24","guid":{"rendered":"https:\/\/www.livresentre2actions.fr\/?post_type=product&#038;p=10712"},"modified":"2025-02-18T16:51:25","modified_gmt":"2025-02-18T15:51:25","slug":"lettres-de-monsieur-arnauld-dandilly","status":"publish","type":"product","link":"https:\/\/www.livresentre2actions.fr\/fr_fr\/produit\/lettres-de-monsieur-arnauld-dandilly\/","title":{"rendered":"Lettres de Monsieur Arnauld D\u2019Andilly"},"content":{"rendered":"<p>Arnauld D\u2019Andilly &#8211; Chez Nicolas Le Gras<\/p>\n<p>Plein veau marbr\u00e9, dos \u00e0 cinq nerfs orn\u00e9 aux caissons et d\u2019une pi\u00e8ce de titre, 163 x 100, 465p. 1680. Derni\u00e8re \u00e9dition. Ex-libris biff\u00e9 en garde. Int\u00e9rieur frais. Coins et champs frott\u00e9s, 3 coins l\u00e9g\u00e8rement \u00e9mouss\u00e9s. Plats frott\u00e9s avec \u00e9pidermures. Dos frott\u00e9, \u00ab \u00e9pidermures au nerfs, coiffe aras\u00e9e, deux petits manques en queue, un petit manque caisson de pi\u00e8ce de titre. Rare recueil qui offre une collection de correspondances, un aper\u00e7u pr\u00e9cieux de la vie, des id\u00e9es et des pr\u00e9occupations de cet \u00e9rudit \u00e9minent du XVIIe si\u00e8cle (religion, litt\u00e9rature et soci\u00e9t\u00e9 de l&rsquo;\u00e9poque). Proche de Marie de Medicis, solitaire de Port-royal, Arnaud D\u2019Andilly fut l\u2019un des jans\u00e9nistes les plus influents. L\u2019\u00e9dition originale avait paru en 1645 chez le m\u00eame \u00e9diteur<\/p>\n","protected":false},"excerpt":{"rendered":"<p>Arnauld D\u2019Andilly &#8211; Chez Nicolas Le Gras Plein veau marbr\u00e9, dos \u00e0 cinq nerfs orn\u00e9 aux caissons et d\u2019une pi\u00e8ce de titre, 163 x 100, 465p. 1680. Derni\u00e8re \u00e9dition. Ex-libris biff\u00e9 en garde. Int\u00e9rieur frais. Coins et champs frott\u00e9s, 3 coins l\u00e9g\u00e8rement \u00e9mouss\u00e9s. Plats frott\u00e9s avec \u00e9pidermures. Dos frott\u00e9, \u00ab \u00e9pidermures au nerfs, coiffe aras\u00e9e, &#8230; <a title=\"Lettres de Monsieur Arnauld D\u2019Andilly\" class=\"read-more\" href=\"https:\/\/www.livresentre2actions.fr\/fr_fr\/produit\/lettres-de-monsieur-arnauld-dandilly\/\" aria-label=\"En savoir plus sur Lettres de Monsieur Arnauld D\u2019Andilly\">Lire plus<\/a><\/p>\n","protected":false},"featured_media":10713,"template":"","meta":{"_eb_attr":""},"product_brand":[],"product_cat":[35,68],"product_tag":[],"class_list":{"0":"post-10712","1":"product","2":"type-product","3":"status-publish","4":"has-post-thumbnail","6":"product_cat-jusquau-xviiemesiecle","7":"product_cat-religion-spiritualite","8":"sales-flash-overlay","9":"woocommerce-text-align-center","10":"woocommerce-image-align-center","11":"wc-has-gallery","13":"first","14":"instock","15":"taxable","16":"shipping-taxable","17":"purchasable","18":"product-type-simple"},"aioseo_notices":[],"_links":{"self":[{"href":"https:\/\/www.livresentre2actions.fr\/fr_fr\/wp-json\/wp\/v2\/product\/10712","targetHints":{"allow":["GET"]}}],"collection":[{"href":"https:\/\/www.livresentre2actions.fr\/fr_fr\/wp-json\/wp\/v2\/product"}],"about":[{"href":"https:\/\/www.livresentre2actions.fr\/fr_fr\/wp-json\/wp\/v2\/types\/product"}],"wp:featuredmedia":[{"embeddable":true,"href":"https:\/\/www.livresentre2actions.fr\/fr_fr\/wp-json\/wp\/v2\/media\/10713"}],"wp:attachment":[{"href":"https:\/\/www.livresentre2actions.fr\/fr_fr\/wp-json\/wp\/v2\/media?parent=10712"}],"wp:term":[{"taxonomy":"product_brand","embeddable":true,"href":"https:\/\/www.livresentre2actions.fr\/fr_fr\/wp-json\/wp\/v2\/product_brand?post=10712"},{"taxonomy":"product_cat","embeddable":true,"href":"https:\/\/www.livresentre2actions.fr\/fr_fr\/wp-json\/wp\/v2\/product_cat?post=10712"},{"taxonomy":"product_tag","embeddable":true,"href":"https:\/\/www.livresentre2actions.fr\/fr_fr\/wp-json\/wp\/v2\/product_tag?post=10712"}],"curies":[{"name":"wp","href":"https:\/\/api.w.org\/{rel}","templated":true}]}}