{"id":10691,"date":"2025-02-15T16:32:50","date_gmt":"2025-02-15T15:32:50","guid":{"rendered":"https:\/\/www.livresentre2actions.fr\/?post_type=product&#038;p=10691"},"modified":"2025-08-27T12:15:16","modified_gmt":"2025-08-27T10:15:16","slug":"fables-de-la-fontaine-stereotype-dherhan","status":"publish","type":"product","link":"https:\/\/www.livresentre2actions.fr\/fr_fr\/produit\/fables-de-la-fontaine-stereotype-dherhan\/","title":{"rendered":"Fables de La Fontaine. St\u00e9r\u00e9otype d\u2019Herhan"},"content":{"rendered":"<p>Chez Mme Veuve Dabo<br \/>\nPlein veau marbr\u00e9 \u00e0 dos long richement orn\u00e9, pi\u00e8ce de titre en maroquin rouge, liser\u00e9s et fleurons, jolie papier, petit caillout\u00e9 en contreplats, tranches color\u00e9es, signet, champs orn\u00e9s 140 x 90, 402p. 1821. Avec table. Int\u00e9rieur insol\u00e9 mais propre et int\u00e8gre. Plats l\u00e9g\u00e8rement frott\u00e9s mais tr\u00e8s bons, propres et quasi int\u00e8gres. Champs frott\u00e9s, un coin ouvert et un coin \u00e9mouss\u00e9. Dos frott\u00e9, avec \u00e9pidemures en coiffe et pied, un point noir en pied de dos. Bien ferme.<\/p>\n","protected":false},"excerpt":{"rendered":"<p>Chez Mme Veuve Dabo Plein veau marbr\u00e9 \u00e0 dos long richement orn\u00e9, pi\u00e8ce de titre en maroquin rouge, liser\u00e9s et fleurons, jolie papier, petit caillout\u00e9 en contreplats, tranches color\u00e9es, signet, champs orn\u00e9s 140 x 90, 402p. 1821. Avec table. Int\u00e9rieur insol\u00e9 mais propre et int\u00e8gre. Plats l\u00e9g\u00e8rement frott\u00e9s mais tr\u00e8s bons, propres et quasi int\u00e8gres. &#8230; <a title=\"Fables de La Fontaine. St\u00e9r\u00e9otype d\u2019Herhan\" class=\"read-more\" href=\"https:\/\/www.livresentre2actions.fr\/fr_fr\/produit\/fables-de-la-fontaine-stereotype-dherhan\/\" aria-label=\"En savoir plus sur Fables de La Fontaine. St\u00e9r\u00e9otype d\u2019Herhan\">Lire plus<\/a><\/p>\n","protected":false},"featured_media":0,"template":"","meta":{"_eb_attr":""},"product_brand":[],"product_cat":[36,72,76],"product_tag":[],"class_list":{"0":"post-10691","1":"product","2":"type-product","3":"status-publish","5":"product_cat-entre-le-xviiieme-et-le-xixeme-siecle","6":"product_cat-divers","7":"product_cat-poesie-theatre-prose","8":"sales-flash-overlay","9":"woocommerce-text-align-center","10":"woocommerce-image-align-center","12":"first","13":"outofstock","14":"taxable","15":"shipping-taxable","16":"purchasable","17":"product-type-simple"},"aioseo_notices":[],"_links":{"self":[{"href":"https:\/\/www.livresentre2actions.fr\/fr_fr\/wp-json\/wp\/v2\/product\/10691","targetHints":{"allow":["GET"]}}],"collection":[{"href":"https:\/\/www.livresentre2actions.fr\/fr_fr\/wp-json\/wp\/v2\/product"}],"about":[{"href":"https:\/\/www.livresentre2actions.fr\/fr_fr\/wp-json\/wp\/v2\/types\/product"}],"wp:attachment":[{"href":"https:\/\/www.livresentre2actions.fr\/fr_fr\/wp-json\/wp\/v2\/media?parent=10691"}],"wp:term":[{"taxonomy":"product_brand","embeddable":true,"href":"https:\/\/www.livresentre2actions.fr\/fr_fr\/wp-json\/wp\/v2\/product_brand?post=10691"},{"taxonomy":"product_cat","embeddable":true,"href":"https:\/\/www.livresentre2actions.fr\/fr_fr\/wp-json\/wp\/v2\/product_cat?post=10691"},{"taxonomy":"product_tag","embeddable":true,"href":"https:\/\/www.livresentre2actions.fr\/fr_fr\/wp-json\/wp\/v2\/product_tag?post=10691"}],"curies":[{"name":"wp","href":"https:\/\/api.w.org\/{rel}","templated":true}]}}