{"id":10670,"date":"2025-02-15T16:17:38","date_gmt":"2025-02-15T15:17:38","guid":{"rendered":"https:\/\/www.livresentre2actions.fr\/?post_type=product&#038;p=10670"},"modified":"2025-08-25T14:20:05","modified_gmt":"2025-08-25T12:20:05","slug":"journal-des-connaissances-utiles-1831-a-1846-8-volumes-complet","status":"publish","type":"product","link":"https:\/\/www.livresentre2actions.fr\/fr_fr\/produit\/journal-des-connaissances-utiles-1831-a-1846-8-volumes-complet\/","title":{"rendered":"Journal des connaissances utiles &#8211; 1831 \u00e0 1846, 8 volumes, complet"},"content":{"rendered":"<p>Revue fond\u00e9e en 1831 par Emile de Girardin et qui prit fin en 1848. 8 volumes, De 1831 d\u00e9but de la revue \u00e0 1848 fin. Exceptionnel ensemble de toutes les ann\u00e9es de la revue.<\/p>\n<p>Demi-veau blond \u00e0 dos long orn\u00e9 du titre et de motifs floraux.g\u00e9om\u00e9triques aux caissons. Reliure en bel \u00e9tat : un seul mors fendu en t\u00eate pour le t1 ; une seule coiffe avec un manque en t8. Sinon frottements et \u00e9pidermures surtout en coiffe et queue. Rousseurs int\u00e9rieurs d\u2019intensit\u00e9 variable, mais globalement propre, int\u00e8gre.<\/p>\n<p>T1, oct. 1831 \u00e0 d\u00e9c. 1832. 400p. Avec introduction du fondateur. Codes rural et du contribuable. Cours d\u2019agriculture pratique et perfectionn\u00e9 de P. A. Masson-Four. Notions de m\u00e9canique par M. Boquillon, dessins de M. Leblanc. Et 1833, 351p. Avec table. Complet de ses 12 n\u00b0. Plus de 200 fines figures et\/ou gravures dans l\u2019ensemble du volume.<\/p>\n<p>T2, comprend 1834 et 1835, 310 et 314p. Avec table. bien compl\u00e8tes de leurs 12 n\u00b0. Comprend notamment Galerie des hommes illustres (11 portraits) ; un article sur les puits art\u00e9siens, sur les machines \u00e0 vapeur, sur la fabrication du sucre de betterave. Plus de 100 fines figures et\/ou gravures au total.<\/p>\n<p>T3, 1836 et 1837, 311 et 384p. Avec tables. Bien compl\u00e8tes de leurs 12 n\u00b0. Avec au total 32 figures, et\/ou gravures principalement agricoles.<\/p>\n<p>T4, 1838 et 1839 (R\u00e9\u00e9ditions de 1842), 1838, 383p. Avec table. Pas de page de titre par num\u00e9ro ; rep\u00e9rage au rubriquage r\u00e9p\u00e9titif ; bien complet de ses 12n\u00b0. 18 gravures 1839, 26o p (en deux parties.), 1 gravure. n\u00b01 \u00e0 6, (rep\u00e9rage aux rubriques) 158p. Avec une Histoire des banques notamment. Deuxi\u00e8me partie, 158p. Avec table des deux parties.<\/p>\n<p>T5, 1840 et 1841, 384p. Et 388p. Avec tables. Bien compl\u00e8te de leur 12 n\u00b0. Ave 76 fines figures\/gravures au total, tr\u00e8s majoritairement agricoles. Dont 23 appartenant aux 11 chapitres du Cours th\u00e9orique et pratique d\u2019architecture rurale de Roze-Henri architecte.<\/p>\n<p>T6, 1842 et 1843, 396p. chacune, avec tables. Plus de 50 fines figures\/gravures au total. Comprend notamment : Recensement de la population fran\u00e7aise de 1842. Histoire et descriptions des chemins de fer, avec 7 gravures dont Locomotive 6 roues La victorieuse et deux cartes : Paris \u00e0 Rouen \/ Paris \u00e0 Orl\u00e9ans.<\/p>\n<p>T7, 1844 (sans mois de mars), 380p ; avec table ; et 1845 (sans mois de d\u00e9cembre), 308p. Sans table. 2 gravures illustrant un texte litt\u00e9raire. Notamment un journal mensuel d\u2019agriculture (amendement, assolement, chaux, cheval, laiterie\u2026)<\/p>\n<p>T8, 1846 (pas de mois de septembre, mais pagin\u00e9 380 avec lacunes donc). Avec table ; 1847 (pas de septembre ni octobre,412 p. avec lacunes ; et table) et 1848 (380p. Avec table.). 23 gravures au total . Avec notamment : &#8211; avril 46, mention de l\u2019attentat contre Louis-Philippe.<\/p>\n<p>&#8211; 1847, 3 gravures sur le Chemin de fer atmosph\u00e9rique de Saint-Germain<\/p>\n<p>&#8211; 1848 : pagination continue bien que sans les mois d\u2019ao\u00fbt, septembre, octobre, absorb\u00e9s par un article de 70p. sur les \u00c9v\u00e9nements de juin [\u00ab Journ\u00e9es de juin \u00bb]. Contient \u00e9galement un article \u00ab Rapport sur la proposition du citoyen Proudhon relative \u00e0 la r\u00e9duction des fermages, loyers et int\u00e9r\u00eats des capitaux.\u00a0\u00bb<\/p>\n<p>Bon \u00e9tat g\u00e9n\u00e9ral<\/p>\n","protected":false},"excerpt":{"rendered":"<p>Revue fond\u00e9e en 1831 par Emile de Girardin et qui prit fin en 1848. 8 volumes, De 1831 d\u00e9but de la revue \u00e0 1848 fin. Exceptionnel ensemble de toutes les ann\u00e9es de la revue. Demi-veau blond \u00e0 dos long orn\u00e9 du titre et de motifs floraux.g\u00e9om\u00e9triques aux caissons. Reliure en bel \u00e9tat : un seul &#8230; <a title=\"Journal des connaissances utiles &#8211; 1831 \u00e0 1846, 8 volumes, complet\" class=\"read-more\" href=\"https:\/\/www.livresentre2actions.fr\/fr_fr\/produit\/journal-des-connaissances-utiles-1831-a-1846-8-volumes-complet\/\" aria-label=\"En savoir plus sur Journal des connaissances utiles &#8211; 1831 \u00e0 1846, 8 volumes, complet\">Lire plus<\/a><\/p>\n","protected":false},"featured_media":10671,"template":"","meta":{"_eb_attr":""},"product_brand":[],"product_cat":[36,73,69],"product_tag":[],"class_list":{"0":"post-10670","1":"product","2":"type-product","3":"status-publish","4":"has-post-thumbnail","6":"product_cat-entre-le-xviiieme-et-le-xixeme-siecle","7":"product_cat-histoires-et-recits-de-voyage","8":"product_cat-sciences-et-techniques","9":"sales-flash-overlay","10":"woocommerce-text-align-center","11":"woocommerce-image-align-center","12":"wc-has-gallery","14":"first","15":"instock","16":"taxable","17":"shipping-taxable","18":"purchasable","19":"product-type-simple"},"aioseo_notices":[],"_links":{"self":[{"href":"https:\/\/www.livresentre2actions.fr\/fr_fr\/wp-json\/wp\/v2\/product\/10670","targetHints":{"allow":["GET"]}}],"collection":[{"href":"https:\/\/www.livresentre2actions.fr\/fr_fr\/wp-json\/wp\/v2\/product"}],"about":[{"href":"https:\/\/www.livresentre2actions.fr\/fr_fr\/wp-json\/wp\/v2\/types\/product"}],"wp:featuredmedia":[{"embeddable":true,"href":"https:\/\/www.livresentre2actions.fr\/fr_fr\/wp-json\/wp\/v2\/media\/10671"}],"wp:attachment":[{"href":"https:\/\/www.livresentre2actions.fr\/fr_fr\/wp-json\/wp\/v2\/media?parent=10670"}],"wp:term":[{"taxonomy":"product_brand","embeddable":true,"href":"https:\/\/www.livresentre2actions.fr\/fr_fr\/wp-json\/wp\/v2\/product_brand?post=10670"},{"taxonomy":"product_cat","embeddable":true,"href":"https:\/\/www.livresentre2actions.fr\/fr_fr\/wp-json\/wp\/v2\/product_cat?post=10670"},{"taxonomy":"product_tag","embeddable":true,"href":"https:\/\/www.livresentre2actions.fr\/fr_fr\/wp-json\/wp\/v2\/product_tag?post=10670"}],"curies":[{"name":"wp","href":"https:\/\/api.w.org\/{rel}","templated":true}]}}