{"id":10655,"date":"2025-02-15T15:55:33","date_gmt":"2025-02-15T14:55:33","guid":{"rendered":"https:\/\/www.livresentre2actions.fr\/?post_type=product&#038;p=10655"},"modified":"2025-02-15T15:55:34","modified_gmt":"2025-02-15T14:55:34","slug":"satyrae-cum-annotat-th-farnabii","status":"publish","type":"product","link":"https:\/\/www.livresentre2actions.fr\/fr_fr\/produit\/satyrae-cum-annotat-th-farnabii\/","title":{"rendered":"Satyrae, cum annotat. Th. Farnabii"},"content":{"rendered":"<p>Juvenal et Perse &#8211; Ioannis Blaeu<\/p>\n<p>Petit in-12 veau havane, dos \u00e0 nerfs orn\u00e9, filet dor\u00e9 encadrant les plats (reliure de l&rsquo;\u00e9poque), tranches jasp\u00e9es rouge, 133 x 85, 189p. 1650. tr\u00e8s riche et beau frontispice grav\u00e9. Avec bel ex-libris manuscrit en pied. Au verso grand ex-libris coll\u00e9 (taureau en pied en \u00e9cusson surmont\u00e9 d\u2019un heaume \u00e0 la fleur de lys). Lettrines. Textes et notes s\u00e9par\u00e9es par un fin filet. Int\u00e9rieur l\u00e9g\u00e8rement insol\u00e9 mais propre et int\u00e8gre. Plats, coins et champs tr\u00e8s frott\u00e9s. Coins \u00e9mouss\u00e9s.Dos frott\u00e9, avec coiffe aras\u00e9e et queue en partie manquante.<\/p>\n","protected":false},"excerpt":{"rendered":"<p>Juvenal et Perse &#8211; Ioannis Blaeu Petit in-12 veau havane, dos \u00e0 nerfs orn\u00e9, filet dor\u00e9 encadrant les plats (reliure de l&rsquo;\u00e9poque), tranches jasp\u00e9es rouge, 133 x 85, 189p. 1650. tr\u00e8s riche et beau frontispice grav\u00e9. Avec bel ex-libris manuscrit en pied. Au verso grand ex-libris coll\u00e9 (taureau en pied en \u00e9cusson surmont\u00e9 d\u2019un heaume &#8230; <a title=\"Satyrae, cum annotat. Th. Farnabii\" class=\"read-more\" href=\"https:\/\/www.livresentre2actions.fr\/fr_fr\/produit\/satyrae-cum-annotat-th-farnabii\/\" aria-label=\"En savoir plus sur Satyrae, cum annotat. Th. Farnabii\">Lire plus<\/a><\/p>\n","protected":false},"featured_media":10656,"template":"","meta":{"_eb_attr":""},"product_brand":[],"product_cat":[35,72,73],"product_tag":[],"class_list":{"0":"post-10655","1":"product","2":"type-product","3":"status-publish","4":"has-post-thumbnail","6":"product_cat-jusquau-xviiemesiecle","7":"product_cat-divers","8":"product_cat-histoires-et-recits-de-voyage","9":"sales-flash-overlay","10":"woocommerce-text-align-center","11":"woocommerce-image-align-center","12":"wc-has-gallery","14":"first","15":"instock","16":"taxable","17":"shipping-taxable","18":"purchasable","19":"product-type-simple"},"aioseo_notices":[],"_links":{"self":[{"href":"https:\/\/www.livresentre2actions.fr\/fr_fr\/wp-json\/wp\/v2\/product\/10655","targetHints":{"allow":["GET"]}}],"collection":[{"href":"https:\/\/www.livresentre2actions.fr\/fr_fr\/wp-json\/wp\/v2\/product"}],"about":[{"href":"https:\/\/www.livresentre2actions.fr\/fr_fr\/wp-json\/wp\/v2\/types\/product"}],"wp:featuredmedia":[{"embeddable":true,"href":"https:\/\/www.livresentre2actions.fr\/fr_fr\/wp-json\/wp\/v2\/media\/10656"}],"wp:attachment":[{"href":"https:\/\/www.livresentre2actions.fr\/fr_fr\/wp-json\/wp\/v2\/media?parent=10655"}],"wp:term":[{"taxonomy":"product_brand","embeddable":true,"href":"https:\/\/www.livresentre2actions.fr\/fr_fr\/wp-json\/wp\/v2\/product_brand?post=10655"},{"taxonomy":"product_cat","embeddable":true,"href":"https:\/\/www.livresentre2actions.fr\/fr_fr\/wp-json\/wp\/v2\/product_cat?post=10655"},{"taxonomy":"product_tag","embeddable":true,"href":"https:\/\/www.livresentre2actions.fr\/fr_fr\/wp-json\/wp\/v2\/product_tag?post=10655"}],"curies":[{"name":"wp","href":"https:\/\/api.w.org\/{rel}","templated":true}]}}