{"id":10620,"date":"2025-02-11T16:36:40","date_gmt":"2025-02-11T15:36:40","guid":{"rendered":"https:\/\/www.livresentre2actions.fr\/?post_type=product&#038;p=10620"},"modified":"2025-11-17T16:41:45","modified_gmt":"2025-11-17T15:41:45","slug":"recueil-de-trois-textes-dont-histoire-anecdotique-de-larmee-du-rhin","status":"publish","type":"product","link":"https:\/\/www.livresentre2actions.fr\/fr_fr\/produit\/recueil-de-trois-textes-dont-histoire-anecdotique-de-larmee-du-rhin\/","title":{"rendered":"Recueil de trois textes dont Histoire anecdotique de l\u2019arm\u00e9e du Rhin"},"content":{"rendered":"<p>Recueil de trois livres en un seul volume reli\u00e9. Plein chagrin deux tons vert, \u00e0 dos long, orn\u00e9 de liser\u00e9s et du titre. 180 x 120 ; tranches jasp\u00e9es.\u00a0 Comprend :<\/p>\n<p>R\u00e9flexions d\u2019un montagnard parisien \u00e0 propos de la d\u00e9sertion des campagnes. Ebauches de quelques questions \u00e0 l\u2019ordre du jour sous forme de lettres, par Olivier Jeantet. Chez Douniol et Bl\u00e9riot, Paris. 1866. [E.O. ?] 258 p.<\/p>\n<p>Suivies de : Histoire anecdotique de l\u2019arm\u00e9e du Rhin, par un officier de cavalerie, Sans nom d&rsquo;auteur. [Edouard Grimblot], 123 p. Moulins, Desrosiers, 1872. E.O.<\/p>\n<p>Suivis de : Les Timbres-poste illustr\u00e9s (1840-1864), par J.-B. Moens.\u00a0J.-B. Moens libraire-\u00e9diteur, 148 p. Bruxelles, 1864. E.O.<\/p>\n<p>Int\u00e9rieur insol\u00e9, mais tr\u00e8s bon propre et int\u00e8gre. Rousseurs rares.Dos frott\u00e9 avec deux \u00e9pidermures en plein. Plats l\u00e9g\u00e8rement insol\u00e9s et frott\u00e9s, avec rares \u00e9pidermures. Champs frott\u00e9s, coins \u00e9mouss\u00e9s.<\/p>\n<p>&nbsp;<\/p>\n","protected":false},"excerpt":{"rendered":"<p>Recueil de trois livres en un seul volume reli\u00e9. Plein chagrin deux tons vert, \u00e0 dos long, orn\u00e9 de liser\u00e9s et du titre. 180 x 120 ; tranches jasp\u00e9es.\u00a0 Comprend : R\u00e9flexions d\u2019un montagnard parisien \u00e0 propos de la d\u00e9sertion des campagnes. Ebauches de quelques questions \u00e0 l\u2019ordre du jour sous forme de lettres, par &#8230; <a title=\"Recueil de trois textes dont Histoire anecdotique de l\u2019arm\u00e9e du Rhin\" class=\"read-more\" href=\"https:\/\/www.livresentre2actions.fr\/fr_fr\/produit\/recueil-de-trois-textes-dont-histoire-anecdotique-de-larmee-du-rhin\/\" aria-label=\"En savoir plus sur Recueil de trois textes dont Histoire anecdotique de l\u2019arm\u00e9e du Rhin\">Lire plus<\/a><\/p>\n","protected":false},"featured_media":10621,"template":"","meta":{"_eb_attr":""},"product_brand":[],"product_cat":[36,72,73],"product_tag":[],"class_list":{"0":"post-10620","1":"product","2":"type-product","3":"status-publish","4":"has-post-thumbnail","6":"product_cat-entre-le-xviiieme-et-le-xixeme-siecle","7":"product_cat-divers","8":"product_cat-histoires-et-recits-de-voyage","9":"sales-flash-overlay","10":"woocommerce-text-align-center","11":"woocommerce-image-align-center","12":"wc-has-gallery","14":"first","15":"instock","16":"taxable","17":"shipping-taxable","18":"purchasable","19":"product-type-simple"},"aioseo_notices":[],"_links":{"self":[{"href":"https:\/\/www.livresentre2actions.fr\/fr_fr\/wp-json\/wp\/v2\/product\/10620","targetHints":{"allow":["GET"]}}],"collection":[{"href":"https:\/\/www.livresentre2actions.fr\/fr_fr\/wp-json\/wp\/v2\/product"}],"about":[{"href":"https:\/\/www.livresentre2actions.fr\/fr_fr\/wp-json\/wp\/v2\/types\/product"}],"wp:featuredmedia":[{"embeddable":true,"href":"https:\/\/www.livresentre2actions.fr\/fr_fr\/wp-json\/wp\/v2\/media\/10621"}],"wp:attachment":[{"href":"https:\/\/www.livresentre2actions.fr\/fr_fr\/wp-json\/wp\/v2\/media?parent=10620"}],"wp:term":[{"taxonomy":"product_brand","embeddable":true,"href":"https:\/\/www.livresentre2actions.fr\/fr_fr\/wp-json\/wp\/v2\/product_brand?post=10620"},{"taxonomy":"product_cat","embeddable":true,"href":"https:\/\/www.livresentre2actions.fr\/fr_fr\/wp-json\/wp\/v2\/product_cat?post=10620"},{"taxonomy":"product_tag","embeddable":true,"href":"https:\/\/www.livresentre2actions.fr\/fr_fr\/wp-json\/wp\/v2\/product_tag?post=10620"}],"curies":[{"name":"wp","href":"https:\/\/api.w.org\/{rel}","templated":true}]}}