{"id":10613,"date":"2025-02-11T16:13:25","date_gmt":"2025-02-11T15:13:25","guid":{"rendered":"https:\/\/www.livresentre2actions.fr\/?post_type=product&#038;p=10613"},"modified":"2025-08-25T14:20:07","modified_gmt":"2025-08-25T12:20:07","slug":"la-maison-des-trois-fiancees-emile-zavie","status":"publish","type":"product","link":"https:\/\/www.livresentre2actions.fr\/fr_fr\/produit\/la-maison-des-trois-fiancees-emile-zavie\/","title":{"rendered":"La maison des trois fianc\u00e9es &#8211; Emile Zavie"},"content":{"rendered":"<p>Editions de la Nouvelle Revue fran\u00e7aise &#8211;<\/p>\n<p>Broch\u00e9, 188 x 125, 357p. Hors table. 1925. Edition originale num\u00e9rot\u00e9e 715, un des 893 sur v\u00e9lin pur fil r\u00e9serv\u00e9s aux amis de l(\u00e9dition originale. Exemplaire l\u00e9g\u00e8rement insol\u00e9 mais tr\u00e8s bon, propre, int\u00e8gre. Bien ferme.<\/p>\n","protected":false},"excerpt":{"rendered":"<p>Editions de la Nouvelle Revue fran\u00e7aise &#8211; Broch\u00e9, 188 x 125, 357p. Hors table. 1925. Edition originale num\u00e9rot\u00e9e 715, un des 893 sur v\u00e9lin pur fil r\u00e9serv\u00e9s aux amis de l(\u00e9dition originale. Exemplaire l\u00e9g\u00e8rement insol\u00e9 mais tr\u00e8s bon, propre, int\u00e8gre. Bien ferme.<\/p>\n","protected":false},"featured_media":10614,"template":"","meta":{"_eb_attr":""},"product_brand":[],"product_cat":[37,72,71,76],"product_tag":[],"class_list":{"0":"post-10613","1":"product","2":"type-product","3":"status-publish","4":"has-post-thumbnail","6":"product_cat-a-partir-du-xxeme-siecle","7":"product_cat-divers","8":"product_cat-illustres-modernes-editions-originales-signees-numerotees","9":"product_cat-poesie-theatre-prose","10":"sales-flash-overlay","11":"woocommerce-text-align-center","12":"woocommerce-image-align-center","13":"wc-has-gallery","15":"first","16":"instock","17":"taxable","18":"shipping-taxable","19":"purchasable","20":"product-type-simple"},"aioseo_notices":[],"_links":{"self":[{"href":"https:\/\/www.livresentre2actions.fr\/fr_fr\/wp-json\/wp\/v2\/product\/10613","targetHints":{"allow":["GET"]}}],"collection":[{"href":"https:\/\/www.livresentre2actions.fr\/fr_fr\/wp-json\/wp\/v2\/product"}],"about":[{"href":"https:\/\/www.livresentre2actions.fr\/fr_fr\/wp-json\/wp\/v2\/types\/product"}],"wp:featuredmedia":[{"embeddable":true,"href":"https:\/\/www.livresentre2actions.fr\/fr_fr\/wp-json\/wp\/v2\/media\/10614"}],"wp:attachment":[{"href":"https:\/\/www.livresentre2actions.fr\/fr_fr\/wp-json\/wp\/v2\/media?parent=10613"}],"wp:term":[{"taxonomy":"product_brand","embeddable":true,"href":"https:\/\/www.livresentre2actions.fr\/fr_fr\/wp-json\/wp\/v2\/product_brand?post=10613"},{"taxonomy":"product_cat","embeddable":true,"href":"https:\/\/www.livresentre2actions.fr\/fr_fr\/wp-json\/wp\/v2\/product_cat?post=10613"},{"taxonomy":"product_tag","embeddable":true,"href":"https:\/\/www.livresentre2actions.fr\/fr_fr\/wp-json\/wp\/v2\/product_tag?post=10613"}],"curies":[{"name":"wp","href":"https:\/\/api.w.org\/{rel}","templated":true}]}}