{"id":10603,"date":"2025-02-11T16:10:13","date_gmt":"2025-02-11T15:10:13","guid":{"rendered":"https:\/\/www.livresentre2actions.fr\/?post_type=product&#038;p=10603"},"modified":"2025-02-11T16:10:14","modified_gmt":"2025-02-11T15:10:14","slug":"souvenir-de-la-terreur-a-lyon-en-1793","status":"publish","type":"product","link":"https:\/\/www.livresentre2actions.fr\/fr_fr\/produit\/souvenir-de-la-terreur-a-lyon-en-1793\/","title":{"rendered":"Souvenir de la Terreur \u00e0 Lyon en 1793"},"content":{"rendered":"<p>Un chapitre de plus au m\u00e9rite des femmes\u00a0: Souvenir de la Terreur \u00e0 Lyon en 1793<\/p>\n<p>Maurice de Longevialle &#8211; Imprimerie de l&rsquo;Avenir de la Haute Loire<\/p>\n<p>Demi-toile rouge \u00e0 dos long orn\u00e9 en plein, d&rsquo;une pi\u00e8ce de titre cuir avec titre et auteur, dans la hauteur. 189 x 122, 56 p. Le Puy, 1905. Couvertures conserv\u00e9es. Deuxi\u00e8me \u00e9dition. Int\u00e9rieur insol\u00e9 mais tr\u00e8s bon, propre et int\u00e8gre. Plats frott\u00e9s avec deux micros manques en plein mors inf\u00e9rieur. Dos frott\u00e9, pi\u00e8ce de titre tr\u00e8s bonne. Coins frott\u00e9s et l\u00e9g\u00e8rement cogn\u00e9s. Champs et ch\u00e2sses frott\u00e9s.<\/p>\n","protected":false},"excerpt":{"rendered":"<p>Un chapitre de plus au m\u00e9rite des femmes\u00a0: Souvenir de la Terreur \u00e0 Lyon en 1793 Maurice de Longevialle &#8211; Imprimerie de l&rsquo;Avenir de la Haute Loire Demi-toile rouge \u00e0 dos long orn\u00e9 en plein, d&rsquo;une pi\u00e8ce de titre cuir avec titre et auteur, dans la hauteur. 189 x 122, 56 p. Le Puy, 1905. &#8230; <a title=\"Souvenir de la Terreur \u00e0 Lyon en 1793\" class=\"read-more\" href=\"https:\/\/www.livresentre2actions.fr\/fr_fr\/produit\/souvenir-de-la-terreur-a-lyon-en-1793\/\" aria-label=\"En savoir plus sur Souvenir de la Terreur \u00e0 Lyon en 1793\">Lire plus<\/a><\/p>\n","protected":false},"featured_media":10604,"template":"","meta":{"_eb_attr":""},"product_brand":[],"product_cat":[37,73],"product_tag":[],"class_list":{"0":"post-10603","1":"product","2":"type-product","3":"status-publish","4":"has-post-thumbnail","6":"product_cat-a-partir-du-xxeme-siecle","7":"product_cat-histoires-et-recits-de-voyage","8":"sales-flash-overlay","9":"woocommerce-text-align-center","10":"woocommerce-image-align-center","11":"wc-has-gallery","13":"first","14":"instock","15":"taxable","16":"shipping-taxable","17":"purchasable","18":"product-type-simple"},"aioseo_notices":[],"_links":{"self":[{"href":"https:\/\/www.livresentre2actions.fr\/fr_fr\/wp-json\/wp\/v2\/product\/10603","targetHints":{"allow":["GET"]}}],"collection":[{"href":"https:\/\/www.livresentre2actions.fr\/fr_fr\/wp-json\/wp\/v2\/product"}],"about":[{"href":"https:\/\/www.livresentre2actions.fr\/fr_fr\/wp-json\/wp\/v2\/types\/product"}],"wp:featuredmedia":[{"embeddable":true,"href":"https:\/\/www.livresentre2actions.fr\/fr_fr\/wp-json\/wp\/v2\/media\/10604"}],"wp:attachment":[{"href":"https:\/\/www.livresentre2actions.fr\/fr_fr\/wp-json\/wp\/v2\/media?parent=10603"}],"wp:term":[{"taxonomy":"product_brand","embeddable":true,"href":"https:\/\/www.livresentre2actions.fr\/fr_fr\/wp-json\/wp\/v2\/product_brand?post=10603"},{"taxonomy":"product_cat","embeddable":true,"href":"https:\/\/www.livresentre2actions.fr\/fr_fr\/wp-json\/wp\/v2\/product_cat?post=10603"},{"taxonomy":"product_tag","embeddable":true,"href":"https:\/\/www.livresentre2actions.fr\/fr_fr\/wp-json\/wp\/v2\/product_tag?post=10603"}],"curies":[{"name":"wp","href":"https:\/\/api.w.org\/{rel}","templated":true}]}}