{"id":10581,"date":"2025-02-11T16:04:22","date_gmt":"2025-02-11T15:04:22","guid":{"rendered":"https:\/\/www.livresentre2actions.fr\/?post_type=product&#038;p=10581"},"modified":"2025-08-08T12:05:29","modified_gmt":"2025-08-08T10:05:29","slug":"histoire-de-sainte-barbe-j-quicherat","status":"publish","type":"product","link":"https:\/\/www.livresentre2actions.fr\/fr_fr\/produit\/histoire-de-sainte-barbe-j-quicherat\/","title":{"rendered":"Histoire de Sainte Barbe &#8211; J. Quicherat"},"content":{"rendered":"<p>Coll\u00e8ge, communaut\u00e9, institution, 3 vols. Complet<\/p>\n<p>Hachette &#8211; Demi-chagrin rouge \u00e0 coins, dos \u00e0 faux-nerfs orn\u00e9 des titre, auteur tomaison, et fleuronn\u00e9s, plats orn\u00e9s de liser\u00e9s, monogramme\/armes SB du Coll\u00e8ge en plat sup\u00e9rieur, 230 x 150, 1860, 1862, 1864. 382p. 415p. et 428p. avec tables. Premi\u00e8re \u00e9dition. Un plan hors texte dans T1 et T2 (int\u00e8gres), 2 plans hors texte et un d\u00e9pliant (int\u00e8gres, dans le T3)\u00a0; Int\u00e9rieurs tr\u00e8s bons, propres et int\u00e8gres. Des frottements \u00e0 la reliure, avec quelques \u00e9pidermures, mais tr\u00e8s bel \u00e9tat g\u00e9n\u00e9ral. Fond\u00e9 au XV\u00e8me sur la montagne Sainte-Genevi\u00e8ve, a \u00e9t\u00e9 ferm\u00e9 en 1999, il \u00e9tait alors le plus ancien coll\u00e8ge parisien. De m\u00eame, l\u2019association amicale des anciens barbistes est la plus ancienne association d\u2019\u00e9l\u00e8ves en France. Y furent notamment \u00e9l\u00e8ves\u00a0: Ignace de Loyola, Pierre Favre, Gustave Eiffel, l\u2019auteur du livre, Jaur\u00e8s, Dreyfus, P\u00e9guy, Michel Piccoli.<\/p>\n","protected":false},"excerpt":{"rendered":"<p>Coll\u00e8ge, communaut\u00e9, institution, 3 vols. Complet Hachette &#8211; Demi-chagrin rouge \u00e0 coins, dos \u00e0 faux-nerfs orn\u00e9 des titre, auteur tomaison, et fleuronn\u00e9s, plats orn\u00e9s de liser\u00e9s, monogramme\/armes SB du Coll\u00e8ge en plat sup\u00e9rieur, 230 x 150, 1860, 1862, 1864. 382p. 415p. et 428p. avec tables. Premi\u00e8re \u00e9dition. Un plan hors texte dans T1 et T2 &#8230; <a title=\"Histoire de Sainte Barbe &#8211; J. Quicherat\" class=\"read-more\" href=\"https:\/\/www.livresentre2actions.fr\/fr_fr\/produit\/histoire-de-sainte-barbe-j-quicherat\/\" aria-label=\"En savoir plus sur Histoire de Sainte Barbe &#8211; J. Quicherat\">Lire plus<\/a><\/p>\n","protected":false},"featured_media":10582,"template":"","meta":{"_eb_attr":""},"product_brand":[],"product_cat":[15,36,73,68],"product_tag":[],"class_list":{"0":"post-10581","1":"product","2":"type-product","3":"status-publish","4":"has-post-thumbnail","6":"product_cat-catalogue","7":"product_cat-entre-le-xviiieme-et-le-xixeme-siecle","8":"product_cat-histoires-et-recits-de-voyage","9":"product_cat-religion-spiritualite","10":"sales-flash-overlay","11":"woocommerce-text-align-center","12":"woocommerce-image-align-center","13":"wc-has-gallery","15":"first","16":"instock","17":"taxable","18":"shipping-taxable","19":"purchasable","20":"product-type-simple"},"aioseo_notices":[],"_links":{"self":[{"href":"https:\/\/www.livresentre2actions.fr\/fr_fr\/wp-json\/wp\/v2\/product\/10581","targetHints":{"allow":["GET"]}}],"collection":[{"href":"https:\/\/www.livresentre2actions.fr\/fr_fr\/wp-json\/wp\/v2\/product"}],"about":[{"href":"https:\/\/www.livresentre2actions.fr\/fr_fr\/wp-json\/wp\/v2\/types\/product"}],"wp:featuredmedia":[{"embeddable":true,"href":"https:\/\/www.livresentre2actions.fr\/fr_fr\/wp-json\/wp\/v2\/media\/10582"}],"wp:attachment":[{"href":"https:\/\/www.livresentre2actions.fr\/fr_fr\/wp-json\/wp\/v2\/media?parent=10581"}],"wp:term":[{"taxonomy":"product_brand","embeddable":true,"href":"https:\/\/www.livresentre2actions.fr\/fr_fr\/wp-json\/wp\/v2\/product_brand?post=10581"},{"taxonomy":"product_cat","embeddable":true,"href":"https:\/\/www.livresentre2actions.fr\/fr_fr\/wp-json\/wp\/v2\/product_cat?post=10581"},{"taxonomy":"product_tag","embeddable":true,"href":"https:\/\/www.livresentre2actions.fr\/fr_fr\/wp-json\/wp\/v2\/product_tag?post=10581"}],"curies":[{"name":"wp","href":"https:\/\/api.w.org\/{rel}","templated":true}]}}