{"id":10552,"date":"2025-02-11T15:33:34","date_gmt":"2025-02-11T14:33:34","guid":{"rendered":"https:\/\/www.livresentre2actions.fr\/?post_type=product&#038;p=10552"},"modified":"2025-08-08T12:05:41","modified_gmt":"2025-08-08T10:05:41","slug":"nigeria-its-archeology-and-early-history","status":"publish","type":"product","link":"https:\/\/www.livresentre2actions.fr\/fr_fr\/produit\/nigeria-its-archeology-and-early-history\/","title":{"rendered":"Nigeria. Its archeology and early history"},"content":{"rendered":"<p>Thurstan Shaw &#8211; Thames and Hudson<\/p>\n<p>Cartonnage \u00e9diteur sous jaquette, 235p avec index. Provenance : avec ex-libris manuscrit Jean-Pierre Jernander avec le tampon de sa galerie et un code. Int\u00e9rieur tr\u00e8s bon, propre et int\u00e8gre. Cartonnage tr\u00e8s bon, propre et int\u00e8gre. Jaquette frott\u00e9e, propre, avec avec d\u00e9chirure consolid\u00e9e avec adh\u00e9sif en pied de dos. Exemplaire bien ferme.<\/p>\n","protected":false},"excerpt":{"rendered":"<p>Thurstan Shaw &#8211; Thames and Hudson Cartonnage \u00e9diteur sous jaquette, 235p avec index. Provenance : avec ex-libris manuscrit Jean-Pierre Jernander avec le tampon de sa galerie et un code. Int\u00e9rieur tr\u00e8s bon, propre et int\u00e8gre. Cartonnage tr\u00e8s bon, propre et int\u00e8gre. Jaquette frott\u00e9e, propre, avec avec d\u00e9chirure consolid\u00e9e avec adh\u00e9sif en pied de dos. Exemplaire &#8230; <a title=\"Nigeria. Its archeology and early history\" class=\"read-more\" href=\"https:\/\/www.livresentre2actions.fr\/fr_fr\/produit\/nigeria-its-archeology-and-early-history\/\" aria-label=\"En savoir plus sur Nigeria. Its archeology and early history\">Lire plus<\/a><\/p>\n","protected":false},"featured_media":10553,"template":"","meta":{"_eb_attr":""},"product_brand":[],"product_cat":[37,72,73,68],"product_tag":[],"class_list":{"0":"post-10552","1":"product","2":"type-product","3":"status-publish","4":"has-post-thumbnail","6":"product_cat-a-partir-du-xxeme-siecle","7":"product_cat-divers","8":"product_cat-histoires-et-recits-de-voyage","9":"product_cat-religion-spiritualite","10":"sales-flash-overlay","11":"woocommerce-text-align-center","12":"woocommerce-image-align-center","13":"wc-has-gallery","15":"first","16":"instock","17":"taxable","18":"shipping-taxable","19":"purchasable","20":"product-type-simple"},"aioseo_notices":[],"_links":{"self":[{"href":"https:\/\/www.livresentre2actions.fr\/fr_fr\/wp-json\/wp\/v2\/product\/10552","targetHints":{"allow":["GET"]}}],"collection":[{"href":"https:\/\/www.livresentre2actions.fr\/fr_fr\/wp-json\/wp\/v2\/product"}],"about":[{"href":"https:\/\/www.livresentre2actions.fr\/fr_fr\/wp-json\/wp\/v2\/types\/product"}],"wp:featuredmedia":[{"embeddable":true,"href":"https:\/\/www.livresentre2actions.fr\/fr_fr\/wp-json\/wp\/v2\/media\/10553"}],"wp:attachment":[{"href":"https:\/\/www.livresentre2actions.fr\/fr_fr\/wp-json\/wp\/v2\/media?parent=10552"}],"wp:term":[{"taxonomy":"product_brand","embeddable":true,"href":"https:\/\/www.livresentre2actions.fr\/fr_fr\/wp-json\/wp\/v2\/product_brand?post=10552"},{"taxonomy":"product_cat","embeddable":true,"href":"https:\/\/www.livresentre2actions.fr\/fr_fr\/wp-json\/wp\/v2\/product_cat?post=10552"},{"taxonomy":"product_tag","embeddable":true,"href":"https:\/\/www.livresentre2actions.fr\/fr_fr\/wp-json\/wp\/v2\/product_tag?post=10552"}],"curies":[{"name":"wp","href":"https:\/\/api.w.org\/{rel}","templated":true}]}}