{"id":10527,"date":"2025-02-11T15:22:34","date_gmt":"2025-02-11T14:22:34","guid":{"rendered":"https:\/\/www.livresentre2actions.fr\/?post_type=product&#038;p=10527"},"modified":"2025-02-11T15:29:22","modified_gmt":"2025-02-11T14:29:22","slug":"ibo-galerie-claudine-legrand","status":"publish","type":"product","link":"https:\/\/www.livresentre2actions.fr\/fr_fr\/produit\/ibo-galerie-claudine-legrand\/","title":{"rendered":"Ibo &#8211; Galerie Claudine Legrand"},"content":{"rendered":"<p>Catalogue d\u2019exposition &#8211; Galerie Claudine Legrand, 15-19 septembre 2004 puis Galerie Afrique, Saint-Maur, jusqu&rsquo;\u00e0 la fin d\u00e9cembre 2004 &#8211; Broch\u00e9, 2004. Provenance : Galerie Noir d&rsquo;ivoire signal\u00e9e par une \u00e9tiquette coll\u00e9e au verso de la couverture. Int\u00e9rieur propre et int\u00e8gre. Couvertures et dos propres et quasi int\u00e8gres : \u00e9pidermures blanches en pied de couverture et de quatri\u00e8me de couverture. Bel exemplaire bien ferme.<\/p>\n","protected":false},"excerpt":{"rendered":"<p>Catalogue d\u2019exposition &#8211; Galerie Claudine Legrand, 15-19 septembre 2004 puis Galerie Afrique, Saint-Maur, jusqu&rsquo;\u00e0 la fin d\u00e9cembre 2004 &#8211; Broch\u00e9, 2004. Provenance : Galerie Noir d&rsquo;ivoire signal\u00e9e par une \u00e9tiquette coll\u00e9e au verso de la couverture. Int\u00e9rieur propre et int\u00e8gre. Couvertures et dos propres et quasi int\u00e8gres : \u00e9pidermures blanches en pied de couverture et &#8230; <a title=\"Ibo &#8211; Galerie Claudine Legrand\" class=\"read-more\" href=\"https:\/\/www.livresentre2actions.fr\/fr_fr\/produit\/ibo-galerie-claudine-legrand\/\" aria-label=\"En savoir plus sur Ibo &#8211; Galerie Claudine Legrand\">Lire plus<\/a><\/p>\n","protected":false},"featured_media":10528,"template":"","meta":{"_eb_attr":""},"product_brand":[],"product_cat":[37,72,68],"product_tag":[],"class_list":{"0":"post-10527","1":"product","2":"type-product","3":"status-publish","4":"has-post-thumbnail","6":"product_cat-a-partir-du-xxeme-siecle","7":"product_cat-divers","8":"product_cat-religion-spiritualite","9":"sales-flash-overlay","10":"woocommerce-text-align-center","11":"woocommerce-image-align-center","12":"wc-has-gallery","14":"first","15":"instock","16":"taxable","17":"shipping-taxable","18":"purchasable","19":"product-type-simple"},"aioseo_notices":[],"_links":{"self":[{"href":"https:\/\/www.livresentre2actions.fr\/fr_fr\/wp-json\/wp\/v2\/product\/10527","targetHints":{"allow":["GET"]}}],"collection":[{"href":"https:\/\/www.livresentre2actions.fr\/fr_fr\/wp-json\/wp\/v2\/product"}],"about":[{"href":"https:\/\/www.livresentre2actions.fr\/fr_fr\/wp-json\/wp\/v2\/types\/product"}],"wp:featuredmedia":[{"embeddable":true,"href":"https:\/\/www.livresentre2actions.fr\/fr_fr\/wp-json\/wp\/v2\/media\/10528"}],"wp:attachment":[{"href":"https:\/\/www.livresentre2actions.fr\/fr_fr\/wp-json\/wp\/v2\/media?parent=10527"}],"wp:term":[{"taxonomy":"product_brand","embeddable":true,"href":"https:\/\/www.livresentre2actions.fr\/fr_fr\/wp-json\/wp\/v2\/product_brand?post=10527"},{"taxonomy":"product_cat","embeddable":true,"href":"https:\/\/www.livresentre2actions.fr\/fr_fr\/wp-json\/wp\/v2\/product_cat?post=10527"},{"taxonomy":"product_tag","embeddable":true,"href":"https:\/\/www.livresentre2actions.fr\/fr_fr\/wp-json\/wp\/v2\/product_tag?post=10527"}],"curies":[{"name":"wp","href":"https:\/\/api.w.org\/{rel}","templated":true}]}}