{"id":10273,"date":"2025-01-22T16:57:26","date_gmt":"2025-01-22T15:57:26","guid":{"rendered":"https:\/\/www.livresentre2actions.fr\/?post_type=product&#038;p=10273"},"modified":"2025-08-28T18:38:19","modified_gmt":"2025-08-28T16:38:19","slug":"the-scarecrow-of-oz-l-frank-baum-john-r-neill","status":"publish","type":"product","link":"https:\/\/www.livresentre2actions.fr\/fr_fr\/produit\/the-scarecrow-of-oz-l-frank-baum-john-r-neill\/","title":{"rendered":"The Scarecrow of OZ &#8211; L. Frank Baum \/ John R. Neill &#8211; \u00c9dition originale"},"content":{"rendered":"<p>The Reilly Britton Co<\/p>\n<p>Pleine toile \u00e9diteur verte \u00e0 dos long, dos orn\u00e9 du titre, de l\u2019\u00e9diteur et en plein d\u2019une illustration en noir (personnage de Dorotthy Lane). Plat sup\u00e9rieur orn\u00e9 d\u2019une illustration couleur, 237 x 175, 288p. Chicago, 1915 (Copyright par L. Frank Baum). Premi\u00e8re \u00e9dition, premi\u00e8re impression<\/p>\n<p>L&rsquo;identification de premi\u00e8re \u00e9dition s&rsquo;appuie sur les crit\u00e8res \u00e9tablis par le site sp\u00e9cialis\u00e9 wonderfulbooksofoz. Nous joignons en derni\u00e8re photo les crit\u00e8res.<br \/>\nPied de dos : The Reilly Britton Co ; Contreplats dessin\u00e9s au noir ; La liste des titres s\u2019arr\u00eate bien avec Scarecrow ; 12 illustrations couleur correctement positionn\u00e9es.<\/p>\n<p>Il s\u2019agit ici du 8\u00e8me \u00e9pisode de 1\u00e8re s\u00e9rie de livres sur le pays d\u2019Oz qui en conna\u00eetra 14.<br \/>\nFrontispice couleur et 11 pleines pages couleur (non coll\u00e9es, ni scotch\u00e9es), 24 pleines pages en noir, ent\u00eate en noir pour chaque chapitre, culs-de-lampe parfois \u00e0 mi-pages, et nombreuses ill. en noir dans le texte, et contreplats et garde et derni\u00e8re page illustr\u00e9s en plein. Int\u00e9rieur en bel \u00e9tat, quelques pages corn\u00e9es en t\u00eate, rares rousseurs, et premi\u00e8re garde l\u00e9g\u00e8rement mobile. Dos frott\u00e9 mais bon et propre. Plat inf\u00e9rieur l\u00e9g\u00e8rement insol\u00e9 en pied, mais bon et propre. Plat sup\u00e9rieur avec frottement, un petit manque en coins droits d\u2019illustration en t\u00eate et pied. Coins frott\u00e9s, l\u00e9g\u00e8rement cogn\u00e9s. Bien ferme.<\/p>\n","protected":false},"excerpt":{"rendered":"<p>The Reilly Britton Co Pleine toile \u00e9diteur verte \u00e0 dos long, dos orn\u00e9 du titre, de l\u2019\u00e9diteur et en plein d\u2019une illustration en noir (personnage de Dorotthy Lane). Plat sup\u00e9rieur orn\u00e9 d\u2019une illustration couleur, 237 x 175, 288p. Chicago, 1915 (Copyright par L. Frank Baum). Premi\u00e8re \u00e9dition, premi\u00e8re impression L&rsquo;identification de premi\u00e8re \u00e9dition s&rsquo;appuie sur &#8230; <a title=\"The Scarecrow of OZ &#8211; L. Frank Baum \/ John R. Neill &#8211; \u00c9dition originale\" class=\"read-more\" href=\"https:\/\/www.livresentre2actions.fr\/fr_fr\/produit\/the-scarecrow-of-oz-l-frank-baum-john-r-neill\/\" aria-label=\"En savoir plus sur The Scarecrow of OZ &#8211; L. Frank Baum \/ John R. Neill &#8211; \u00c9dition originale\">Lire plus<\/a><\/p>\n","protected":false},"featured_media":10274,"template":"","meta":{"_eb_attr":""},"product_brand":[],"product_cat":[37,75,78,71,76],"product_tag":[86],"class_list":{"0":"post-10273","1":"product","2":"type-product","3":"status-publish","4":"has-post-thumbnail","6":"product_cat-a-partir-du-xxeme-siecle","7":"product_cat-art","8":"product_cat-enfantina","9":"product_cat-illustres-modernes-editions-originales-signees-numerotees","10":"product_cat-poesie-theatre-prose","11":"product_tag-illustre","12":"sales-flash-overlay","13":"woocommerce-text-align-center","14":"woocommerce-image-align-center","15":"wc-has-gallery","17":"first","18":"instock","19":"taxable","20":"shipping-taxable","21":"purchasable","22":"product-type-simple"},"aioseo_notices":[],"_links":{"self":[{"href":"https:\/\/www.livresentre2actions.fr\/fr_fr\/wp-json\/wp\/v2\/product\/10273","targetHints":{"allow":["GET"]}}],"collection":[{"href":"https:\/\/www.livresentre2actions.fr\/fr_fr\/wp-json\/wp\/v2\/product"}],"about":[{"href":"https:\/\/www.livresentre2actions.fr\/fr_fr\/wp-json\/wp\/v2\/types\/product"}],"wp:featuredmedia":[{"embeddable":true,"href":"https:\/\/www.livresentre2actions.fr\/fr_fr\/wp-json\/wp\/v2\/media\/10274"}],"wp:attachment":[{"href":"https:\/\/www.livresentre2actions.fr\/fr_fr\/wp-json\/wp\/v2\/media?parent=10273"}],"wp:term":[{"taxonomy":"product_brand","embeddable":true,"href":"https:\/\/www.livresentre2actions.fr\/fr_fr\/wp-json\/wp\/v2\/product_brand?post=10273"},{"taxonomy":"product_cat","embeddable":true,"href":"https:\/\/www.livresentre2actions.fr\/fr_fr\/wp-json\/wp\/v2\/product_cat?post=10273"},{"taxonomy":"product_tag","embeddable":true,"href":"https:\/\/www.livresentre2actions.fr\/fr_fr\/wp-json\/wp\/v2\/product_tag?post=10273"}],"curies":[{"name":"wp","href":"https:\/\/api.w.org\/{rel}","templated":true}]}}