{"id":10171,"date":"2025-01-16T15:23:31","date_gmt":"2025-01-16T14:23:31","guid":{"rendered":"https:\/\/www.livresentre2actions.fr\/?post_type=product&#038;p=10171"},"modified":"2025-04-24T12:46:21","modified_gmt":"2025-04-24T10:46:21","slug":"lart-eket-collection-azar","status":"publish","type":"product","link":"https:\/\/www.livresentre2actions.fr\/fr_fr\/produit\/lart-eket-collection-azar\/","title":{"rendered":"L\u2019art Eket, collection Azar"},"content":{"rendered":"<p>Fran\u00e7ois Neyt<\/p>\n<p>Pleine toile verte \u00e9diteur sous jaquette, 283 x 217, 145p. hors table. 1979. Provenance : Galerie Noir d&rsquo;Ivoire signal\u00e9e par un code, un tampon et une \u00e9tiquette en page de titre. int\u00e9rieur propre et int\u00e8gre;, Pleine toile tr\u00e8s bonne, propre et int\u00e8gre. Jaquette frott\u00e9e mais propre, avec un code en pied de dos, et une d\u00e9chirure en t\u00eate de couverture avec un petit manque, en t\u00eate de dos et de quatri\u00e8me sans manque ; d\u00e9chirures consolid\u00e9es avec une bande adh\u00e9sive. Bon exemplaire, bien ferme. Nous joignons le catalogue Afrique et Terra incognita i deserta de la Libraire Kongo.<\/p>\n","protected":false},"excerpt":{"rendered":"<p>Fran\u00e7ois Neyt Pleine toile verte \u00e9diteur sous jaquette, 283 x 217, 145p. hors table. 1979. Provenance : Galerie Noir d&rsquo;Ivoire signal\u00e9e par un code, un tampon et une \u00e9tiquette en page de titre. int\u00e9rieur propre et int\u00e8gre;, Pleine toile tr\u00e8s bonne, propre et int\u00e8gre. Jaquette frott\u00e9e mais propre, avec un code en pied de dos, &#8230; <a title=\"L\u2019art Eket, collection Azar\" class=\"read-more\" href=\"https:\/\/www.livresentre2actions.fr\/fr_fr\/produit\/lart-eket-collection-azar\/\" aria-label=\"En savoir plus sur L\u2019art Eket, collection Azar\">Lire plus<\/a><\/p>\n","protected":false},"featured_media":10172,"template":"","meta":{"_eb_attr":""},"product_brand":[],"product_cat":[37,75,68],"product_tag":[],"class_list":{"0":"post-10171","1":"product","2":"type-product","3":"status-publish","4":"has-post-thumbnail","6":"product_cat-a-partir-du-xxeme-siecle","7":"product_cat-art","8":"product_cat-religion-spiritualite","9":"sales-flash-overlay","10":"woocommerce-text-align-center","11":"woocommerce-image-align-center","12":"wc-has-gallery","14":"first","15":"instock","16":"taxable","17":"shipping-taxable","18":"purchasable","19":"product-type-simple"},"aioseo_notices":[],"_links":{"self":[{"href":"https:\/\/www.livresentre2actions.fr\/fr_fr\/wp-json\/wp\/v2\/product\/10171","targetHints":{"allow":["GET"]}}],"collection":[{"href":"https:\/\/www.livresentre2actions.fr\/fr_fr\/wp-json\/wp\/v2\/product"}],"about":[{"href":"https:\/\/www.livresentre2actions.fr\/fr_fr\/wp-json\/wp\/v2\/types\/product"}],"wp:featuredmedia":[{"embeddable":true,"href":"https:\/\/www.livresentre2actions.fr\/fr_fr\/wp-json\/wp\/v2\/media\/10172"}],"wp:attachment":[{"href":"https:\/\/www.livresentre2actions.fr\/fr_fr\/wp-json\/wp\/v2\/media?parent=10171"}],"wp:term":[{"taxonomy":"product_brand","embeddable":true,"href":"https:\/\/www.livresentre2actions.fr\/fr_fr\/wp-json\/wp\/v2\/product_brand?post=10171"},{"taxonomy":"product_cat","embeddable":true,"href":"https:\/\/www.livresentre2actions.fr\/fr_fr\/wp-json\/wp\/v2\/product_cat?post=10171"},{"taxonomy":"product_tag","embeddable":true,"href":"https:\/\/www.livresentre2actions.fr\/fr_fr\/wp-json\/wp\/v2\/product_tag?post=10171"}],"curies":[{"name":"wp","href":"https:\/\/api.w.org\/{rel}","templated":true}]}}