{"id":10162,"date":"2025-01-16T15:18:08","date_gmt":"2025-01-16T14:18:08","guid":{"rendered":"https:\/\/www.livresentre2actions.fr\/?post_type=product&#038;p=10162"},"modified":"2025-08-27T12:23:25","modified_gmt":"2025-08-27T10:23:25","slug":"letat-de-lhomme-dans-le-pecher-originel","status":"publish","type":"product","link":"https:\/\/www.livresentre2actions.fr\/fr_fr\/produit\/letat-de-lhomme-dans-le-pecher-originel\/","title":{"rendered":"L\u2019\u00e9tat de l\u2019homme dans le p\u00e9cher originel"},"content":{"rendered":"<p>L\u2019\u00e9tat de l\u2019homme dans le p\u00e9cher originel. O\u00f9 l\u2019on fait voir quelle est la source et quelles sont les causes et les suites de ce p\u00e9cher dans le monde<\/p>\n<p>Anonyme [Adrian Beverland \u2013 trad. Par Fontenai]<\/p>\n<p>Non pr\u00e9cis\u00e9 [conforme \u00e0 l\u2019\u00e9dition mentionn\u00e9e comme suit\u00a0: \u00ab\u00a0Imprim\u00e9 dans le monde en 1731]<\/p>\n<p>Pleine basane marbr\u00e9e, dos 5 nerfs, orn\u00e9 d\u2019une pi\u00e8ce de titre en maroquin lie de vin, richement orn\u00e9 \u00e9galement de caissons floraux \u00e0 encadrement, avec variation des motifs en queue et coiffe, toutes tranches rouges, tranchefile, signet, champs \u00e0 liser\u00e9s, plats avec encadrement \u00e0 liser\u00e9 noir, 134 x 80, 241p. Hors table. (Erreur de pagination en derni\u00e8re page corrig\u00e9e \u00e0 la plume). Sans date. Mais conforme \u00e0 la 3\u00e8me \u00e9dition de 1731, comme l\u2019indique d\u2019ailleurs une note bibliographique manuscrite reli\u00e9e avec (voir ci-dessous). Page de titre manquante. Premi\u00e8re page en partie restaur\u00e9e, avec petit manque de texte en pied. Pour le reste complet. Une double page avec un passage soulign\u00e9 au crayon de couleur rouge\u00a0; sinon une note manuscrite en marge de pied des pp30-31. Une vignette de bilbioth\u00e8que (?) coll\u00e9e en t\u00eatre de garde. Int\u00e9rieur globalement propre et int\u00e8gre. Plats l\u00e9g\u00e8rement frott\u00e9s mais tr\u00e8s bons, propres et int\u00e8gres. Champs et coins frott\u00e9s. Mors frott\u00e9s. Mors sup\u00e9rieur bri\u00e8vement ouvert en t\u00eate du plat inf\u00e9rieur. Coiffe et queue frott\u00e9s avec \u00e9pidermures. Nerfs frott\u00e9s. Bon exemplaire. Exemplaire fort int\u00e9ressant car enrichi d\u2019une note bibliographique manuscrite reli\u00e9e avec, en d\u00e9but de volume (verso de la garde -1- \u00e0 3), et en fin de volume 2p. On remarque \u00e9galement, sans doute du m\u00eame, pp30-31, en marge de pied, une note manuscrite au sujet d\u2019un passage soulign\u00e9. Cette note bibliographique r\u00e9fute (en citant partiellement ses sources) qu\u2019il s\u2019agit d\u2019une traduction du Peccatum originale de B\u00e9verland, mais (bien qu\u2019il soit proche dans le raisonnement) l\u2019attribue au libraire Jean-Fr\u00e9d\u00e9ric Bernard, chez lequel il aurait \u00e9t\u00e9 imprim\u00e9. Il s\u2019appuie notamment sur les \u00e9ditions de 1740 et 1741 pour le justifier. Il s\u2019agirait donc bien ici de la 3\u00e8me \u00e9d. augment\u00e9e et corrig\u00e9e de 1731. Suit une note biographique dudit libraire.<\/p>\n","protected":false},"excerpt":{"rendered":"<p>L\u2019\u00e9tat de l\u2019homme dans le p\u00e9cher originel. O\u00f9 l\u2019on fait voir quelle est la source et quelles sont les causes et les suites de ce p\u00e9cher dans le monde Anonyme [Adrian Beverland \u2013 trad. Par Fontenai] Non pr\u00e9cis\u00e9 [conforme \u00e0 l\u2019\u00e9dition mentionn\u00e9e comme suit\u00a0: \u00ab\u00a0Imprim\u00e9 dans le monde en 1731] Pleine basane marbr\u00e9e, dos 5 &#8230; <a title=\"L\u2019\u00e9tat de l\u2019homme dans le p\u00e9cher originel\" class=\"read-more\" href=\"https:\/\/www.livresentre2actions.fr\/fr_fr\/produit\/letat-de-lhomme-dans-le-pecher-originel\/\" aria-label=\"En savoir plus sur L\u2019\u00e9tat de l\u2019homme dans le p\u00e9cher originel\">Lire plus<\/a><\/p>\n","protected":false},"featured_media":10163,"template":"","meta":{"_eb_attr":""},"product_brand":[],"product_cat":[36,68],"product_tag":[94],"class_list":{"0":"post-10162","1":"product","2":"type-product","3":"status-publish","4":"has-post-thumbnail","6":"product_cat-entre-le-xviiieme-et-le-xixeme-siecle","7":"product_cat-religion-spiritualite","8":"product_tag-provenance","9":"sales-flash-overlay","10":"woocommerce-text-align-center","11":"woocommerce-image-align-center","12":"wc-has-gallery","14":"first","15":"instock","16":"taxable","17":"shipping-taxable","18":"purchasable","19":"product-type-simple"},"aioseo_notices":[],"_links":{"self":[{"href":"https:\/\/www.livresentre2actions.fr\/fr_fr\/wp-json\/wp\/v2\/product\/10162","targetHints":{"allow":["GET"]}}],"collection":[{"href":"https:\/\/www.livresentre2actions.fr\/fr_fr\/wp-json\/wp\/v2\/product"}],"about":[{"href":"https:\/\/www.livresentre2actions.fr\/fr_fr\/wp-json\/wp\/v2\/types\/product"}],"wp:featuredmedia":[{"embeddable":true,"href":"https:\/\/www.livresentre2actions.fr\/fr_fr\/wp-json\/wp\/v2\/media\/10163"}],"wp:attachment":[{"href":"https:\/\/www.livresentre2actions.fr\/fr_fr\/wp-json\/wp\/v2\/media?parent=10162"}],"wp:term":[{"taxonomy":"product_brand","embeddable":true,"href":"https:\/\/www.livresentre2actions.fr\/fr_fr\/wp-json\/wp\/v2\/product_brand?post=10162"},{"taxonomy":"product_cat","embeddable":true,"href":"https:\/\/www.livresentre2actions.fr\/fr_fr\/wp-json\/wp\/v2\/product_cat?post=10162"},{"taxonomy":"product_tag","embeddable":true,"href":"https:\/\/www.livresentre2actions.fr\/fr_fr\/wp-json\/wp\/v2\/product_tag?post=10162"}],"curies":[{"name":"wp","href":"https:\/\/api.w.org\/{rel}","templated":true}]}}