{"id":10004,"date":"2025-01-05T16:59:21","date_gmt":"2025-01-05T15:59:21","guid":{"rendered":"https:\/\/www.livresentre2actions.fr\/?post_type=product&#038;p=10004"},"modified":"2025-08-25T14:20:09","modified_gmt":"2025-08-25T12:20:09","slug":"en-chassant-des-landes-aux-pyrenees","status":"publish","type":"product","link":"https:\/\/www.livresentre2actions.fr\/fr_fr\/produit\/en-chassant-des-landes-aux-pyrenees\/","title":{"rendered":"En chassant des Landes aux Pyr\u00e9n\u00e9es."},"content":{"rendered":"<p>En chassant des Landes aux Pyr\u00e9n\u00e9es. \u00a0Suivi de deux \u00e9tudes de chasses locales, par H. Botel de Lacaze et H. de Saint-Blanquat<\/p>\n<p>Jean de Witt \/ J. Oberth\u00fcr<br \/>\n(Ill.)<\/p>\n<p>Broch\u00e9, 245 x 200, 257p. Avec table. 1936. Premi\u00e8re \u00e9dition. Exemplaire non num\u00e9rot\u00e9. Mais enrichi d\u2019un hommage de l\u2019auteur en page de faux-titre. Int\u00e9rieur tr\u00e8s bon, non coup\u00e9. L\u00e9g\u00e8res rousseurs en couvertures. Bel exemplaire bien ferme.<\/p>\n","protected":false},"excerpt":{"rendered":"<p>En chassant des Landes aux Pyr\u00e9n\u00e9es. \u00a0Suivi de deux \u00e9tudes de chasses locales, par H. Botel de Lacaze et H. de Saint-Blanquat Jean de Witt \/ J. Oberth\u00fcr (Ill.) Broch\u00e9, 245 x 200, 257p. Avec table. 1936. Premi\u00e8re \u00e9dition. Exemplaire non num\u00e9rot\u00e9. Mais enrichi d\u2019un hommage de l\u2019auteur en page de faux-titre. Int\u00e9rieur tr\u00e8s bon, &#8230; <a title=\"En chassant des Landes aux Pyr\u00e9n\u00e9es.\" class=\"read-more\" href=\"https:\/\/www.livresentre2actions.fr\/fr_fr\/produit\/en-chassant-des-landes-aux-pyrenees\/\" aria-label=\"En savoir plus sur En chassant des Landes aux Pyr\u00e9n\u00e9es.\">Lire plus<\/a><\/p>\n","protected":false},"featured_media":10005,"template":"","meta":{"_eb_attr":""},"product_brand":[],"product_cat":[37,71],"product_tag":[],"class_list":{"0":"post-10004","1":"product","2":"type-product","3":"status-publish","4":"has-post-thumbnail","6":"product_cat-a-partir-du-xxeme-siecle","7":"product_cat-illustres-modernes-editions-originales-signees-numerotees","8":"sales-flash-overlay","9":"woocommerce-text-align-center","10":"woocommerce-image-align-center","11":"wc-has-gallery","13":"first","14":"outofstock","15":"taxable","16":"shipping-taxable","17":"purchasable","18":"product-type-simple"},"aioseo_notices":[],"_links":{"self":[{"href":"https:\/\/www.livresentre2actions.fr\/fr_fr\/wp-json\/wp\/v2\/product\/10004","targetHints":{"allow":["GET"]}}],"collection":[{"href":"https:\/\/www.livresentre2actions.fr\/fr_fr\/wp-json\/wp\/v2\/product"}],"about":[{"href":"https:\/\/www.livresentre2actions.fr\/fr_fr\/wp-json\/wp\/v2\/types\/product"}],"wp:featuredmedia":[{"embeddable":true,"href":"https:\/\/www.livresentre2actions.fr\/fr_fr\/wp-json\/wp\/v2\/media\/10005"}],"wp:attachment":[{"href":"https:\/\/www.livresentre2actions.fr\/fr_fr\/wp-json\/wp\/v2\/media?parent=10004"}],"wp:term":[{"taxonomy":"product_brand","embeddable":true,"href":"https:\/\/www.livresentre2actions.fr\/fr_fr\/wp-json\/wp\/v2\/product_brand?post=10004"},{"taxonomy":"product_cat","embeddable":true,"href":"https:\/\/www.livresentre2actions.fr\/fr_fr\/wp-json\/wp\/v2\/product_cat?post=10004"},{"taxonomy":"product_tag","embeddable":true,"href":"https:\/\/www.livresentre2actions.fr\/fr_fr\/wp-json\/wp\/v2\/product_tag?post=10004"}],"curies":[{"name":"wp","href":"https:\/\/api.w.org\/{rel}","templated":true}]}}