{"id":7966,"date":"2024-12-02T16:03:22","date_gmt":"2024-12-02T15:03:22","guid":{"rendered":"http:\/\/localhost\/livresentre2actions\/?page_id=7966"},"modified":"2025-05-29T14:05:17","modified_gmt":"2025-05-29T12:05:17","slug":"livraison-et-retours","status":"publish","type":"page","link":"https:\/\/www.livresentre2actions.fr\/fr_fr\/livraison-et-retours\/","title":{"rendered":"Livraison et retours*"},"content":{"rendered":"\n<p class=\"has-small-font-size\">*La livraison ainsi que les retours sont r\u00e9alis\u00e9s par les services de La poste. Pour des informations compl\u00e9mentaires \u00e0 celles d\u00e9crites ci-dessous, merci de vous r\u00e9f\u00e9rer \u00e0 leur site web https:\/\/www.laposte.fr.<\/p>\n\n\n\n<h3 class=\"gb-headline gb-headline-23a7ee9d gb-headline-text\">Mode de livraison<\/h3>\n\n\n\n<p>Par d\u00e9faut, nos livres sont envoy\u00e9s en <strong>Collissimo contre signature<\/strong>. En effet, \u00e9tant donn\u00e9 la qualit\u00e9 et la valeur de nos livres, ce service nous semble proposer la meilleure garantie pour nos clients. Toutefois pour un montant <strong>inf\u00e9rieur ou \u00e9gal \u00e0 100\u20ac<\/strong>, vous avez la possibilit\u00e9 de choisir un envoi en <strong><a href=\"https:\/\/www.laposte.fr\/colissimo\" target=\"_blank\" rel=\"noopener\" title=\"\">Collisimo standard<\/a><\/strong> sur la page de validation de la commande.<\/p>\n\n\n\n<p>Si vous souhaitez b\u00e9n\u00e9ficier d&rsquo;un envoi <strong>sans signature pour un montant d&rsquo;achat sup\u00e9rieur \u00e0 100\u20ac ou d&rsquo;un envoi en point de retrait<\/strong>, merci de nous contacter au 07 83 59 46 38 ou via <a href=\"https:\/\/www.livresentre2actions.fr\/contact\/\" target=\"_blank\" rel=\"noopener\" title=\"Contact\">notre formulaire de contact<\/a> <strong>avant la validation de votre commande<\/strong>.<\/p>\n\n\n\n<h3 class=\"gb-headline gb-headline-479306f0 gb-headline-text\">Frais de port<\/h3>\n\n\n\n<p>Les frais de port appliqu\u00e9s correspondent \u00e0 l&rsquo;offre <strong>Collissimo<\/strong> <strong>2025<\/strong> auxquels s&rsquo;ajoute <strong>un forfait de 6\u20ac pour l&rsquo;envoi contre signature<\/strong> (automatique au del\u00e0 de 100\u20ac d&rsquo;achat). Les tarifs <strong>Collissimo<\/strong> <strong>2025<\/strong> sont les suivants :<\/p>\n\n\n\n<div class=\"wp-block-columns uag-hide-mob is-layout-flex wp-container-core-columns-is-layout-9d6595d7 wp-block-columns-is-layout-flex\">\n<div class=\"wp-block-column uag-hide-mob is-layout-flow wp-block-column-is-layout-flow\" style=\"flex-basis:15.06%\"><div class=\"gb-container gb-container-518a4f65\">\n\n<h6 class=\"gb-headline gb-headline-e1eaf4a4 gb-headline-text\">Poids jusqu&rsquo;\u00e0&#8230;<\/h6>\n\n\n\n<div class=\"wp-block-group is-vertical is-layout-flex wp-container-core-group-is-layout-8cf370e7 wp-block-group-is-layout-flex\">\n<p>250g<\/p>\n\n\n\n<p>500g<\/p>\n\n\n\n<p>750g<\/p>\n\n\n\n<p>1kg<\/p>\n\n\n\n<p>2kg<\/p>\n\n\n\n<p>5kg<\/p>\n\n\n\n<p>10kg<\/p>\n\n\n\n<p>15kg<\/p>\n\n\n\n<p>30kg<\/p>\n<\/div>\n\n<\/div><\/div>\n\n\n\n<div class=\"wp-block-column uag-hide-mob is-layout-flow wp-block-column-is-layout-flow\" style=\"flex-basis:17.07%\"><div class=\"gb-container gb-container-6fd12428\">\n\n<h6 class=\"gb-headline gb-headline-cf14b1c3 gb-headline-text\"><em>Vers France m\u00e9tropolitaine, Andorre, Monaco<\/em><\/h6>\n\n\n\n<div class=\"wp-block-group is-vertical is-layout-flex wp-container-core-group-is-layout-8cf370e7 wp-block-group-is-layout-flex\">\n<p>5,25\u20ac<\/p>\n\n\n\n<p>7,35\u20ac<\/p>\n\n\n\n<p>8,65\u20ac<\/p>\n\n\n\n<p>9,40\u20ac<\/p>\n\n\n\n<p>10,70\u20ac<\/p>\n\n\n\n<p>16,60\u20ac<\/p>\n\n\n\n<p>24,20\u20ac<\/p>\n\n\n\n<p>30,55\u20ac<\/p>\n\n\n\n<p>37,85\u20ac<\/p>\n<\/div>\n\n<\/div><\/div>\n\n\n\n<div class=\"wp-block-column is-layout-flow wp-block-column-is-layout-flow\" style=\"flex-basis:17.07%\"><div class=\"gb-container gb-container-6bb9d61e\">\n\n<h6 class=\"gb-headline gb-headline-ce3a6e65 gb-headline-text\"><em>Vers&nbsp;<\/em>France Outre Mer 1 (<em><em>Guadeloupe, Martinique, Guyane, La R\u00e9union, Mayotte, Saint-Pierre-et-Miquelon, Saint-Martin, Saint-Barth\u00e9lemy<\/em><\/em>)<\/h6>\n\n\n\n<div class=\"wp-block-group is-vertical is-layout-flex wp-container-core-group-is-layout-8cf370e7 wp-block-group-is-layout-flex\">\n<p>&#8211;<\/p>\n\n\n\n<p>12,65\u20ac<\/p>\n\n\n\n<p>&#8211;<\/p>\n\n\n\n<p>20,00\u20ac<\/p>\n\n\n\n<p>27,25\u20ac<\/p>\n\n\n\n<p>40,95\u20ac<\/p>\n\n\n\n<p>65,60\u20ac<\/p>\n\n\n\n<p>137,05<\/p>\n\n\n\n<p>150,55\u20ac<\/p>\n<\/div>\n\n<\/div><\/div>\n\n\n\n<div class=\"wp-block-column is-layout-flow wp-block-column-is-layout-flow\" style=\"flex-basis:17.07%\"><div class=\"gb-container gb-container-528e4bae\">\n\n<h6 class=\"gb-headline gb-headline-87a7f6cd gb-headline-text\"><em>Vers&nbsp;<\/em>France Outre Mer 2 (<em>Nouvelle-Cal\u00e9donie, Polyn\u00e9sie Fran\u00e7aise, Wallis-et-Futuna, Terres australes et antarctiques fran\u00e7aises<\/em>)<\/h6>\n\n\n\n<div class=\"wp-block-group is-vertical is-layout-flex wp-container-core-group-is-layout-8cf370e7 wp-block-group-is-layout-flex\">\n<p>&#8211;<\/p>\n\n\n\n<p>12,85\u20ac<\/p>\n\n\n\n<p>&#8211;<\/p>\n\n\n\n<p>19,95\u20ac<\/p>\n\n\n\n<p>35,25\u20ac<\/p>\n\n\n\n<p>58,90\u20ac<\/p>\n\n\n\n<p>115,35\u20ac<\/p>\n\n\n\n<p>263,15\u20ac<\/p>\n\n\n\n<p>302,35\u20ac<\/p>\n<\/div>\n\n<\/div><\/div>\n\n\n\n<div class=\"wp-block-column is-layout-flow wp-block-column-is-layout-flow\" style=\"flex-basis:17%\"><div class=\"gb-container gb-container-961e8a72\">\n\n<h6 class=\"gb-headline gb-headline-07d5e1f6 gb-headline-text\">Vers l&rsquo;UE, la Suisse, le Lichtenstein, Saint Marin et le Vatican<\/h6>\n\n\n\n<div class=\"wp-block-group is-vertical is-layout-flex wp-container-core-group-is-layout-8cf370e7 wp-block-group-is-layout-flex\">\n<p>&#8211;<\/p>\n\n\n\n<p>14,85\u20ac<\/p>\n\n\n\n<p>&#8211;<\/p>\n\n\n\n<p>18,45\u20ac<\/p>\n\n\n\n<p>20,90\u20ac<\/p>\n\n\n\n<p>26,80\u20ac<\/p>\n\n\n\n<p>44,20\u20ac<\/p>\n\n\n\n<p>64,80\u20ac<\/p>\n\n\n\n<p>84,00\u20ac<\/p>\n<\/div>\n\n<\/div><\/div>\n\n\n\n<div class=\"wp-block-column is-layout-flow wp-block-column-is-layout-flow\" style=\"flex-basis:17.07%\"><div class=\"gb-container gb-container-6fd8ac5d\">\n\n<h6 class=\"gb-headline gb-headline-b4dcf0cf gb-headline-text\">Vers le Royaume-Uni<\/h6>\n\n\n\n<div class=\"wp-block-group is-vertical is-layout-flex wp-container-core-group-is-layout-8cf370e7 wp-block-group-is-layout-flex\">\n<p>&#8211;<\/p>\n\n\n\n<p>17,85\u20ac<\/p>\n\n\n\n<p>&#8211;<\/p>\n\n\n\n<p>21,45\u20ac<\/p>\n\n\n\n<p>23,90\u20ac<\/p>\n\n\n\n<p>29,80\u20ac<\/p>\n\n\n\n<p>47,20\u20ac<\/p>\n\n\n\n<p>67,80\u20ac<\/p>\n\n\n\n<p>87,00\u20ac<\/p>\n<\/div>\n\n<\/div><\/div>\n\n\n\n<div class=\"wp-block-column is-layout-flow wp-block-column-is-layout-flow\" style=\"flex-basis:17.07%\"><div class=\"gb-container gb-container-01784a42\">\n\n<h6 class=\"gb-headline gb-headline-36a0a415 gb-headline-text\">Vers <em>Europe de l\u2019Est (hors UE, Suisse et Russie), Norv\u00e8ge et Maghreb<\/em><\/h6>\n\n\n\n<div class=\"wp-block-group is-vertical is-layout-flex wp-container-core-group-is-layout-8cf370e7 wp-block-group-is-layout-flex\">\n<p>&#8211;<\/p>\n\n\n\n<p>22,70\u20ac<\/p>\n\n\n\n<p>&#8211;<\/p>\n\n\n\n<p>27,10\u20ac<\/p>\n\n\n\n<p>29,65\u20ac<\/p>\n\n\n\n<p>38,00\u20ac<\/p>\n\n\n\n<p>63,00\u20ac<\/p>\n\n\n\n<p>85,50\u20ac<\/p>\n\n\n\n<p>104,50\u20ac<\/p>\n<\/div>\n\n<\/div><\/div>\n\n\n\n<div class=\"wp-block-column is-layout-flow wp-block-column-is-layout-flow\" style=\"flex-basis:17.07%\"><div class=\"gb-container gb-container-8230d81a\">\n\n<h6 class=\"gb-headline gb-headline-88302a52 gb-headline-text\">Vers <em>Autres destinations (hors UE et Suisse)<\/em><\/h6>\n\n\n\n<div class=\"wp-block-group is-vertical is-layout-flex wp-container-core-group-is-layout-8cf370e7 wp-block-group-is-layout-flex\">\n<p>&#8211;<\/p>\n\n\n\n<p>33,50\u20ac<\/p>\n\n\n\n<p>&#8211;<\/p>\n\n\n\n<p>37,30\u20ac<\/p>\n\n\n\n<p>51,40\u20ac<\/p>\n\n\n\n<p>75,00\u20ac<\/p>\n\n\n\n<p>142,00\u20ac<\/p>\n\n\n\n<p>201,00\u20ac<\/p>\n\n\n\n<p>245,00\u20ac<\/p>\n<\/div>\n\n<\/div><\/div>\n<\/div>\n\n\n\n<div class=\"wp-block-columns uag-hide-desktop uag-hide-tab is-layout-flex wp-container-core-columns-is-layout-9d6595d7 wp-block-columns-is-layout-flex\">\n<div class=\"wp-block-column is-layout-flow wp-block-column-is-layout-flow\" style=\"flex-basis:16.65%\"><div class=\"gb-container gb-container-ec6c8457\">\n\n<h5 class=\"gb-headline gb-headline-17cb9184 gb-headline-text\"><em>Vers France m\u00e9tropolitaine, Andorre, Monaco<\/em><\/h5>\n\n\n\n<div class=\"wp-block-columns is-not-stacked-on-mobile is-layout-flex wp-container-core-columns-is-layout-9d6595d7 wp-block-columns-is-layout-flex\">\n<div class=\"wp-block-column is-layout-flow wp-block-column-is-layout-flow\">\n<div class=\"wp-block-group is-vertical is-content-justification-center is-layout-flex wp-container-core-group-is-layout-4b2eccd6 wp-block-group-is-layout-flex\">\n<p>250g<\/p>\n\n\n\n<p>500g<\/p>\n\n\n\n<p>750g<\/p>\n\n\n\n<p>1kg<\/p>\n\n\n\n<p>2kg<\/p>\n\n\n\n<p>5kg<\/p>\n\n\n\n<p>10kg<\/p>\n\n\n\n<p>15kg<\/p>\n\n\n\n<p>30kg<\/p>\n<\/div>\n<\/div>\n\n\n\n<div class=\"wp-block-column is-layout-flow wp-block-column-is-layout-flow\">\n<div class=\"wp-block-group is-vertical is-content-justification-center is-layout-flex wp-container-core-group-is-layout-4b2eccd6 wp-block-group-is-layout-flex\">\n<p>5,25\u20ac<\/p>\n\n\n\n<p>7,35\u20ac<\/p>\n\n\n\n<p>8,65\u20ac<\/p>\n\n\n\n<p>9,40\u20ac<\/p>\n\n\n\n<p>10,70\u20ac<\/p>\n\n\n\n<p>16,60\u20ac<\/p>\n\n\n\n<p>24,20\u20ac<\/p>\n\n\n\n<p>30,55\u20ac<\/p>\n\n\n\n<p>37,85\u20ac<\/p>\n<\/div>\n<\/div>\n<\/div>\n\n<\/div><\/div>\n\n\n\n<div class=\"wp-block-column is-layout-flow wp-block-column-is-layout-flow\" style=\"flex-basis:16.72%\"><div class=\"gb-container gb-container-9e454577\">\n\n<h5 class=\"gb-headline gb-headline-2e371009 gb-headline-text\"><em>Vers&nbsp;<\/em>France Outre Mer 1 (<em><em>Guadeloupe, Martinique, Guyane, La R\u00e9union, Mayotte, Saint-Pierre-et-Miquelon, Saint-Martin, Saint-Barth\u00e9lemy<\/em><\/em>)<\/h5>\n\n\n\n<div class=\"wp-block-columns is-not-stacked-on-mobile is-layout-flex wp-container-core-columns-is-layout-9d6595d7 wp-block-columns-is-layout-flex\">\n<div class=\"wp-block-column is-layout-flow wp-block-column-is-layout-flow\">\n<div class=\"wp-block-group is-vertical is-content-justification-center is-layout-flex wp-container-core-group-is-layout-4b2eccd6 wp-block-group-is-layout-flex\">\n<p>250g<\/p>\n\n\n\n<p>500g<\/p>\n\n\n\n<p>750g<\/p>\n\n\n\n<p>1kg<\/p>\n\n\n\n<p>2kg<\/p>\n\n\n\n<p>5kg<\/p>\n\n\n\n<p>10kg<\/p>\n\n\n\n<p>15kg<\/p>\n\n\n\n<p>30kg<\/p>\n<\/div>\n<\/div>\n\n\n\n<div class=\"wp-block-column is-layout-flow wp-block-column-is-layout-flow\">\n<div class=\"wp-block-group is-vertical is-content-justification-center is-layout-flex wp-container-core-group-is-layout-4b2eccd6 wp-block-group-is-layout-flex\">\n<p>&#8211;<\/p>\n\n\n\n<p>12,65\u20ac<\/p>\n\n\n\n<p>&#8211;<\/p>\n\n\n\n<p>20,00\u20ac<\/p>\n\n\n\n<p>27,25\u20ac<\/p>\n\n\n\n<p>40,95\u20ac<\/p>\n\n\n\n<p>65,60\u20ac<\/p>\n\n\n\n<p>137,05<\/p>\n\n\n\n<p>150,55\u20ac<\/p>\n<\/div>\n<\/div>\n<\/div>\n\n<\/div><\/div>\n\n\n\n<div class=\"wp-block-column uag-hide-desktop uag-hide-tab is-layout-flow wp-block-column-is-layout-flow\" style=\"flex-basis:16.65%\"><div class=\"gb-container gb-container-6ed19235\">\n\n<h5 class=\"gb-headline gb-headline-ff304c0a gb-headline-text\"><em><em>Vers&nbsp;<\/em>France Outre Mer 2 (<em>Nouvelle-Cal\u00e9donie, Polyn\u00e9sie Fran\u00e7aise, Wallis-et-Futuna, Terres australes et antarctiques fran\u00e7aises<\/em>)<\/em><\/h5>\n\n\n\n<div class=\"wp-block-columns is-not-stacked-on-mobile is-layout-flex wp-container-core-columns-is-layout-9d6595d7 wp-block-columns-is-layout-flex\">\n<div class=\"wp-block-column is-layout-flow wp-block-column-is-layout-flow\">\n<div class=\"wp-block-group is-vertical is-content-justification-center is-layout-flex wp-container-core-group-is-layout-4b2eccd6 wp-block-group-is-layout-flex\">\n<p>250g<\/p>\n\n\n\n<p>500g<\/p>\n\n\n\n<p>750g<\/p>\n\n\n\n<p>1kg<\/p>\n\n\n\n<p>2kg<\/p>\n\n\n\n<p>5kg<\/p>\n\n\n\n<p>10kg<\/p>\n\n\n\n<p>15kg<\/p>\n\n\n\n<p>30kg<\/p>\n<\/div>\n<\/div>\n\n\n\n<div class=\"wp-block-column is-layout-flow wp-block-column-is-layout-flow\">\n<div class=\"wp-block-group is-vertical is-content-justification-center is-layout-flex wp-container-core-group-is-layout-4b2eccd6 wp-block-group-is-layout-flex\">\n<p>&#8211;<\/p>\n\n\n\n<p>12,85\u20ac<\/p>\n\n\n\n<p>&#8211;<\/p>\n\n\n\n<p>19,95\u20ac<\/p>\n\n\n\n<p>35,25\u20ac<\/p>\n\n\n\n<p>58,90\u20ac<\/p>\n\n\n\n<p>115,35\u20ac<\/p>\n\n\n\n<p>263,15\u20ac<\/p>\n\n\n\n<p>302,35\u20ac<\/p>\n<\/div>\n<\/div>\n<\/div>\n\n<\/div><\/div>\n\n\n\n<div class=\"wp-block-column is-layout-flow wp-block-column-is-layout-flow\" style=\"flex-basis:17%\"><div class=\"gb-container gb-container-4b0cc15f\">\n\n<h5 class=\"gb-headline gb-headline-43b9e416 gb-headline-text\">Vers l&rsquo;UE, la Suisse, le Lichtenstein, Saint Marin et le Vatican<\/h5>\n\n\n\n<div class=\"wp-block-columns is-not-stacked-on-mobile is-layout-flex wp-container-core-columns-is-layout-9d6595d7 wp-block-columns-is-layout-flex\">\n<div class=\"wp-block-column is-layout-flow wp-block-column-is-layout-flow\">\n<div class=\"wp-block-group is-vertical is-content-justification-center is-layout-flex wp-container-core-group-is-layout-4b2eccd6 wp-block-group-is-layout-flex\">\n<p>250g<\/p>\n\n\n\n<p>500g<\/p>\n\n\n\n<p>750g<\/p>\n\n\n\n<p>1kg<\/p>\n\n\n\n<p>2kg<\/p>\n\n\n\n<p>5kg<\/p>\n\n\n\n<p>10kg<\/p>\n\n\n\n<p>15kg<\/p>\n\n\n\n<p>30kg<\/p>\n<\/div>\n<\/div>\n\n\n\n<div class=\"wp-block-column is-layout-flow wp-block-column-is-layout-flow\">\n<div class=\"wp-block-group is-vertical is-content-justification-center is-layout-flex wp-container-core-group-is-layout-4b2eccd6 wp-block-group-is-layout-flex\">\n<p>&#8211;<\/p>\n\n\n\n<p>14,85\u20ac<\/p>\n\n\n\n<p>&#8211;<\/p>\n\n\n\n<p>18,45\u20ac<\/p>\n\n\n\n<p>20,90\u20ac<\/p>\n\n\n\n<p>26,80\u20ac<\/p>\n\n\n\n<p>44,20\u20ac<\/p>\n\n\n\n<p>64,80\u20ac<\/p>\n\n\n\n<p>84,00\u20ac<\/p>\n<\/div>\n<\/div>\n<\/div>\n\n<\/div><\/div>\n\n\n\n<div class=\"wp-block-column is-layout-flow wp-block-column-is-layout-flow\" style=\"flex-basis:16.65%\"><div class=\"gb-container gb-container-24e0b319\">\n\n<h5 class=\"gb-headline gb-headline-2eb6a254 gb-headline-text\">Vers le Royaume-Uni<\/h5>\n\n\n\n<div class=\"wp-block-columns is-not-stacked-on-mobile is-layout-flex wp-container-core-columns-is-layout-9d6595d7 wp-block-columns-is-layout-flex\">\n<div class=\"wp-block-column is-layout-flow wp-block-column-is-layout-flow\">\n<div class=\"wp-block-group is-vertical is-content-justification-center is-layout-flex wp-container-core-group-is-layout-4b2eccd6 wp-block-group-is-layout-flex\">\n<p>250g<\/p>\n\n\n\n<p>500g<\/p>\n\n\n\n<p>750g<\/p>\n\n\n\n<p>1kg<\/p>\n\n\n\n<p>2kg<\/p>\n\n\n\n<p>5kg<\/p>\n\n\n\n<p>10kg<\/p>\n\n\n\n<p>15kg<\/p>\n\n\n\n<p>30kg<\/p>\n<\/div>\n<\/div>\n\n\n\n<div class=\"wp-block-column is-layout-flow wp-block-column-is-layout-flow\">\n<div class=\"wp-block-group is-vertical is-content-justification-center is-layout-flex wp-container-core-group-is-layout-4b2eccd6 wp-block-group-is-layout-flex\">\n<p>&#8211;<\/p>\n\n\n\n<p>17,85\u20ac<\/p>\n\n\n\n<p>&#8211;<\/p>\n\n\n\n<p>21,45\u20ac<\/p>\n\n\n\n<p>23,90\u20ac<\/p>\n\n\n\n<p>29,80\u20ac<\/p>\n\n\n\n<p>47,20\u20ac<\/p>\n\n\n\n<p>67,80\u20ac<\/p>\n\n\n\n<p>87,00\u20ac<\/p>\n<\/div>\n<\/div>\n<\/div>\n\n<\/div><\/div>\n\n\n\n<div class=\"wp-block-column is-layout-flow wp-block-column-is-layout-flow\" style=\"flex-basis:16.65%\"><div class=\"gb-container gb-container-69e0cdf2\">\n\n<h5 class=\"gb-headline gb-headline-6840956e gb-headline-text\">Vers <em>Europe de l\u2019Est (hors UE, Suisse et Russie), Norv\u00e8ge et Maghreb<\/em><\/h5>\n\n\n\n<div class=\"wp-block-columns is-not-stacked-on-mobile is-layout-flex wp-container-core-columns-is-layout-9d6595d7 wp-block-columns-is-layout-flex\">\n<div class=\"wp-block-column is-layout-flow wp-block-column-is-layout-flow\">\n<div class=\"wp-block-group is-vertical is-content-justification-center is-layout-flex wp-container-core-group-is-layout-4b2eccd6 wp-block-group-is-layout-flex\">\n<p>250g<\/p>\n\n\n\n<p>500g<\/p>\n\n\n\n<p>750g<\/p>\n\n\n\n<p>1kg<\/p>\n\n\n\n<p>2kg<\/p>\n\n\n\n<p>5kg<\/p>\n\n\n\n<p>10kg<\/p>\n\n\n\n<p>15kg<\/p>\n\n\n\n<p>30kg<\/p>\n<\/div>\n<\/div>\n\n\n\n<div class=\"wp-block-column is-layout-flow wp-block-column-is-layout-flow\">\n<div class=\"wp-block-group is-vertical is-content-justification-center is-layout-flex wp-container-core-group-is-layout-4b2eccd6 wp-block-group-is-layout-flex\">\n<p>&#8211;<\/p>\n\n\n\n<p>22,70\u20ac<\/p>\n\n\n\n<p>&#8211;<\/p>\n\n\n\n<p>27,10\u20ac<\/p>\n\n\n\n<p>29,65\u20ac<\/p>\n\n\n\n<p>38,00\u20ac<\/p>\n\n\n\n<p>63,00\u20ac<\/p>\n\n\n\n<p>85,50\u20ac<\/p>\n\n\n\n<p>104,50\u20ac<\/p>\n<\/div>\n<\/div>\n<\/div>\n\n<\/div><\/div>\n\n\n\n<div class=\"wp-block-column is-layout-flow wp-block-column-is-layout-flow\" style=\"flex-basis:16.65%\"><div class=\"gb-container gb-container-98a25eb8\">\n\n<h5 class=\"gb-headline gb-headline-fedd3123 gb-headline-text\">Vers <em>Autres destinations (hors UE et Suisse)<\/em><\/h5>\n\n\n\n<div class=\"wp-block-columns is-not-stacked-on-mobile is-layout-flex wp-container-core-columns-is-layout-9d6595d7 wp-block-columns-is-layout-flex\">\n<div class=\"wp-block-column is-layout-flow wp-block-column-is-layout-flow\">\n<div class=\"wp-block-group is-vertical is-content-justification-center is-layout-flex wp-container-core-group-is-layout-4b2eccd6 wp-block-group-is-layout-flex\">\n<p>250g<\/p>\n\n\n\n<p>500g<\/p>\n\n\n\n<p>750g<\/p>\n\n\n\n<p>1kg<\/p>\n\n\n\n<p>2kg<\/p>\n\n\n\n<p>5kg<\/p>\n\n\n\n<p>10kg<\/p>\n\n\n\n<p>15kg<\/p>\n\n\n\n<p>30kg<\/p>\n<\/div>\n<\/div>\n\n\n\n<div class=\"wp-block-column is-layout-flow wp-block-column-is-layout-flow\">\n<div class=\"wp-block-group is-vertical is-content-justification-center is-layout-flex wp-container-core-group-is-layout-4b2eccd6 wp-block-group-is-layout-flex\">\n<p>&#8211;<\/p>\n\n\n\n<p>33,50\u20ac<\/p>\n\n\n\n<p>&#8211;<\/p>\n\n\n\n<p>37,30\u20ac<\/p>\n\n\n\n<p>51,40\u20ac<\/p>\n\n\n\n<p>75,00\u20ac<\/p>\n\n\n\n<p>142,00\u20ac<\/p>\n\n\n\n<p>201,00\u20ac<\/p>\n\n\n\n<p>245,00\u20ac<\/p>\n<\/div>\n<\/div>\n<\/div>\n\n<\/div><\/div>\n<\/div>\n\n\n\n<hr class=\"wp-block-separator has-alpha-channel-opacity\"\/>\n\n\n\n<h3 class=\"gb-headline gb-headline-25514958 gb-headline-text\">D\u00e9lais de livraison<\/h3>\n\n\n\n<p>Selon les informations fournies sur <a href=\"https:\/\/www.laposte.fr\/\" title=\"\">laposte.fr<\/a> , voici les d\u00e9lais de livraison <strong>Collissimo<\/strong> en 2025 :<\/p>\n\n\n\n<ul class=\"wp-block-list\">\n<li>En France m\u00e9tropolitaine, Principaut\u00e9s de Monaco et d\u2019Andorre :&nbsp;48 \u00e0 72 heures (2 \u00e0 3 jours ouvr\u00e9s) pour la livraison \u00e0 domicile.<\/li>\n\n\n\n<li>Pour les envois internationaux : 4 \u00e0 8 jours ouvr\u00e9s, sauf pour les pays \u00e9loign\u00e9s o\u00f9 les d\u00e9lais peuvent varier (consultez le site <a href=\"https:\/\/www.collissimo.fr\" target=\"_blank\" rel=\"noopener\" title=\"\">colissimo.fr<\/a> pour obtenir des informations sp\u00e9cifiques).<\/li>\n\n\n\n<li>Pour les envois volumineux :&nbsp;10 jours ouvrables pour le retrait au bureau de poste, pass\u00e9 ce d\u00e9lai le colis sera renvoy\u00e9 \u00e0 l\u2019exp\u00e9diteur.<\/li>\n<\/ul>\n\n\n\n<p>Il est important de noter que ces d\u00e9lais sont indicatifs et peuvent varier en fonction de divers facteurs, notamment la prise de commande, l\u2019heure de d\u00e9p\u00f4t du colis et les jours f\u00e9ri\u00e9s. Vous pouvez suivre l\u2019avanc\u00e9e de votre colis en ligne en utilisant le num\u00e9ro de colis transmis lors de l\u2019envoi.<\/p>\n\n\n\n<hr class=\"wp-block-separator has-alpha-channel-opacity\"\/>\n\n\n\n<h3 class=\"gb-headline gb-headline-2ba1ad0c gb-headline-text\">Retours<\/h3>\n\n\n\n<p>Les retours de commande sont autoris\u00e9s sous condition. Dans la mesure o\u00f9 un article achet\u00e9 ne conviendrait pas \u00e0 r\u00e9ception nous autorisons l&rsquo;acheteur dudit produit \u00e0 nous le retourner \u00e0 ses frais, et ce avec le m\u00eame service de livraison que nous avons employ\u00e9 pour le lui acheminer.<\/p>\n\n\n\n<p>Vous disposez d&rsquo;un d\u00e9lai de 30 jours, suite \u00e0 la r\u00e9ception du ou des articles achet\u00e9(s), pour effectuer votre retour.<\/p>\n\n\n\n<p>Le remboursement int\u00e9gral interviendra alors apr\u00e8s bonne r\u00e9ception du retour et contr\u00f4le de l&rsquo;\u00e9tat du ou des articles, Si cet \u00e9tat est bien identique \u00e0 celui qui \u00e9tait le sien au moment de la commande, le remboursement sera d\u00e9clench\u00e9.<\/p>\n\n\n\n<p>Nous demandons donc que le livre soit exp\u00e9di\u00e9 dans un emballage soign\u00e9, solide et sous une protection qui lui garantisse un voyage sans dommage (ex : emballage d&rsquo;origine, emballage cartonn\u00e9 avec papier bulle, etc.). Dans le cas contraire, nous ne pourrions accepter le remboursement.<\/p>\n","protected":false},"excerpt":{"rendered":"<p>*La livraison ainsi que les retours sont r\u00e9alis\u00e9s par les services de La poste. Pour des informations compl\u00e9mentaires \u00e0 celles d\u00e9crites ci-dessous, merci de vous r\u00e9f\u00e9rer \u00e0 leur site web https:\/\/www.laposte.fr. Mode de livraison Par d\u00e9faut, nos livres sont envoy\u00e9s en Collissimo contre signature. En effet, \u00e9tant donn\u00e9 la qualit\u00e9 et la valeur de nos &#8230; <a title=\"Livraison et retours*\" class=\"read-more\" href=\"https:\/\/www.livresentre2actions.fr\/fr_fr\/livraison-et-retours\/\" aria-label=\"En savoir plus sur Livraison et retours*\">Lire plus<\/a><\/p>\n","protected":false},"author":1,"featured_media":0,"parent":0,"menu_order":0,"comment_status":"closed","ping_status":"closed","template":"","meta":{"_eb_attr":"","footnotes":""},"class_list":["post-7966","page","type-page","status-publish"],"aioseo_notices":[],"_links":{"self":[{"href":"https:\/\/www.livresentre2actions.fr\/fr_fr\/wp-json\/wp\/v2\/pages\/7966","targetHints":{"allow":["GET"]}}],"collection":[{"href":"https:\/\/www.livresentre2actions.fr\/fr_fr\/wp-json\/wp\/v2\/pages"}],"about":[{"href":"https:\/\/www.livresentre2actions.fr\/fr_fr\/wp-json\/wp\/v2\/types\/page"}],"author":[{"embeddable":true,"href":"https:\/\/www.livresentre2actions.fr\/fr_fr\/wp-json\/wp\/v2\/users\/1"}],"replies":[{"embeddable":true,"href":"https:\/\/www.livresentre2actions.fr\/fr_fr\/wp-json\/wp\/v2\/comments?post=7966"}],"version-history":[{"count":0,"href":"https:\/\/www.livresentre2actions.fr\/fr_fr\/wp-json\/wp\/v2\/pages\/7966\/revisions"}],"wp:attachment":[{"href":"https:\/\/www.livresentre2actions.fr\/fr_fr\/wp-json\/wp\/v2\/media?parent=7966"}],"curies":[{"name":"wp","href":"https:\/\/api.w.org\/{rel}","templated":true}]}}