{"id":5761,"date":"2024-10-17T17:18:05","date_gmt":"2024-10-17T15:18:05","guid":{"rendered":"http:\/\/localhost\/livresentre2actions\/?page_id=5761"},"modified":"2024-12-15T16:39:20","modified_gmt":"2024-12-15T15:39:20","slug":"mentions-legalescgu-et-confidentialite","status":"publish","type":"page","link":"https:\/\/www.livresentre2actions.fr\/fr_fr\/mentions-legalescgu-et-confidentialite\/","title":{"rendered":"Mentions l\u00e9gales, CGU et confidentialit\u00e9"},"content":{"rendered":"\n<h2 class=\"gb-headline gb-headline-ab009d43 gb-headline-text\">Mentions l\u00e9gales, conditions g\u00e9n\u00e9rales d&rsquo;utilisation et politique de confidentialit\u00e9<\/h2>\n\n\n\n<h3 class=\"wp-block-heading\">Qui sommes-nous&nbsp;?<\/h3>\n\n\n\n<p>L\u2019\u00e9dition du site livresentre2actions.fr est assur\u00e9e par la soci\u00e9t\u00e9 ENTRE DEUX ACTIONS inscrite au RCS d&rsquo;ARRAS sous le num\u00e9ro 48533700000031, dont le si\u00e8ge social est situ\u00e9 au 31, rue BRULOIS CHEVALIER 62232 VENDIN-LES-BETHUNE, France M\u00e9tropolitaine.<\/p>\n\n\n\n<p>L\u2019h\u00e9bergeur du site livresentre2actions.fr est la soci\u00e9t\u00e9 OVH, sise au 2 rue Kellermann &#8211; 59100 Roubaix &#8211; France.<\/p>\n\n\n\n<h3 class=\"gb-headline gb-headline-c43260af gb-headline-text\">Acc\u00e8s au site<\/h3>\n\n\n\n<p>Le site livresentre2actions.fr permet d\u2019acc\u00e9der gratuitement aux services suivants&nbsp;:<\/p>\n\n\n\n<ul class=\"wp-block-list\">\n<li>Vente de livres anciens.<\/li>\n<\/ul>\n\n\n\n<p>Le site est accessible gratuitement depuis n\u2019importe o\u00f9 par tout utilisateur disposant d\u2019un acc\u00e8s \u00e0 Internet. Tous les frais n\u00e9cessaires pour l\u2019acc\u00e8s aux services (mat\u00e9riel informatique, connexion Internet\u2026) sont \u00e0 la charge de l\u2019utilisateur.<\/p>\n\n\n\n<p>L\u2019acc\u00e8s aux services d\u00e9di\u00e9s aux membres s\u2019effectue \u00e0 l\u2019aide d\u2019un identifiant et d\u2019un mot de passe.<\/p>\n\n\n\n<p>Pour des raisons de maintenance ou autres, l\u2019acc\u00e8s au site peut \u00eatre interrompu ou suspendu par l\u2019\u00e9diteur sans pr\u00e9avis ni justification.<\/p>\n\n\n\n<h3 class=\"wp-block-heading\">Responsabilit\u00e9<\/h3>\n\n\n\n<p>La soci\u00e9t\u00e9 ENTRE DEUX ACTIONS<em>,<\/em>&nbsp;dans le processus de vente \u00e0 distance, n\u2019est tenue que par une obligation de moyens. Sa responsabilit\u00e9 ne pourra \u00eatre engag\u00e9e pour un dommage r\u00e9sultant de l\u2019utilisation du r\u00e9seau Internet tel que perte de donn\u00e9es, intrusion, virus, rupture du service, ou autres probl\u00e8mes involontaires.<\/p>\n\n\n\n<h3 class=\"wp-block-heading\">Propri\u00e9t\u00e9 intellectuelle<\/h3>\n\n\n\n<p>Tous les \u00e9l\u00e9ments du site https:\/\/www.livresentre2actions.fr sont et restent la propri\u00e9t\u00e9 intellectuelle et exclusive de la soci\u00e9t\u00e9 ENTRE DEUX ACTIONS<em>.<\/em>&nbsp;Personne n\u2019est autoris\u00e9 \u00e0 reproduire, exploiter, ou utiliser \u00e0 quelque titre que ce soit, m\u00eame partiellement, des \u00e9l\u00e9ments du site qu\u2019ils soient sous forme de photo, logo, visuel ou texte.<\/p>\n\n\n\n<h3 class=\"wp-block-heading\">Donn\u00e9es \u00e0 caract\u00e8re personnel<\/h3>\n\n\n\n<p>Pour la cr\u00e9ation du compte de l\u2019Utilisateur, la collecte des informations au moment de l\u2019inscription sur le site est n\u00e9cessaire et obligatoire. Conform\u00e9ment \u00e0 la loi n\u00b078-17 du 6 janvier relative \u00e0 l\u2019informatique, aux fichiers et aux libert\u00e9s, la collecte et le traitement d\u2019informations personnelles s\u2019effectuent dans le respect de la vie priv\u00e9e.<\/p>\n\n\n\n<p>Suivant la loi Informatique et Libert\u00e9s en date du 6 janvier 1978, articles 39 et 40, l\u2019Utilisateur dispose du droit d\u2019acc\u00e9der, de rectifier, de supprimer et d\u2019opposer ses donn\u00e9es personnelles. L\u2019exercice de ce droit s\u2019effectue par&nbsp;:<\/p>\n\n\n\n<ul class=\"wp-block-list\">\n<li>Le formulaire de contact ;<\/li>\n\n\n\n<li>Envoi d&rsquo;un courrier \u00e0 l\u2019adresse suivante : ENTRE DEUX ACTIONS<em>, 31 Brulois Chevalier 62232 VENDIN-LES-BETHUNE.<\/em><\/li>\n<\/ul>\n\n\n\n<p>Quand vous laissez un commentaire sur notre site, les donn\u00e9es inscrites dans le formulaire de commentaire, ainsi que votre adresse IP et l\u2019agent utilisateur de votre navigateur sont collect\u00e9s pour nous aider \u00e0 la d\u00e9tection des commentaires ind\u00e9sirables.<\/p>\n\n\n\n<h3 class=\"wp-block-heading\">Utilisation et transmission de vos donn\u00e9es personnelles<\/h3>\n\n\n\n<p>Si vous demandez une r\u00e9initialisation de votre mot de passe, votre adresse IP sera incluse dans l\u2019e-mail de r\u00e9initialisation.<\/p>\n\n\n\n<h3 class=\"wp-block-heading\">Dur\u00e9es de stockage de vos donn\u00e9es<\/h3>\n\n\n\n<p>Si vous laissez un commentaire, le commentaire et ses m\u00e9tadonn\u00e9es sont conserv\u00e9s ind\u00e9finiment. Cela permet de reconna\u00eetre et approuver automatiquement les commentaires suivants au lieu de les laisser dans la file de mod\u00e9ration.<\/p>\n\n\n\n<p>Pour les comptes qui s\u2019inscrivent sur notre site (le cas \u00e9ch\u00e9ant), nous stockons \u00e9galement les donn\u00e9es personnelles indiqu\u00e9es dans leur profil. Tous les comptes peuvent voir, modifier ou supprimer leurs informations personnelles \u00e0 tout moment (\u00e0 l\u2019exception de leur identifiant). Les gestionnaires du site peuvent aussi voir et modifier ces informations.<\/p>\n\n\n\n<h3 class=\"gb-headline gb-headline-8a636c30 gb-headline-text\">Commentaires<\/h3>\n\n\n\n<p>Une cha\u00eene anonymis\u00e9e cr\u00e9\u00e9e \u00e0 partir de votre adresse e-mail (\u00e9galement appel\u00e9e hash) peut \u00eatre envoy\u00e9e au service Gravatar pour v\u00e9rifier si vous utilisez ce dernier. Les clauses de confidentialit\u00e9 du service Gravatar sont disponibles ici&nbsp;: https:\/\/automattic.com\/privacy\/. Apr\u00e8s validation de votre commentaire, votre photo de profil sera visible publiquement \u00e0 cot\u00e9 de votre commentaire.<\/p>\n\n\n\n<h3 class=\"wp-block-heading\">M\u00e9dias<\/h3>\n\n\n\n<p>Si vous t\u00e9l\u00e9versez des images sur le site, nous vous conseillons d\u2019\u00e9viter de t\u00e9l\u00e9verser des images contenant des donn\u00e9es EXIF de coordonn\u00e9es GPS. Les personnes visitant votre site peuvent t\u00e9l\u00e9charger et extraire des donn\u00e9es de localisation depuis ces images.<\/p>\n\n\n\n<h3 class=\"wp-block-heading\">Cookies<\/h3>\n\n\n\n<p><strong class=\"privacy-policy-tutorial\"> <\/strong>Si vous d\u00e9posez un commentaire sur notre site, il vous sera propos\u00e9 d\u2019enregistrer votre nom, adresse e-mail et site dans des cookies. C\u2019est uniquement pour votre confort afin de ne pas avoir \u00e0 saisir ces informations si vous d\u00e9posez un autre commentaire plus tard. Ces cookies expirent au bout d\u2019un an.<\/p>\n\n\n\n<p>Si vous vous rendez sur la page de connexion, un cookie temporaire sera cr\u00e9\u00e9 afin de d\u00e9terminer si votre navigateur accepte les cookies. Il ne contient pas de donn\u00e9es personnelles et sera supprim\u00e9 automatiquement \u00e0 la fermeture de votre navigateur.<\/p>\n\n\n\n<p>Lorsque vous vous connecterez, nous mettrons en place un certain nombre de cookies pour enregistrer vos informations de connexion et vos pr\u00e9f\u00e9rences d\u2019\u00e9cran. La dur\u00e9e de vie d\u2019un cookie de connexion est de deux jours, celle d\u2019un cookie d\u2019option d\u2019\u00e9cran est d\u2019un an. Si vous cochez \u00ab&nbsp;Se souvenir de moi&nbsp;\u00bb, votre cookie de connexion sera conserv\u00e9 pendant deux semaines. Si vous vous d\u00e9connectez de votre compte, le cookie de connexion sera effac\u00e9.<\/p>\n\n\n\n<p>En modifiant ou en publiant une publication, un cookie suppl\u00e9mentaire sera enregistr\u00e9 dans votre navigateur. Ce cookie ne comprend aucune donn\u00e9e personnelle. Il indique simplement l\u2019ID de la publication que vous venez de modifier. Il expire au bout d\u2019un jour.<\/p>\n\n\n\n<h3 class=\"wp-block-heading\">Contenu embarqu\u00e9 depuis d\u2019autres sites<\/h3>\n\n\n\n<p>Les articles de ce site peuvent inclure des contenus int\u00e9gr\u00e9s (par exemple des vid\u00e9os, images, articles\u2026). Le contenu int\u00e9gr\u00e9 depuis d\u2019autres sites se comporte de la m\u00eame mani\u00e8re que si le visiteur se rendait sur cet autre site.<\/p>\n\n\n\n<p>Ces sites web pourraient collecter des donn\u00e9es sur vous, utiliser des cookies, embarquer des outils de suivis tiers, suivre vos interactions avec ces contenus embarqu\u00e9s si vous disposez d\u2019un compte connect\u00e9 sur leur site web.<\/p>\n","protected":false},"excerpt":{"rendered":"<p>Mentions l\u00e9gales, conditions g\u00e9n\u00e9rales d&rsquo;utilisation et politique de confidentialit\u00e9 Qui sommes-nous&nbsp;? L\u2019\u00e9dition du site livresentre2actions.fr est assur\u00e9e par la soci\u00e9t\u00e9 ENTRE DEUX ACTIONS inscrite au RCS d&rsquo;ARRAS sous le num\u00e9ro 48533700000031, dont le si\u00e8ge social est situ\u00e9 au 31, rue BRULOIS CHEVALIER 62232 VENDIN-LES-BETHUNE, France M\u00e9tropolitaine. L\u2019h\u00e9bergeur du site livresentre2actions.fr est la soci\u00e9t\u00e9 OVH, sise &#8230; <a title=\"Mentions l\u00e9gales, CGU et confidentialit\u00e9\" class=\"read-more\" href=\"https:\/\/www.livresentre2actions.fr\/fr_fr\/mentions-legalescgu-et-confidentialite\/\" aria-label=\"En savoir plus sur Mentions l\u00e9gales, CGU et confidentialit\u00e9\">Lire plus<\/a><\/p>\n","protected":false},"author":1,"featured_media":0,"parent":0,"menu_order":0,"comment_status":"closed","ping_status":"closed","template":"","meta":{"_eb_attr":"","footnotes":""},"class_list":["post-5761","page","type-page","status-publish"],"aioseo_notices":[],"_links":{"self":[{"href":"https:\/\/www.livresentre2actions.fr\/fr_fr\/wp-json\/wp\/v2\/pages\/5761","targetHints":{"allow":["GET"]}}],"collection":[{"href":"https:\/\/www.livresentre2actions.fr\/fr_fr\/wp-json\/wp\/v2\/pages"}],"about":[{"href":"https:\/\/www.livresentre2actions.fr\/fr_fr\/wp-json\/wp\/v2\/types\/page"}],"author":[{"embeddable":true,"href":"https:\/\/www.livresentre2actions.fr\/fr_fr\/wp-json\/wp\/v2\/users\/1"}],"replies":[{"embeddable":true,"href":"https:\/\/www.livresentre2actions.fr\/fr_fr\/wp-json\/wp\/v2\/comments?post=5761"}],"version-history":[{"count":0,"href":"https:\/\/www.livresentre2actions.fr\/fr_fr\/wp-json\/wp\/v2\/pages\/5761\/revisions"}],"wp:attachment":[{"href":"https:\/\/www.livresentre2actions.fr\/fr_fr\/wp-json\/wp\/v2\/media?parent=5761"}],"curies":[{"name":"wp","href":"https:\/\/api.w.org\/{rel}","templated":true}]}}