{"id":5739,"date":"2024-10-17T11:02:54","date_gmt":"2024-10-17T09:02:54","guid":{"rendered":"http:\/\/localhost\/livresentre2actions\/?page_id=5739"},"modified":"2024-12-13T10:45:43","modified_gmt":"2024-12-13T09:45:43","slug":"conditions-generales-de-vente-cgv","status":"publish","type":"page","link":"https:\/\/www.livresentre2actions.fr\/fr_fr\/conditions-generales-de-vente-cgv\/","title":{"rendered":"Conditions g\u00e9n\u00e9rales de vente (CGV)"},"content":{"rendered":"\n<h2 class=\"gb-headline gb-headline-fbb5a5ce gb-headline-text\">Conditions g\u00e9n\u00e9rales de vente (CGV)<\/h2>\n\n\n<p align=\"justify\"><span style=\"font-family: Arial, serif;\">Les pr\u00e9sentes conditions de vente sont conclues d\u2019une part par M. DELANNOY GREGORY, g\u00e9rant de la soci\u00e9t\u00e9 ENTRE DEUX ACTIONS, dont le si\u00e8ge social est situ\u00e9 au 31, rue BRULOIS CHEVALIER 62232 VENDIN-LES-BETHUNE immatricul\u00e9e au Registre du Commerce et des Soci\u00e9t\u00e9s d&rsquo;ARRAS sous le num\u00e9ro 48533700000031 <\/span><span style=\"font-family: Arial, serif;\">et g\u00e9rant le site LIVRES ENTRE 2 ACTIONS, https:\/\/www.livresentre2actions.fr, d\u00e9nomm\u00e9e si apr\u00e8s \u00ab\u00a0ENTRE DEUX ACTIONS\u00a0\u00bb<\/span><span style=\"font-family: Arial, serif;\">\u00a0et, d\u2019autre part, par toute personne physique ou morale souhaitant proc\u00e9der \u00e0 un achat via le site internet <a href=\"https:\/\/www.livresentre2actions.fr\">https:\/\/www.livresentre2actions.fr<\/a><\/span><span style=\"font-family: Arial, serif;\">\u00a0d\u00e9nomm\u00e9e ci-apr\u00e8s \u00a0\u00bb l\u2019acheteur \u00ab\u00a0.<\/span><\/p>\n<h3 align=\"justify\"><span style=\"font-family: Arial, serif;\">Objet <\/span><\/h3>\n<p align=\"justify\"><span style=\"font-family: Arial, serif;\">Les pr\u00e9sentes conditions de vente visent \u00e0 d\u00e9finir les relations contractuelles entre ENTRE DEUX ACTIONS<em>\u00a0<\/em><\/span><span style=\"font-family: Arial, serif;\">et l\u2019acheteur et les conditions applicables \u00e0 tout achat effectu\u00e9 par le biais du site internet https:\/\/www.livresentre2actions.fr<\/span><span style=\"font-family: Arial, serif;\">. L\u2019acquisition d\u2019un produit \u00e0 travers le pr\u00e9sent site implique une acceptation sans r\u00e9serve par l\u2019acheteur des pr\u00e9sentes conditions de vente dont l\u2019acheteur reconna\u00eet avoir pris connaissance pr\u00e9alablement \u00e0 sa commande.\u00a0<\/span><\/p>\n<p align=\"justify\"><span style=\"font-family: Arial, serif;\">La soci\u00e9t\u00e9 ENTRE DEUX ACTIONS<\/span><span style=\"color: #ff0000;\"><span style=\"font-family: Arial, serif;\">\u00a0<\/span><\/span><span style=\"font-family: Arial, serif;\">conserve la possibilit\u00e9 de modifier \u00e0 tout moment ces conditions de ventes, afin de respecter toute nouvelle r\u00e9glementation ou dans le but d&rsquo;am\u00e9liorer l\u2019utilisation de son site. De ce fait, les conditions applicables seront celles en vigueur \u00e0 la date de la commande par l\u2019acheteur.<\/span><\/p>\n<h3 align=\"justify\"><span style=\"font-family: Arial, serif;\">Produits <\/span><\/h3>\n<p align=\"justify\"><span style=\"font-family: Arial, serif;\">Les produits propos\u00e9s sont ceux qui figurent sur le site https:\/\/www.livresentre2actions.fr<\/span><span style=\"font-family: Arial, serif;\"> de la soci\u00e9t\u00e9 ENTRE DEUX ACTIONS<\/span><span style=\"color: #ff0000;\"><span style=\"font-family: Arial, serif;\">\u00a0<\/span><\/span><span style=\"font-family: Arial, serif;\">dans la limite des stocks disponibles. La soci\u00e9t\u00e9 ENTRE DEUX ACTIONS<\/span><span style=\"color: #ff0000;\"><span style=\"font-family: Arial, serif;\">\u00a0<\/span><\/span><span style=\"font-family: Arial, serif;\">se r\u00e9serve le droit de modifier \u00e0 tout moment l\u2019assortiment de produits. Chaque produit est pr\u00e9sent\u00e9 sur le site internet sous forme d\u2019un descriptif reprenant ses principales caract\u00e9ristiques techniques <\/span><span style=\"font-family: Arial, serif;\">(titre, auteur, description, \u00e9tat, date de parution\u2026). <\/span><span style=\"font-family: Arial, serif;\">Les photographies sont les plus fid\u00e8les possibles mais n\u2019engagent en rien le vendeur. La vente des produits pr\u00e9sent\u00e9s dans le site https:\/\/www.livresentre2actions.fr <\/span><span style=\"font-family: Arial, serif;\">est destin\u00e9e \u00e0 tous les acheteurs r\u00e9sidant dans les pays qui autorisent pleinement l\u2019entr\u00e9e sur leur territoire de ces produits.<\/span><\/p>\n<h3 align=\"justify\"><span style=\"font-family: Arial, serif;\">Tarifs <\/span><\/h3>\n<p align=\"justify\"><span style=\"font-family: Arial, serif;\">Les prix figurant sur les fiches produits du catalogue internet et sont des prix en Euros (\u20ac) toutes taxes comprises (TTC) tenant compte de la TVA applicable au jour de la commande. Tout changement du taux de la TVA pourra \u00eatre r\u00e9percut\u00e9 sur le prix des produits. La soci\u00e9t\u00e9 ENTRE DEUX ACTIONS<\/span><span style=\"color: #ff0000;\"><span style=\"font-family: Arial, serif;\">\u00a0<\/span><\/span><span style=\"font-family: Arial, serif;\">se r\u00e9serve le droit de modifier ses prix \u00e0 tout moment, \u00e9tant toutefois entendu que le prix figurant au catalogue le jour de la commande sera le seul applicable \u00e0 l\u2019acheteur. Les prix indiqu\u00e9s ne comprennent pas les frais de livraison, factur\u00e9s en suppl\u00e9ment.<\/span><\/p>\n<h3 align=\"justify\"><span style=\"font-family: Arial, serif;\">Commande et modalit\u00e9s de paiement <\/span><\/h3>\n<p align=\"justify\"><span style=\"font-family: Arial, serif;\">Lors de la 1\u00e8re commande, l\u2019acheteur est amen\u00e9 \u00e0 cr\u00e9er un compte sur le site https:\/\/www.livresentre2actions.fr<\/span><span style=\"font-family: Arial, serif;\">. Le\u00a0 compte est cr\u00e9\u00e9 automatiquement lors du checkout et est accessible directement depuis l&rsquo;ent\u00eate du site. A chaque visite, l\u2019acheteur, s\u2019il souhaite commander ou consulter son compte (\u00e9tat des commandes, profil\u2026), devra s\u2019identifier \u00e0 l\u2019aide de ces informations. La soci\u00e9t\u00e9 ENTRE DEUX ACTIONS<\/span><span style=\"color: #ff0000;\"><span style=\"font-family: Arial, serif;\">\u00a0<\/span><\/span><span style=\"font-family: Arial, serif;\">propose \u00e0 l\u2019acheteur de commander et r\u00e9gler ses produits en plusieurs \u00e9tapes, avec 3 options de paiement au choix :<\/span><\/p>\n<p align=\"justify\"><span style=\"font-family: Arial, serif;\"><b>&#8211; Paiement par ch\u00e8que :<\/b><\/span><span style=\"font-family: Arial, serif;\"> l\u2019acheteur s\u00e9lectionne les produits qu\u2019il souhaite commander dans le \u00ab panier \u00bb, modifie si besoin (quantit\u00e9s, r\u00e9f\u00e9rences\u2026), v\u00e9rifie l\u2019adresse de livraison ou en renseigne une nouvelle. Puis, les frais de port sont calcul\u00e9s et soumis \u00e0 l\u2019acheteur, ainsi que le nom du transporteur. Ensuite, l\u2019acheteur choisit le mode de paiement de son choix : \u00ab Paiement par ch\u00e8que \u00bb. Enfin, la derni\u00e8re \u00e9tape lui propose de v\u00e9rifier l\u2019ensemble des informations, prendre connaissance et accepter les pr\u00e9sentes conditions g\u00e9n\u00e9rales de vente en cochant la case correspondante, puis l\u2019invite \u00e0 valider sa commande en cliquant sur le bouton \u00ab Confirmer ma commande \u00bb. Ce dernier clic forme la conclusion d\u00e9finitive du contrat. D\u00e8s validation, l\u2019acheteur re\u00e7oit un bon de commande confirmant l\u2019enregistrement de sa commande. Afin de finaliser son paiement et d\u00e9clencher le traitement de sa commande, l\u2019acheteur doit imprimer ce bon de commande, accompagn\u00e9 de son ch\u00e8que libell\u00e9 \u00e0 l\u2019ordre de \u00ab <em>Entre 2 actions<\/em><\/span><span style=\"color: #ff0000;\"><span style=\"font-family: Arial, serif;\">\u00a0<\/span><\/span><span style=\"font-family: Arial, serif;\">\u00bb \u00e0 l\u2019adresse suivante : ENTRE DEUX ACTIONS<em>, 31 Brulois Chevalier 62232 VENDIN-LES-BETHUNE<\/em><\/span><span style=\"font-family: Arial, serif;\">. Aucun paiement en esp\u00e8ces ne doit \u00eatre envoy\u00e9. Seuls les ch\u00e8ques \u00e9mis par une banque fran\u00e7aise seront accept\u00e9s. D\u00e8s r\u00e9ception du ch\u00e8que, la commande sera trait\u00e9e et l\u2019acheteur en sera inform\u00e9 par email. La soci\u00e9t\u00e9 ENTRE DEUX ACTIONS<\/span><span style=\"color: #ff0000;\"><span style=\"font-family: Arial, serif;\">\u00a0<\/span><\/span><span style=\"font-family: Arial, serif;\">exp\u00e9diera les produits au plus t\u00f4t 2 jours ouvr\u00e9s apr\u00e8s encaissement du ch\u00e8que correspondant \u00e0 la commande, sous r\u00e9serve de provisions.<\/span><\/p>\n<p align=\"justify\"><span style=\"font-family: Arial, serif;\"><b>&#8211; Paiement s\u00e9curis\u00e9 par Paypal ou carte bancaire (via le syst\u00e8me <\/b><\/span><span style=\"font-family: Arial, serif;\"><b>PAYPAL<\/b><\/span><span style=\"font-family: Arial, serif;\"><b>) :<\/b><\/span><span style=\"font-family: Arial, serif;\"> l\u2019acheteur s\u00e9lectionne les produits qu\u2019il souhaite commander dans le \u00ab panier \u00bb, modifie si besoin (quantit\u00e9s, r\u00e9f\u00e9rences\u2026), v\u00e9rifie l\u2019adresse de livraison ou en renseigne une nouvelle. Puis, les frais de port sont calcul\u00e9s et soumis \u00e0 l\u2019acheteur, ainsi que le nom du transporteur. Ensuite, l\u2019acheteur choisit le mode de paiement de son choix : \u00ab Paiement par <\/span><span style=\"font-family: Arial, serif;\">Paypal <\/span><span style=\"font-family: Arial, serif;\">\u00bb. L\u2019\u00e9tape suivante lui propose de v\u00e9rifier l\u2019ensemble des informations, prendre connaissance et accepter les pr\u00e9sentes conditions g\u00e9n\u00e9rales de vente en cochant la case correspondante, puis l\u2019invite \u00e0 valider sa commande en cliquant sur le bouton \u00ab Confirmer ma commande \u00bb. Enfin, l\u2019acheteur est redirig\u00e9 sur l\u2019interface s\u00e9curis\u00e9e <\/span><span style=\"font-family: Arial, serif;\">PAYPAL<\/span><span style=\"font-family: Arial, serif;\"> afin de renseigner en toute s\u00e9curit\u00e9 ses r\u00e9f\u00e9rences de compte <\/span><span style=\"font-family: Arial, serif;\">Paypal<\/span> <span style=\"font-family: Arial, serif;\">ou<\/span><span style=\"font-family: Arial, serif;\"> de carte bleue personnelle. Si le paiement est accept\u00e9, la commande est enregistr\u00e9e et le contrat d\u00e9finitivement form\u00e9. Le paiement par <\/span><span style=\"font-family: Arial, serif;\">compte Paypal <\/span><span style=\"font-family: Arial, serif;\">ou par carte bancaire est irr\u00e9vocable.<\/span><\/p>\n<p align=\"justify\"><span style=\"font-family: Arial, serif;\">La confirmation d\u2019une commande entra\u00eene acceptation des pr\u00e9sentes conditions de vente, la reconnaissance d\u2019en avoir parfaite connaissance et la renonciation \u00e0 se pr\u00e9valoir de ses propres conditions d\u2019achat. L\u2019ensemble des donn\u00e9es fournies et la confirmation enregistr\u00e9e vaudront preuve de la transaction. Si l\u2019acheteur poss\u00e8de une adresse \u00e9lectronique et s\u2019il l\u2019a renseign\u00e9e sur son bon de commande, la soci\u00e9t\u00e9 ENTRE DEUX ACTIONS<\/span><span style=\"color: #ff0000;\"><span style=\"font-family: Arial, serif;\">\u00a0<\/span><\/span><span style=\"font-family: Arial, serif;\">lui communiquera par courrier \u00e9lectronique la confirmation de l\u2019enregistrement de sa commande.<\/span><\/p>\n<p align=\"justify\"><span style=\"font-family: Arial, serif;\">Si l\u2019acheteur souhaite contacter la soci\u00e9t\u00e9 ENTRE DEUX ACTIONS,<\/span><span style=\"color: #ff0000;\"><span style=\"font-family: Arial, serif;\">\u00a0<\/span><\/span><span style=\"font-family: Arial, serif;\">il peut le faire soit par courrier \u00e0 l\u2019adresse suivante : ENTRE DEUX ACTIONS<em>, 31 Brulois Chevalier 62232 VENDIN-LES-BETHUNE<\/em><\/span><span style=\"font-family: Arial, serif;\"> ; soit par email \u00e0 l\u2019adresse suivante : greg.delann@gmail.com, soit par t\u00e9l\u00e9phone au 07 83 59 46 38<\/span><\/p>\n<h3 align=\"justify\"><span style=\"font-family: Arial, serif;\">R\u00e9serve de propri\u00e9t\u00e9 <\/span><\/h3>\n<p align=\"justify\"><span style=\"font-family: Arial, serif;\">La soci\u00e9t\u00e9 ENTRE DEUX ACTIONS<\/span><span style=\"color: #ff0000;\"><span style=\"font-family: Arial, serif;\">\u00a0<\/span><\/span><span style=\"font-family: Arial, serif;\">conserve la propri\u00e9t\u00e9 pleine et enti\u00e8re des produits vendus jusqu&rsquo;au parfait encaissement du prix, frais et taxes compris.<\/span><\/p>\n<h3 align=\"justify\"><span style=\"font-family: Arial, serif;\">R\u00e9tractation <\/span><\/h3>\n<p align=\"justify\"><span style=\"font-family: Arial, serif;\">En vertu de l\u2019article L121-20 du Code de la consommation, l\u2019acheteur dispose d&rsquo;un d\u00e9lai de quatorze jours ouvrables \u00e0 compter de la livraison de leur commande pour exercer son droit de r\u00e9tractation et ainsi faire retour du produit au vendeur pour \u00e9change ou remboursement sans p\u00e9nalit\u00e9, \u00e0 l\u2019exception des frais de retour.<\/span><\/p>\n<p align=\"justify\">Le retour s&rsquo;effectue donc aux frais de l&rsquo;acheteur avec tout le soin n\u00e9cessaire \u00e0 un retour du ou des articles dans leur condition initiale lors de la commande; ce qui suppose un grand soin apport\u00e9 \u00e0 leur emballage (carton, papier bulle, etc.). C&rsquo;est \u00e0 cette condition que le remboursement de la commande sera int\u00e9gralement op\u00e9r\u00e9. Dans le cas contraire, et selon les dommages subis par le ou les articles, nous nous r\u00e9servons le droit de conserver tout ou partie du montant de la commande initiale. Le remboursement int\u00e9gral interviendra donc apr\u00e8s bonne r\u00e9ception du retour de la commande, et apr\u00e8s v\u00e9rification et approbation de l&rsquo;\u00e9tat du ou des articles.<\/p>\n<h3 align=\"justify\"><span style=\"font-family: Arial, serif;\">Livraison <\/span><\/h3>\n<p align=\"justify\"><span style=\"font-family: Arial, serif;\">Les livraisons sont faites \u00e0 l\u2019adresse indiqu\u00e9e sur le bon de commande qui ne peut \u00eatre que dans la zone g\u00e9ographique convenue. Les commandes sont effectu\u00e9es par <\/span><span style=\"font-family: Arial, serif;\">La Poste via COLISSIMO<\/span><span style=\"font-family: Arial, serif;\">, service de livraison avec suivi. Les d\u00e9lais de livraison ne sont donn\u00e9s qu\u2019\u00e0 titre indicatif. La soci\u00e9t\u00e9 ENTRE DEUX ACTIONS<\/span><span style=\"font-family: Arial, serif;\"><em>\u00a0<\/em><\/span><span style=\"font-family: Arial, serif;\">pourra fournir par e-mail \u00e0 l\u2019acheteur le num\u00e9ro de suivi de son colis. L\u2019acheteur est livr\u00e9 \u00e0 son domicile. Les risques li\u00e9s au transport sont \u00e0 la charge de l&rsquo;acqu\u00e9reur \u00e0 compter du moment o\u00f9 les articles quittent les locaux de la soci\u00e9t\u00e9 ENTRE DEUX ACTIONS<em>.<\/em><\/span><span style=\"color: #ff0000;\"><span style=\"font-family: Arial, serif;\">\u00a0<\/span><\/span><span style=\"font-family: Arial, serif;\">L\u2019acheteur est tenu de v\u00e9rifier en pr\u00e9sence du pr\u00e9pos\u00e9 de La Poste ou du livreur, l\u2019\u00e9tat de l\u2019emballage de la marchandise et son contenu \u00e0 la livraison. En cas de dommage pendant le transport, toute protestation doit \u00eatre effectu\u00e9e aupr\u00e8s du transporteur dans un d\u00e9lai de trois jours \u00e0 compter de la livraison.<\/span><\/p>\n<h3 align=\"justify\"><span style=\"font-family: Arial, serif;\">Garantie <\/span><\/h3>\n<p align=\"justify\"><span style=\"font-family: Arial, serif;\">Tous les produits fournis par la soci\u00e9t\u00e9 ENTRE DEUX ACTIONS<\/span><span style=\"color: #ff0000;\"><span style=\"font-family: Arial, serif;\">\u00a0<\/span><\/span><span style=\"font-family: Arial, serif;\">b\u00e9n\u00e9ficient de la garantie l\u00e9gale pr\u00e9vue par les articles 1641 et suivants du Code civil. En cas de non conformit\u00e9 d\u2019un produit vendu, il pourra \u00eatre retourn\u00e9 \u00e0 la soci\u00e9t\u00e9 ENTRE DEUX ACTIONS<\/span>\u00a0<span style=\"font-family: Arial, serif;\">qui le reprendra, l\u2019\u00e9changera ou le remboursera. Toutes les r\u00e9clamations, demandes d\u2019\u00e9change ou de remboursement doivent s\u2019effectuer par voie postale \u00e0 l\u2019adresse suivante :ENTRE DEUX ACTIONS<em>, 31 Brulois Chevalier 62232 VENDIN-LES-BETHUNE<\/em><\/span><span style=\"font-family: Arial, serif;\">, dans un d\u00e9lai de trente jours apr\u00e8s livraison.<\/span><\/p>\n<p align=\"justify\">Le retour s&rsquo;effectue aux frais de l&rsquo;acheteur avec tout le soin n\u00e9cessaire \u00e0 un retour du ou des articles dans leur condition initiale lors de la commande; ce qui suppose un grand soin apport\u00e9 \u00e0 leur emballage (carton, papier bulle, etc.). C&rsquo;est \u00e0 cette condition que le remboursement de la commande sera int\u00e9gralement op\u00e9r\u00e9. Dans le cas contraire, et selon les dommages subis par le ou les articles, nous nous r\u00e9servons le droit de conserver tout ou partie du montant de la commande initiale. Le remboursement int\u00e9gral interviendra donc apr\u00e8s bonne r\u00e9ception du retour de la commande, et apr\u00e8s v\u00e9rification et approbation de l&rsquo;\u00e9tat du ou des articles.<\/p>\n<h3 align=\"justify\"><span style=\"font-family: Arial, serif;\">R\u00e8glement des litiges <\/span><\/h3>\n<p><span style=\"font-family: Arial, serif;\">Les pr\u00e9sentes conditions de vente \u00e0 distance sont soumises \u00e0 la loi fran\u00e7aise. Pour tous litiges ou contentieux, le Tribunal comp\u00e9tent sera celui d&rsquo;Arras.<\/span><\/p>","protected":false},"excerpt":{"rendered":"<p>Conditions g\u00e9n\u00e9rales de vente (CGV) Les pr\u00e9sentes conditions de vente sont conclues d\u2019une part par M. DELANNOY GREGORY, g\u00e9rant de la soci\u00e9t\u00e9 ENTRE DEUX ACTIONS, dont le si\u00e8ge social est situ\u00e9 au 31, rue BRULOIS CHEVALIER 62232 VENDIN-LES-BETHUNE immatricul\u00e9e au Registre du Commerce et des Soci\u00e9t\u00e9s d&rsquo;ARRAS sous le num\u00e9ro 48533700000031 et g\u00e9rant le site &#8230; <a title=\"Conditions g\u00e9n\u00e9rales de vente (CGV)\" class=\"read-more\" href=\"https:\/\/www.livresentre2actions.fr\/fr_fr\/conditions-generales-de-vente-cgv\/\" aria-label=\"En savoir plus sur Conditions g\u00e9n\u00e9rales de vente (CGV)\">Lire plus<\/a><\/p>\n","protected":false},"author":1,"featured_media":0,"parent":0,"menu_order":0,"comment_status":"closed","ping_status":"closed","template":"","meta":{"_eb_attr":"","footnotes":""},"class_list":["post-5739","page","type-page","status-publish"],"aioseo_notices":[],"_links":{"self":[{"href":"https:\/\/www.livresentre2actions.fr\/fr_fr\/wp-json\/wp\/v2\/pages\/5739","targetHints":{"allow":["GET"]}}],"collection":[{"href":"https:\/\/www.livresentre2actions.fr\/fr_fr\/wp-json\/wp\/v2\/pages"}],"about":[{"href":"https:\/\/www.livresentre2actions.fr\/fr_fr\/wp-json\/wp\/v2\/types\/page"}],"author":[{"embeddable":true,"href":"https:\/\/www.livresentre2actions.fr\/fr_fr\/wp-json\/wp\/v2\/users\/1"}],"replies":[{"embeddable":true,"href":"https:\/\/www.livresentre2actions.fr\/fr_fr\/wp-json\/wp\/v2\/comments?post=5739"}],"version-history":[{"count":0,"href":"https:\/\/www.livresentre2actions.fr\/fr_fr\/wp-json\/wp\/v2\/pages\/5739\/revisions"}],"wp:attachment":[{"href":"https:\/\/www.livresentre2actions.fr\/fr_fr\/wp-json\/wp\/v2\/media?parent=5739"}],"curies":[{"name":"wp","href":"https:\/\/api.w.org\/{rel}","templated":true}]}}