{"id":4873,"date":"2024-08-16T10:38:00","date_gmt":"2024-08-16T08:38:00","guid":{"rendered":"http:\/\/localhost\/livresentre2actions2\/?page_id=4873"},"modified":"2025-07-04T15:22:06","modified_gmt":"2025-07-04T13:22:06","slug":"notes-de-version","status":"publish","type":"page","link":"https:\/\/www.livresentre2actions.fr\/fr_fr\/notes-de-version\/","title":{"rendered":"Notes de version"},"content":{"rendered":"\n<p>&nbsp;<\/p>\n\n\n<div class=\"gb-container gb-container-c49ed4a0\">\n\n<p>Version 1.8 &#8211; Date 04\/07\/2025<\/p>\n\n\n\n<hr class=\"wp-block-separator has-alpha-channel-opacity\"\/>\n\n\n\n<ul class=\"wp-block-list\">\n<li>Ajout de la banni\u00e8re de rubriques sur la page du catalogue<\/li>\n\n\n\n<li>Gestion du consentement aux cookies<\/li>\n\n\n\n<li>Ajout Facebook\/Instagram en pied de page<\/li>\n<\/ul>\n\n\n\n<p>Version 1.7 &#8211; Date 19\/04\/2025<\/p>\n\n\n\n<hr class=\"wp-block-separator has-alpha-channel-opacity\"\/>\n\n\n\n<ul class=\"wp-block-list\">\n<li>Gestion des cat\u00e9gories<\/li>\n\n\n\n<li>Inscription \u00e0 la newsletter (flottant et pied de page)<\/li>\n\n\n\n<li>Cr\u00e9ation d&rsquo;une page Agenda<\/li>\n<\/ul>\n\n\n\n<p>Version 1.6 &#8211; Date 05\/02\/2025<\/p>\n\n\n\n<hr class=\"wp-block-separator has-alpha-channel-opacity\"\/>\n\n\n\n<ul class=\"wp-block-list\">\n<li>Modifier l&rsquo;affichage des dimensions<\/li>\n<\/ul>\n\n\n\n<p>Version 1.5 &#8211; Date 23\/01\/2025<\/p>\n\n\n\n<hr class=\"wp-block-separator has-alpha-channel-opacity\"\/>\n\n\n\n<ul class=\"wp-block-list\">\n<li>Ajouter retrait en main propre en mode de livraison<\/li>\n<\/ul>\n\n\n\n<p>Version 1.4 &#8211; Date 20\/01\/2025<\/p>\n\n\n\n<hr class=\"wp-block-separator has-alpha-channel-opacity\"\/>\n\n\n\n<ul class=\"wp-block-list\">\n<li>Afficher les dimensions (hauteur, largeur, poids) sur les pages de validation, panier et produit<\/li>\n<\/ul>\n\n\n\n<p>Version 1.3 &#8211; Date 17\/01\/2025<\/p>\n\n\n\n<hr class=\"wp-block-separator has-alpha-channel-opacity\"\/>\n\n\n\n<ul class=\"wp-block-list\">\n<li>Ajout des informations de livraison alternative sur la page panier<\/li>\n<\/ul>\n\n\n\n<p>Version 1.2 &#8211; Date 09\/01\/2025<\/p>\n\n\n\n<hr class=\"wp-block-separator has-alpha-channel-opacity\"\/>\n\n\n\n<ul class=\"wp-block-list\">\n<li>Ajouter 2FA sur les r\u00f4les administrateur et shopmanager<\/li>\n<\/ul>\n\n\n\n<p>Version 1.1 &#8211; Date 04\/01\/2025<\/p>\n\n\n\n<hr class=\"wp-block-separator has-alpha-channel-opacity\"\/>\n\n\n\n<ul class=\"wp-block-list\">\n<li>Masquer le prix lorsque le livre est vendu<\/li>\n\n\n\n<li>Supprimer la livre sterling en devise sur les livres de la page d&rsquo;accueil<\/li>\n\n\n\n<li>Cr\u00e9ation de la page de Cr\u00e9dits<\/li>\n<\/ul>\n\n\n\n<p>Version 1.0 &#8211; Date 27\/12\/2024<\/p>\n\n\n\n<hr class=\"wp-block-separator has-alpha-channel-opacity\"\/>\n\n\n\n<ul class=\"wp-block-list\">\n<li>Mise en production<\/li>\n\n\n\n<li>Mise en place du reCaptcha sur la page de contact<\/li>\n\n\n\n<li>Optimisation et cache serveur<\/li>\n<\/ul>\n\n\n\n<p>Version 0.6 &#8211; Date 15\/12\/2024<\/p>\n\n\n\n<hr class=\"wp-block-separator has-alpha-channel-opacity\"\/>\n\n\n\n<ul class=\"wp-block-list\">\n<li>Remise de 10% pour 3 livres achet\u00e9s : <ul><li>Suppresion sur la page produit<\/li><\/ul>\n<ul class=\"wp-block-list\">\n<li>Ajout sur les pages de panier de checkout<\/li>\n<\/ul>\n<\/li>\n\n\n\n<li>Filtres du catalogue :\n<ul class=\"wp-block-list\">\n<li>Affichage du filtre sur cat\u00e9gorie<\/li>\n<\/ul>\n<\/li>\n\n\n\n<li>Validation de commande :\n<ul class=\"wp-block-list\">\n<li>Cocher par d\u00e9faut exp\u00e9dier \u00e0 l&rsquo;adresse de facturation et non pas exp\u00e9dier \u00e0 une autre adresse par d\u00e9faut<\/li>\n<\/ul>\n<\/li>\n\n\n\n<li>Design :\n<ul class=\"wp-block-list\">\n<li>Ajouter logo \u00ab\u00a0entre 2 actions\u00a0\u00bb apr\u00e8s librairie ancienne sur la banni\u00e8re d&rsquo;accueil<\/li>\n<\/ul>\n<\/li>\n\n\n\n<li>Page A propos\n<ul class=\"wp-block-list\">\n<li>Ajouter 1\u00e8re de couverture de L&rsquo;automne \u00e0 P\u00e9kin sur la page de contact \u00e0 la place du bloc rouge<\/li>\n<\/ul>\n<\/li>\n\n\n\n<li>Page produit :\n<ul class=\"wp-block-list\">\n<li>Remplacer produits similaires par des livres de la m\u00eame p\u00e9riode sur la page produit<\/li>\n<\/ul>\n<\/li>\n\n\n\n<li>Panier :\n<ul class=\"wp-block-list\">\n<li>Suppression du panier dans le cache client pour \u00e9viter des paniers non vid\u00e9s apr\u00e8s achat<\/li>\n<\/ul>\n<\/li>\n\n\n\n<li>Images :\n<ul class=\"wp-block-list\">\n<li>Ajout du titre, de la description et du texte alternatif pour toutes les images produits existantes<\/li>\n\n\n\n<li>Renommage de toutes les images produits existantes<\/li>\n\n\n\n<li>Renommage \u00e0 la vol\u00e9e d&rsquo;un image lorqu&rsquo;elle est affect\u00e9e \u00e0 un produit<\/li>\n\n\n\n<li>Ajout du titre, de la description et du texte alternatif lors de l&rsquo;upload d&rsquo;une image<\/li>\n\n\n\n<li>Reg\u00e9n\u00e9ration de toutes les thumbnails apr\u00e8s renommage<\/li>\n<\/ul>\n<\/li>\n\n\n\n<li>Internationalisation :\n<ul class=\"wp-block-list\">\n<li>Ajout d&rsquo;un switcher anglais\/fran\u00e7ais dans le menu primaire<\/li>\n\n\n\n<li>Traduction des pages et produits existants<\/li>\n<\/ul>\n<\/li>\n<\/ul>\n\n\n\n<p>Version 0.5 &#8211; Date 06\/12\/2024<\/p>\n\n\n\n<hr class=\"wp-block-separator has-alpha-channel-opacity\"\/>\n\n\n\n<ul class=\"wp-block-list\">\n<li>Remise de 10% pour 3 livres achet\u00e9s : <ul><li>Affichage sur la page produit et sur la page de catalogue, masqu\u00e9 sur les autres pages<\/li><\/ul>\n<ul class=\"wp-block-list\">\n<li>Nouveau style plus sobre<\/li>\n<\/ul>\n<\/li>\n\n\n\n<li>Gestion des frais de livraison : \n<ul class=\"wp-block-list\">\n<li>Correction du bug de calcul des frais de livraison<\/li>\n\n\n\n<li>Automatisation des frais de port sur le panier et la validation de la commande comme suit :\n<ul class=\"wp-block-list\">\n<li>Collissimo suivi contre signature d\u00e8s 100\u20ac d&rsquo;achat<\/li>\n\n\n\n<li>Collissimo suivi sans signature si le panier &lt; 100\u20ac<\/li>\n\n\n\n<li>Frais de port offerts pour toute commande &gt;=300\u20ac pour la France m\u00e9tropolitaire + dom\/tom<\/li>\n<\/ul>\n<\/li>\n\n\n\n<li>Note d&rsquo;informations sur page de validation qui indique que les modes de livraison sans signature et en point de retrait sont dispo sur demande<\/li>\n\n\n\n<li>Ajout de la page de description de la livraison et des retours<\/li>\n<\/ul>\n<\/li>\n\n\n\n<li>Cr\u00e9ation de la page A propos<\/li>\n\n\n\n<li>Design :\n<ul class=\"wp-block-list\">\n<li>Nouvelle version de la banni\u00e8re d&rsquo;accueil :\n<ul class=\"wp-block-list\">\n<li>Bloc de gauche :\n<ul class=\"wp-block-list\">\n<li>Nouveau titre : Livres anciens, rares et pr\u00e9cieux<\/li>\n\n\n\n<li>Nouveau sous-titre : Librairie en ligne<\/li>\n<\/ul>\n<\/li>\n\n\n\n<li>Bloc de droite :\n<ul class=\"wp-block-list\">\n<li>Nouvelle vignette sous forme de livre ancien<\/li>\n<\/ul>\n<\/li>\n<\/ul>\n<\/li>\n\n\n\n<li>Nouveau s\u00e9parateur de bloc sur la page d&rsquo;accueil :\n<ul class=\"wp-block-list\">\n<li>Nouveaut\u00e9s<\/li>\n\n\n\n<li>Catalogue<\/li>\n<\/ul>\n<\/li>\n\n\n\n<li>Suppression des paddings pour une utilisation de toute la largeur et hauteur de l&rsquo;\u00e9cran<\/li>\n<\/ul>\n<\/li>\n\n\n\n<li>Footer :\n<ul class=\"wp-block-list\">\n<li>Ajout des ic\u00f4nes de paiement<\/li>\n<\/ul>\n<\/li>\n<\/ul>\n\n\n\n<p>Version 0.4 &#8211; Date 21\/11\/2024<\/p>\n\n\n\n<hr class=\"wp-block-separator has-alpha-channel-opacity\"\/>\n\n\n\n<ul class=\"wp-block-list\">\n<li>Remise de 10% pour 3 livres achet\u00e9s : <ul><li>Cr\u00e9ation du coupon dans le back-office<\/li><\/ul>\n<ul class=\"wp-block-list\">\n<li>Cr\u00e9ation de la popup sur le front-end<\/li>\n\n\n\n<li>Automatisation de l&rsquo;utilisation du coupon dans le panier et la validation de la commande<\/li>\n<\/ul>\n<\/li>\n\n\n\n<li>Gestion des frais de livraison : \n<ul class=\"wp-block-list\">\n<li>Cr\u00e9ation des zones et classes de livraison dans le back-office<\/li>\n\n\n\n<li>Automatisation des frais de port sur le panier et la validation de la commande comme suit :\n<ul class=\"wp-block-list\">\n<li>Collissimo suivi sans signature jusqu&rsquo;\u00e0 150\u20ac<\/li>\n\n\n\n<li>Collissimo suivi avec signature \u00e0 partir de 150\u20ac<\/li>\n\n\n\n<li>Frais de port offerts pour toute commande &gt;=300\u20ac pour la France m\u00e9tropolitaire + dom\/tom<\/li>\n<\/ul>\n<\/li>\n<\/ul>\n<\/li>\n\n\n\n<li>Configuration de la boutique : <ul><li>Cr\u00e9ation et configuration d&rsquo;un compte Paypal sandbox de test<\/li><\/ul>\n<ul class=\"wp-block-list\">\n<li>Configuration des moyens de paiement suivants :\n<ul class=\"wp-block-list\">\n<li>Carte de d\u00e9bit\/cr\u00e9dit<\/li>\n\n\n\n<li>Paypal<\/li>\n\n\n\n<li>Google pay<\/li>\n\n\n\n<li>Virement bancaire<\/li>\n\n\n\n<li>Ch\u00e8que<\/li>\n<\/ul>\n<\/li>\n<\/ul>\n<\/li>\n\n\n\n<li>Indiquer que le livre est vendu sur la page d&rsquo;accueil, le catalogue et la page produit quand le produit est en rupture de stock<\/li>\n<\/ul>\n\n\n\n<p>Version 0.3 &#8211; Date 21\/10\/2024<\/p>\n\n\n\n<hr class=\"wp-block-separator has-alpha-channel-opacity\"\/>\n\n\n\n<ul class=\"wp-block-list\">\n<li>Ajout de pages : <ul><li>Conditions g\u00e9n\u00e9rales de vente (CGV)Conditions g\u00e9n\u00e9rales d&rsquo;utilisation (CGU)<\/li><\/ul><\/li>\n\n\n\n<li>Mise \u00e0 jour des pages : <ul><li>Accueil : agrandissement de l\\&rsquo;image mise en avant pour chaque livreCatalogue : Ajout d&rsquo;un bloc accord\u00e9on de filtre sur le prix et la p\u00e9riode<\/li><\/ul><\/li>\n\n\n\n<li>Mise \u00e0 jour de l&rsquo;ent\u00eate :<ul><li>Changement de logoAjout d&rsquo;une barre de recherche de livres dans la zone de menu secondaireD\u00e9placement de l&rsquo;ic\u00f4ne de compte sur le menu primaireAlignement \u00e0 droire de la barre de menu secondaire<\/li><\/ul><\/li>\n\n\n\n<li>Mise \u00e0 jour de la page de produit :<ul><li>Ajout d\\&rsquo;une barre lat\u00e9rale d\\&rsquo;affichage des 5 produits les + r\u00e9centsAgrandissement de la zone d\\&rsquo;affichage de l\\&rsquo;image<\/li><\/ul><\/li>\n\n\n\n<li>Panier : <ul><li>Affichage d\\&rsquo;un r\u00e9capitulatif lat\u00e9ral apr\u00e8s chaque ajout au panierAffichage en bas \u00e0 droite d\\&rsquo;un bouton d\\&rsquo;affichage du panier avec quantit\u00e9 ajout\u00e9e<\/li><\/ul><\/li>\n\n\n\n<li>Responsive :<ul><li>Affichage du site pour tablettes et smartphones<\/li><\/ul><\/li>\n<\/ul>\n\n\n\n<p>Version 0.2 &#8211; Date 16\/08\/2024<\/p>\n\n\n\n<hr class=\"wp-block-separator has-alpha-channel-opacity\"\/>\n\n\n\n<ul class=\"wp-block-list\">\n<li>Ajout d&rsquo;un favicon<\/li>\n\n\n\n<li>Mise \u00e0 jour de la charte graphique :\n<ul class=\"wp-block-list\">\n<li>Couleurs :\n<ul class=\"wp-block-list\">\n<li>Rouge : #D8293A<\/li>\n\n\n\n<li>Marron : #875538<\/li>\n\n\n\n<li>Cr\u00e8me : #edcaa3<\/li>\n\n\n\n<li>Blanc : #ffffff<\/li>\n<\/ul>\n<\/li>\n\n\n\n<li>Marron \u00e9clairci \u00e0 10%<\/li>\n\n\n\n<li>Couleur et forme des boutons hors catalogue harmonis\u00e9s<\/li>\n\n\n\n<li>Couleur et forme des boutons du catalogue harmonis\u00e9s<\/li>\n<\/ul>\n<\/li>\n\n\n\n<li>Mise \u00e0 jour bas de page avec infos de contact<\/li>\n\n\n\n<li>Cr\u00e9ation de la page du catalogue avec filtre sur prix<\/li>\n\n\n\n<li>Mise \u00e0 jour de page de produit :\n<ul class=\"wp-block-list\">\n<li>Sans smart boutons d&rsquo;achat<\/li>\n\n\n\n<li>Nouvelle structure :\n<ol class=\"wp-block-list\">\n<li>Fil d&rsquo;Ariane<\/li>\n\n\n\n<li>Titre pleine largeur<\/li>\n\n\n\n<li>Photos pleine largeur avec liste des photos disponibles en diaporama<\/li>\n\n\n\n<li>Description pleine largeur<\/li>\n\n\n\n<li>Prix et ajout au panier align\u00e9 \u00e0 droite<\/li>\n\n\n\n<li>Produits similaires<\/li>\n<\/ol>\n<\/li>\n\n\n\n<li>Suppression de la quantit\u00e9 (fix\u00e9 \u00e0 1)<\/li>\n\n\n\n<li>Suppression des avis<\/li>\n\n\n\n<li>Ajout du texte \u00ab\u00a0Merci de nous contacter si vous souhaitez obtenir des photos suppl\u00e9mentaires\u00a0\u00bb en l\u00e9gende<\/li>\n\n\n\n<li>Nouveau fil d&rsquo;Ariane avec \u00ab\u00a0Catalogue\u00a0\u00bb \u00e0 la place de \u00ab\u00a0Non class\u00e9\u00a0\u00bb<\/li>\n<\/ul>\n<\/li>\n\n\n\n<li>Mise \u00e0 jour de page d&rsquo;accueil :\n<ul class=\"wp-block-list\">\n<li>Mise \u00e0 jour du bandeau sans infos de contact<\/li>\n\n\n\n<li>Suppression des mises en avant<\/li>\n\n\n\n<li>Ajout du bloc des 3 derniers livres<\/li>\n\n\n\n<li>Ajout du bloc des 9 livres suivants class\u00e9s du plus r\u00e9cent au plus ancien<\/li>\n\n\n\n<li>Ajout du bouton d&rsquo;acc\u00e8s au catalogue<\/li>\n<\/ul>\n<\/li>\n\n\n\n<li>Cr\u00e9ation de la page de contact<\/li>\n<\/ul>\n\n<\/div>","protected":false},"excerpt":{"rendered":"<p>&nbsp; Version 1.8 &#8211; Date 04\/07\/2025 Version 1.7 &#8211; Date 19\/04\/2025 Version 1.6 &#8211; Date 05\/02\/2025 Version 1.5 &#8211; Date 23\/01\/2025 Version 1.4 &#8211; Date 20\/01\/2025 Version 1.3 &#8211; Date 17\/01\/2025 Version 1.2 &#8211; Date 09\/01\/2025 Version 1.1 &#8211; Date 04\/01\/2025 Version 1.0 &#8211; Date 27\/12\/2024 Version 0.6 &#8211; Date 15\/12\/2024 Version 0.5 &#8211; Date &#8230; <a title=\"Notes de version\" class=\"read-more\" href=\"https:\/\/www.livresentre2actions.fr\/fr_fr\/notes-de-version\/\" aria-label=\"En savoir plus sur Notes de version\">Lire plus<\/a><\/p>\n","protected":false},"author":1,"featured_media":0,"parent":0,"menu_order":0,"comment_status":"closed","ping_status":"closed","template":"","meta":{"_eb_attr":"","footnotes":""},"class_list":["post-4873","page","type-page","status-publish"],"aioseo_notices":[],"_links":{"self":[{"href":"https:\/\/www.livresentre2actions.fr\/fr_fr\/wp-json\/wp\/v2\/pages\/4873","targetHints":{"allow":["GET"]}}],"collection":[{"href":"https:\/\/www.livresentre2actions.fr\/fr_fr\/wp-json\/wp\/v2\/pages"}],"about":[{"href":"https:\/\/www.livresentre2actions.fr\/fr_fr\/wp-json\/wp\/v2\/types\/page"}],"author":[{"embeddable":true,"href":"https:\/\/www.livresentre2actions.fr\/fr_fr\/wp-json\/wp\/v2\/users\/1"}],"replies":[{"embeddable":true,"href":"https:\/\/www.livresentre2actions.fr\/fr_fr\/wp-json\/wp\/v2\/comments?post=4873"}],"version-history":[{"count":0,"href":"https:\/\/www.livresentre2actions.fr\/fr_fr\/wp-json\/wp\/v2\/pages\/4873\/revisions"}],"wp:attachment":[{"href":"https:\/\/www.livresentre2actions.fr\/fr_fr\/wp-json\/wp\/v2\/media?parent=4873"}],"curies":[{"name":"wp","href":"https:\/\/api.w.org\/{rel}","templated":true}]}}